{"id":5427,"date":"2023-02-02T08:37:12","date_gmt":"2023-02-02T08:37:12","guid":{"rendered":"https:\/\/bullet24.pro\/?post_type=product&#038;p=5427"},"modified":"2024-10-06T20:11:45","modified_gmt":"2024-10-06T20:11:45","slug":"atl01-mini-guida-picatinny","status":"publish","type":"product","link":"https:\/\/bullet24.pro\/de\/product\/atl01-mini-guida-picatinny\/","title":{"rendered":"Contessa Mounts ATL01 \u2013 Tactical Ring Adapter &#8211; Mini Picatinny Rail"},"content":{"rendered":"","protected":false},"excerpt":{"rendered":"<p>Contessa Mounts Schiene f\u00fcr Taschenlampen und rote Punkte f\u00fcr taktische Ringe STR und einteilige taktische Halterungen SBT. Schrauben und Schl\u00fcssel geliefert, um es zu montieren.<\/p>\n","protected":false},"featured_media":6499,"template":"","meta":[],"product_brand":[],"product_cat":[248,471,477],"product_tag":[],"class_list":{"0":"post-5427","1":"product","2":"type-product","3":"status-publish","4":"has-post-thumbnail","6":"product_cat-zielfernrohr-montagen","7":"product_cat-zubehoer-sm","8":"product_cat-adapter","10":"first","11":"instock","12":"shipping-taxable","13":"purchasable","14":"product-type-simple"},"_links":{"self":[{"href":"https:\/\/bullet24.pro\/de\/wp-json\/wp\/v2\/product\/5427","targetHints":{"allow":["GET"]}}],"collection":[{"href":"https:\/\/bullet24.pro\/de\/wp-json\/wp\/v2\/product"}],"about":[{"href":"https:\/\/bullet24.pro\/de\/wp-json\/wp\/v2\/types\/product"}],"wp:featuredmedia":[{"embeddable":true,"href":"https:\/\/bullet24.pro\/de\/wp-json\/wp\/v2\/media\/6499"}],"wp:attachment":[{"href":"https:\/\/bullet24.pro\/de\/wp-json\/wp\/v2\/media?parent=5427"}],"wp:term":[{"taxonomy":"product_brand","embeddable":true,"href":"https:\/\/bullet24.pro\/de\/wp-json\/wp\/v2\/product_brand?post=5427"},{"taxonomy":"product_cat","embeddable":true,"href":"https:\/\/bullet24.pro\/de\/wp-json\/wp\/v2\/product_cat?post=5427"},{"taxonomy":"product_tag","embeddable":true,"href":"https:\/\/bullet24.pro\/de\/wp-json\/wp\/v2\/product_tag?post=5427"}],"curies":[{"name":"wp","href":"https:\/\/api.w.org\/{rel}","templated":true}]}}