{"id":5473,"date":"2023-02-02T12:55:57","date_gmt":"2023-02-02T12:55:57","guid":{"rendered":"https:\/\/bullet24.pro\/?post_type=product&#038;p=5473"},"modified":"2024-10-06T19:21:34","modified_gmt":"2024-10-06T19:21:34","slug":"sbt02-20-simple-black-tactical-qr","status":"publish","type":"product","link":"https:\/\/bullet24.pro\/de\/product\/sbt02-20-simple-black-tactical-qr\/","title":{"rendered":"Contessa Mounts SBT02\/20 \u2013 SIMPLE BLACK TACTICAL QR"},"content":{"rendered":"","protected":false},"excerpt":{"rendered":"<p>Contessa Mounts SBT02\/20 &#8211; Monolithische QD-Montage f\u00fcr Picatinny-Schienen mit Ringen und Libelle. F\u00fcr taktische und Wettbewerb Gewehre, entwickelt, um die beste Leistung zu gew\u00e4hrleisten. Von Contessa Mounts patentiertes Schnellwechselsystem, das die R\u00fcckkehr zum Nullpunkt zwischen zwei Ausl\u00f6sungen garantiert. Ringgr\u00f6\u00dfe: \u00f8 30 mm, 20 MOA. Verf\u00fcgbare Farben: schwarz, gr\u00fcn, desert, braun, camouflage.<br \/>\nIn unserem Lager nur in SCHWARZ verf\u00fcgbar. Alle anderen Farben sind auf Bestellung erh\u00e4ltlich<\/p>\n","protected":false},"featured_media":5679,"template":"","meta":[],"product_brand":[],"product_cat":[248,472,480,530],"product_tag":[],"class_list":{"0":"post-5473","1":"product","2":"type-product","3":"status-publish","4":"has-post-thumbnail","6":"product_cat-zielfernrohr-montagen","7":"product_cat-complete-mounts-de","8":"product_cat-picatinny-de","9":"product_cat-tactical-de","11":"first","12":"instock","13":"shipping-taxable","14":"purchasable","15":"product-type-simple"},"_links":{"self":[{"href":"https:\/\/bullet24.pro\/de\/wp-json\/wp\/v2\/product\/5473","targetHints":{"allow":["GET"]}}],"collection":[{"href":"https:\/\/bullet24.pro\/de\/wp-json\/wp\/v2\/product"}],"about":[{"href":"https:\/\/bullet24.pro\/de\/wp-json\/wp\/v2\/types\/product"}],"wp:featuredmedia":[{"embeddable":true,"href":"https:\/\/bullet24.pro\/de\/wp-json\/wp\/v2\/media\/5679"}],"wp:attachment":[{"href":"https:\/\/bullet24.pro\/de\/wp-json\/wp\/v2\/media?parent=5473"}],"wp:term":[{"taxonomy":"product_brand","embeddable":true,"href":"https:\/\/bullet24.pro\/de\/wp-json\/wp\/v2\/product_brand?post=5473"},{"taxonomy":"product_cat","embeddable":true,"href":"https:\/\/bullet24.pro\/de\/wp-json\/wp\/v2\/product_cat?post=5473"},{"taxonomy":"product_tag","embeddable":true,"href":"https:\/\/bullet24.pro\/de\/wp-json\/wp\/v2\/product_tag?post=5473"}],"curies":[{"name":"wp","href":"https:\/\/api.w.org\/{rel}","templated":true}]}}