{"id":5485,"date":"2023-02-02T13:14:42","date_gmt":"2023-02-02T13:14:42","guid":{"rendered":"https:\/\/bullet24.pro\/?post_type=product&#038;p=5485"},"modified":"2025-11-17T15:11:35","modified_gmt":"2025-11-17T15:11:35","slug":"sbt03fw-simple-black-tactical-qr-cantilever-oe34mm","status":"publish","type":"product","link":"https:\/\/bullet24.pro\/de\/product\/sbt03fw-simple-black-tactical-qr-cantilever-oe34mm\/","title":{"rendered":"Contessa Mounts SBT03FW \u2013 SIMPLE BLACK TACTICAL QR CANTILEVER \u00f834MM"},"content":{"rendered":"","protected":false},"excerpt":{"rendered":"<p>Contessa Mounts SBT03FW &#8211; Monolithische Montage f\u00fcr Picatinny-Schienen mit Ringen und Ebene. F\u00fcr taktische und Wettkampfgewehre, entwickelt, um die beste Leistung zu garantieren. Von Contessa Mounts patentiertes Schnellwechselsystem, das die R\u00fcckkehr zum Nullpunkt zwischen zwei Ausl\u00f6sungen garantiert. Ringgr\u00f6\u00dfe: \u00f8 34 mm, 0 MOA. Verf\u00fcgbare Farben: schwarz, gr\u00fcn, desert, braun, camouflage.<br \/>\nIn unserem Lager nur in SCHWARZ verf\u00fcgbar. Alle anderen Farben sind auf Bestellung erh\u00e4ltlich.<\/p>\n","protected":false},"featured_media":5670,"template":"","meta":[],"product_brand":[],"product_cat":[248,472,480,530],"product_tag":[],"class_list":{"0":"post-5485","1":"product","2":"type-product","3":"status-publish","4":"has-post-thumbnail","6":"product_cat-zielfernrohr-montagen","7":"product_cat-complete-mounts-de","8":"product_cat-picatinny-de","9":"product_cat-tactical-de","11":"first","12":"onbackorder","13":"shipping-taxable","14":"purchasable","15":"product-type-simple"},"_links":{"self":[{"href":"https:\/\/bullet24.pro\/de\/wp-json\/wp\/v2\/product\/5485","targetHints":{"allow":["GET"]}}],"collection":[{"href":"https:\/\/bullet24.pro\/de\/wp-json\/wp\/v2\/product"}],"about":[{"href":"https:\/\/bullet24.pro\/de\/wp-json\/wp\/v2\/types\/product"}],"wp:featuredmedia":[{"embeddable":true,"href":"https:\/\/bullet24.pro\/de\/wp-json\/wp\/v2\/media\/5670"}],"wp:attachment":[{"href":"https:\/\/bullet24.pro\/de\/wp-json\/wp\/v2\/media?parent=5485"}],"wp:term":[{"taxonomy":"product_brand","embeddable":true,"href":"https:\/\/bullet24.pro\/de\/wp-json\/wp\/v2\/product_brand?post=5485"},{"taxonomy":"product_cat","embeddable":true,"href":"https:\/\/bullet24.pro\/de\/wp-json\/wp\/v2\/product_cat?post=5485"},{"taxonomy":"product_tag","embeddable":true,"href":"https:\/\/bullet24.pro\/de\/wp-json\/wp\/v2\/product_tag?post=5485"}],"curies":[{"name":"wp","href":"https:\/\/api.w.org\/{rel}","templated":true}]}}