{"id":5517,"date":"2023-02-02T13:54:54","date_gmt":"2023-02-02T13:54:54","guid":{"rendered":"https:\/\/bullet24.pro\/?post_type=product&#038;p=5517"},"modified":"2024-10-06T19:45:38","modified_gmt":"2024-10-06T19:45:38","slug":"sbtfx04-simple-black-tactical-fx-oe1%e2%80%b3","status":"publish","type":"product","link":"https:\/\/bullet24.pro\/de\/product\/sbtfx04-simple-black-tactical-fx-oe1%e2%80%b3\/","title":{"rendered":"Contessa Mounts SBTFX04 \u2013 SIMPLE BLACK TACTICAL FX \u00f81\u2033"},"content":{"rendered":"","protected":false},"excerpt":{"rendered":"<p>Contessa Mounts SBTFX04 &#8211; SIMPLE BLACK TACTICAL FX \u00f81\u2033. Solide monolithische Montage f\u00fcr Picatinny-Schienen mit Ringen und Libelle. F\u00fcr taktische und Wettkampfgewehre, entwickelt, um die beste Leistung zu garantieren.<br \/>\nRinggr\u00f6\u00dfe: \u00f8 1&#8243;, 0 MOA<br \/>\nVerf\u00fcgbare Farben: schwarz, gr\u00fcn, desert, braun, camouflage.<\/p>\n","protected":false},"featured_media":5658,"template":"","meta":[],"product_brand":[],"product_cat":[248,472,480,530],"product_tag":[],"class_list":{"0":"post-5517","1":"product","2":"type-product","3":"status-publish","4":"has-post-thumbnail","6":"product_cat-zielfernrohr-montagen","7":"product_cat-complete-mounts-de","8":"product_cat-picatinny-de","9":"product_cat-tactical-de","11":"first","12":"onbackorder","13":"shipping-taxable","14":"purchasable","15":"product-type-simple"},"_links":{"self":[{"href":"https:\/\/bullet24.pro\/de\/wp-json\/wp\/v2\/product\/5517","targetHints":{"allow":["GET"]}}],"collection":[{"href":"https:\/\/bullet24.pro\/de\/wp-json\/wp\/v2\/product"}],"about":[{"href":"https:\/\/bullet24.pro\/de\/wp-json\/wp\/v2\/types\/product"}],"wp:featuredmedia":[{"embeddable":true,"href":"https:\/\/bullet24.pro\/de\/wp-json\/wp\/v2\/media\/5658"}],"wp:attachment":[{"href":"https:\/\/bullet24.pro\/de\/wp-json\/wp\/v2\/media?parent=5517"}],"wp:term":[{"taxonomy":"product_brand","embeddable":true,"href":"https:\/\/bullet24.pro\/de\/wp-json\/wp\/v2\/product_brand?post=5517"},{"taxonomy":"product_cat","embeddable":true,"href":"https:\/\/bullet24.pro\/de\/wp-json\/wp\/v2\/product_cat?post=5517"},{"taxonomy":"product_tag","embeddable":true,"href":"https:\/\/bullet24.pro\/de\/wp-json\/wp\/v2\/product_tag?post=5517"}],"curies":[{"name":"wp","href":"https:\/\/api.w.org\/{rel}","templated":true}]}}