{"id":5543,"date":"2023-02-02T15:13:09","date_gmt":"2023-02-02T15:13:09","guid":{"rendered":"https:\/\/bullet24.pro\/?post_type=product&#038;p=5543"},"modified":"2026-03-02T17:40:10","modified_gmt":"2026-03-02T17:40:10","slug":"sp03-oe30mm-h7-5mm","status":"publish","type":"product","link":"https:\/\/bullet24.pro\/de\/product\/sp03-oe30mm-h7-5mm\/","title":{"rendered":"Contessa Mounts SP03 \u2013 \u00f830mm, H7.5mm"},"content":{"rendered":"","protected":false},"excerpt":{"rendered":"<p>Contessa Mounts Paar Ersatzringe \u00f8 30 mm, H 7,5 mm, f\u00fcr Zielfernrohrmontagemodelle: SB01 \u2013 Simple Black LR, SB02 \u2013 Simple Black SBA, SBP01 \u2013 Simple Black Picatinny, SBB02 \u2013 Simple Black BLS<\/p>\n<p>indikatives Foto, das nicht unbedingt der Beschreibung entspricht<\/p>\n","protected":false},"featured_media":6521,"template":"","meta":[],"product_brand":[],"product_cat":[248,470,476,473,484,508],"product_tag":[],"class_list":{"0":"post-5543","1":"product","2":"type-product","3":"status-publish","4":"has-post-thumbnail","6":"product_cat-zielfernrohr-montagen","7":"product_cat-ersatzteile","8":"product_cat-ringe-ersatzteile","9":"product_cat-ringe","10":"product_cat-durchmesse","11":"product_cat-30-mm-de","13":"first","14":"instock","15":"shipping-taxable","16":"purchasable","17":"product-type-simple"},"_links":{"self":[{"href":"https:\/\/bullet24.pro\/de\/wp-json\/wp\/v2\/product\/5543","targetHints":{"allow":["GET"]}}],"collection":[{"href":"https:\/\/bullet24.pro\/de\/wp-json\/wp\/v2\/product"}],"about":[{"href":"https:\/\/bullet24.pro\/de\/wp-json\/wp\/v2\/types\/product"}],"wp:featuredmedia":[{"embeddable":true,"href":"https:\/\/bullet24.pro\/de\/wp-json\/wp\/v2\/media\/6521"}],"wp:attachment":[{"href":"https:\/\/bullet24.pro\/de\/wp-json\/wp\/v2\/media?parent=5543"}],"wp:term":[{"taxonomy":"product_brand","embeddable":true,"href":"https:\/\/bullet24.pro\/de\/wp-json\/wp\/v2\/product_brand?post=5543"},{"taxonomy":"product_cat","embeddable":true,"href":"https:\/\/bullet24.pro\/de\/wp-json\/wp\/v2\/product_cat?post=5543"},{"taxonomy":"product_tag","embeddable":true,"href":"https:\/\/bullet24.pro\/de\/wp-json\/wp\/v2\/product_tag?post=5543"}],"curies":[{"name":"wp","href":"https:\/\/api.w.org\/{rel}","templated":true}]}}