{"id":5610,"date":"2023-02-02T16:40:00","date_gmt":"2023-02-02T16:40:00","guid":{"rendered":"https:\/\/bullet24.pro\/?post_type=product&#038;p=5610"},"modified":"2024-10-07T11:49:34","modified_gmt":"2024-10-07T11:49:34","slug":"sp14-bls-oe40mm-h8mm","status":"publish","type":"product","link":"https:\/\/bullet24.pro\/de\/product\/sp14-bls-oe40mm-h8mm\/","title":{"rendered":"Contessa Mounts SP14- BLS \u2013 \u00f840mm H8mm"},"content":{"rendered":"","protected":false},"excerpt":{"rendered":"<p>Contessa Mounts Paar Ersatzringe \u00f8 40 mm, H 8 mm, <strong>f\u00fcr Original Blaser Sattelmontage.<\/strong> Achtung! Nicht geeignet f\u00fcr alte Sattelmontagemodelle mit 7 mm Ringbefestigungsloch.<\/p>\n<p>indikatives Foto, das nicht unbedingt der Beschreibung entspricht<\/p>\n","protected":false},"featured_media":6521,"template":"","meta":[],"product_brand":[],"product_cat":[248,470,476,473,484,504],"product_tag":[],"class_list":{"0":"post-5610","1":"product","2":"type-product","3":"status-publish","4":"has-post-thumbnail","6":"product_cat-zielfernrohr-montagen","7":"product_cat-ersatzteile","8":"product_cat-ringe-ersatzteile","9":"product_cat-ringe","10":"product_cat-durchmesse","11":"product_cat-40-mm-de","13":"first","14":"onbackorder","15":"shipping-taxable","16":"purchasable","17":"product-type-simple"},"_links":{"self":[{"href":"https:\/\/bullet24.pro\/de\/wp-json\/wp\/v2\/product\/5610","targetHints":{"allow":["GET"]}}],"collection":[{"href":"https:\/\/bullet24.pro\/de\/wp-json\/wp\/v2\/product"}],"about":[{"href":"https:\/\/bullet24.pro\/de\/wp-json\/wp\/v2\/types\/product"}],"wp:featuredmedia":[{"embeddable":true,"href":"https:\/\/bullet24.pro\/de\/wp-json\/wp\/v2\/media\/6521"}],"wp:attachment":[{"href":"https:\/\/bullet24.pro\/de\/wp-json\/wp\/v2\/media?parent=5610"}],"wp:term":[{"taxonomy":"product_brand","embeddable":true,"href":"https:\/\/bullet24.pro\/de\/wp-json\/wp\/v2\/product_brand?post=5610"},{"taxonomy":"product_cat","embeddable":true,"href":"https:\/\/bullet24.pro\/de\/wp-json\/wp\/v2\/product_cat?post=5610"},{"taxonomy":"product_tag","embeddable":true,"href":"https:\/\/bullet24.pro\/de\/wp-json\/wp\/v2\/product_tag?post=5610"}],"curies":[{"name":"wp","href":"https:\/\/api.w.org\/{rel}","templated":true}]}}