{"id":5616,"date":"2023-02-02T16:47:00","date_gmt":"2023-02-02T16:47:00","guid":{"rendered":"https:\/\/bullet24.pro\/?post_type=product&#038;p=5616"},"modified":"2025-01-16T16:46:24","modified_gmt":"2025-01-16T16:46:24","slug":"eb01-picatinny-adapter-for-night-vision-devices","status":"publish","type":"product","link":"https:\/\/bullet24.pro\/de\/product\/eb01-picatinny-adapter-for-night-vision-devices\/","title":{"rendered":"Contessa Mounts EB01 \u2013 Picatinny adapter for Night Vision devices"},"content":{"rendered":"","protected":false},"excerpt":{"rendered":"<p>Contessa Mounts Picatinny-Schienenadapter aus geh\u00e4rtetem Stahl f\u00fcr Nachtsichtger\u00e4te f\u00fcr QR-Montagen SB02, SBP01.<br \/>\nSchrauben und Schl\u00fcssel f\u00fcr die Montage werden mitgeliefert.<\/p>\n","protected":false},"featured_media":6525,"template":"","meta":[],"product_brand":[],"product_cat":[248,471,477],"product_tag":[],"class_list":{"0":"post-5616","1":"product","2":"type-product","3":"status-publish","4":"has-post-thumbnail","6":"product_cat-zielfernrohr-montagen","7":"product_cat-zubehoer-sm","8":"product_cat-adapter","10":"first","11":"onbackorder","12":"shipping-taxable","13":"purchasable","14":"product-type-simple"},"_links":{"self":[{"href":"https:\/\/bullet24.pro\/de\/wp-json\/wp\/v2\/product\/5616","targetHints":{"allow":["GET"]}}],"collection":[{"href":"https:\/\/bullet24.pro\/de\/wp-json\/wp\/v2\/product"}],"about":[{"href":"https:\/\/bullet24.pro\/de\/wp-json\/wp\/v2\/types\/product"}],"wp:featuredmedia":[{"embeddable":true,"href":"https:\/\/bullet24.pro\/de\/wp-json\/wp\/v2\/media\/6525"}],"wp:attachment":[{"href":"https:\/\/bullet24.pro\/de\/wp-json\/wp\/v2\/media?parent=5616"}],"wp:term":[{"taxonomy":"product_brand","embeddable":true,"href":"https:\/\/bullet24.pro\/de\/wp-json\/wp\/v2\/product_brand?post=5616"},{"taxonomy":"product_cat","embeddable":true,"href":"https:\/\/bullet24.pro\/de\/wp-json\/wp\/v2\/product_cat?post=5616"},{"taxonomy":"product_tag","embeddable":true,"href":"https:\/\/bullet24.pro\/de\/wp-json\/wp\/v2\/product_tag?post=5616"}],"curies":[{"name":"wp","href":"https:\/\/api.w.org\/{rel}","templated":true}]}}