{"id":5619,"date":"2023-02-02T16:50:17","date_gmt":"2023-02-02T16:50:17","guid":{"rendered":"https:\/\/bullet24.pro\/?post_type=product&#038;p=5619"},"modified":"2025-07-08T07:47:50","modified_gmt":"2025-07-08T07:47:50","slug":"ebb02-picatinny-adapter-for-night-vision-devices","status":"publish","type":"product","link":"https:\/\/bullet24.pro\/de\/product\/ebb02-picatinny-adapter-for-night-vision-devices\/","title":{"rendered":"Contessa Mounts EBB02 \u2013 Picatinny adapter for Night Vision devices"},"content":{"rendered":"","protected":false},"excerpt":{"rendered":"<p>Contessa Mounts Picatinny-Schienenadapter aus geh\u00e4rtetem Stahl f\u00fcr Nachtsichtger\u00e4te f\u00fcr BLASER-Montage SBB02<br \/>\nSchrauben und Schl\u00fcssel f\u00fcr die Montage werden mitgeliefert.<\/p>\n","protected":false},"featured_media":6528,"template":"","meta":[],"product_brand":[],"product_cat":[248,471,477],"product_tag":[],"class_list":{"0":"post-5619","1":"product","2":"type-product","3":"status-publish","4":"has-post-thumbnail","6":"product_cat-zielfernrohr-montagen","7":"product_cat-zubehoer-sm","8":"product_cat-adapter","10":"first","11":"instock","12":"shipping-taxable","13":"purchasable","14":"product-type-simple"},"_links":{"self":[{"href":"https:\/\/bullet24.pro\/de\/wp-json\/wp\/v2\/product\/5619","targetHints":{"allow":["GET"]}}],"collection":[{"href":"https:\/\/bullet24.pro\/de\/wp-json\/wp\/v2\/product"}],"about":[{"href":"https:\/\/bullet24.pro\/de\/wp-json\/wp\/v2\/types\/product"}],"wp:featuredmedia":[{"embeddable":true,"href":"https:\/\/bullet24.pro\/de\/wp-json\/wp\/v2\/media\/6528"}],"wp:attachment":[{"href":"https:\/\/bullet24.pro\/de\/wp-json\/wp\/v2\/media?parent=5619"}],"wp:term":[{"taxonomy":"product_brand","embeddable":true,"href":"https:\/\/bullet24.pro\/de\/wp-json\/wp\/v2\/product_brand?post=5619"},{"taxonomy":"product_cat","embeddable":true,"href":"https:\/\/bullet24.pro\/de\/wp-json\/wp\/v2\/product_cat?post=5619"},{"taxonomy":"product_tag","embeddable":true,"href":"https:\/\/bullet24.pro\/de\/wp-json\/wp\/v2\/product_tag?post=5619"}],"curies":[{"name":"wp","href":"https:\/\/api.w.org\/{rel}","templated":true}]}}