{"id":5625,"date":"2023-02-02T16:56:15","date_gmt":"2023-02-02T16:56:15","guid":{"rendered":"https:\/\/bullet24.pro\/?post_type=product&#038;p=5625"},"modified":"2025-01-16T16:42:31","modified_gmt":"2025-01-16T16:42:31","slug":"pr01-rd-picatinny-adapter","status":"publish","type":"product","link":"https:\/\/bullet24.pro\/de\/product\/pr01-rd-picatinny-adapter\/","title":{"rendered":"Contessa Mounts PR01 \u2013 RD PICATINNY ADAPTER"},"content":{"rendered":"","protected":false},"excerpt":{"rendered":"<p>Contessa Mounts Picatinny-Schienenadapter aus geh\u00e4rtetem Stahl f\u00fcr Red Dots f\u00fcr QR-Montagen: SB02, SBP01.<br \/>\nSchrauben und Schl\u00fcssel f\u00fcr die Montage werden mitgeliefert.<\/p>\n","protected":false},"featured_media":6534,"template":"","meta":[],"product_brand":[],"product_cat":[248,471,477],"product_tag":[],"class_list":{"0":"post-5625","1":"product","2":"type-product","3":"status-publish","4":"has-post-thumbnail","6":"product_cat-zielfernrohr-montagen","7":"product_cat-zubehoer-sm","8":"product_cat-adapter","10":"first","11":"onbackorder","12":"shipping-taxable","13":"purchasable","14":"product-type-simple"},"_links":{"self":[{"href":"https:\/\/bullet24.pro\/de\/wp-json\/wp\/v2\/product\/5625","targetHints":{"allow":["GET"]}}],"collection":[{"href":"https:\/\/bullet24.pro\/de\/wp-json\/wp\/v2\/product"}],"about":[{"href":"https:\/\/bullet24.pro\/de\/wp-json\/wp\/v2\/types\/product"}],"wp:featuredmedia":[{"embeddable":true,"href":"https:\/\/bullet24.pro\/de\/wp-json\/wp\/v2\/media\/6534"}],"wp:attachment":[{"href":"https:\/\/bullet24.pro\/de\/wp-json\/wp\/v2\/media?parent=5625"}],"wp:term":[{"taxonomy":"product_brand","embeddable":true,"href":"https:\/\/bullet24.pro\/de\/wp-json\/wp\/v2\/product_brand?post=5625"},{"taxonomy":"product_cat","embeddable":true,"href":"https:\/\/bullet24.pro\/de\/wp-json\/wp\/v2\/product_cat?post=5625"},{"taxonomy":"product_tag","embeddable":true,"href":"https:\/\/bullet24.pro\/de\/wp-json\/wp\/v2\/product_tag?post=5625"}],"curies":[{"name":"wp","href":"https:\/\/api.w.org\/{rel}","templated":true}]}}