{"id":6312,"date":"2023-02-05T10:40:06","date_gmt":"2023-02-05T10:40:06","guid":{"rendered":"https:\/\/bullet24.pro\/?post_type=product&#038;p=6312"},"modified":"2025-06-12T12:56:34","modified_gmt":"2025-06-12T12:56:34","slug":"rifle-cleaning-kit-cal-7-6-5-270","status":"publish","type":"product","link":"https:\/\/bullet24.pro\/de\/product\/rifle-cleaning-kit-cal-7-6-5-270\/","title":{"rendered":"Stil Crin &#8211; RIFLE CLEANING KIT CAL. 7\/6.5\/270"},"content":{"rendered":"","protected":false},"excerpt":{"rendered":"<p>Stil Crin &#8211; Reinigungsset mit pvc-beschichtetem Stahlstab \u00d84mm oder 5mm 3St\u00fcck &#8211; 3 B\u00fcrsten CAL. 7\/6.5\/270<\/p>\n","protected":false},"featured_media":6307,"template":"","meta":[],"product_brand":[],"product_cat":[244,245,453],"product_tag":[],"class_list":{"0":"post-6312","1":"product","2":"type-product","3":"status-publish","4":"has-post-thumbnail","6":"product_cat-reinigung-und-pflege","7":"product_cat-reinigungsset","8":"product_cat-schrotflinte","10":"first","11":"instock","12":"shipping-taxable","13":"purchasable","14":"product-type-simple"},"_links":{"self":[{"href":"https:\/\/bullet24.pro\/de\/wp-json\/wp\/v2\/product\/6312","targetHints":{"allow":["GET"]}}],"collection":[{"href":"https:\/\/bullet24.pro\/de\/wp-json\/wp\/v2\/product"}],"about":[{"href":"https:\/\/bullet24.pro\/de\/wp-json\/wp\/v2\/types\/product"}],"wp:featuredmedia":[{"embeddable":true,"href":"https:\/\/bullet24.pro\/de\/wp-json\/wp\/v2\/media\/6307"}],"wp:attachment":[{"href":"https:\/\/bullet24.pro\/de\/wp-json\/wp\/v2\/media?parent=6312"}],"wp:term":[{"taxonomy":"product_brand","embeddable":true,"href":"https:\/\/bullet24.pro\/de\/wp-json\/wp\/v2\/product_brand?post=6312"},{"taxonomy":"product_cat","embeddable":true,"href":"https:\/\/bullet24.pro\/de\/wp-json\/wp\/v2\/product_cat?post=6312"},{"taxonomy":"product_tag","embeddable":true,"href":"https:\/\/bullet24.pro\/de\/wp-json\/wp\/v2\/product_tag?post=6312"}],"curies":[{"name":"wp","href":"https:\/\/api.w.org\/{rel}","templated":true}]}}