{"id":6324,"date":"2023-02-05T10:50:59","date_gmt":"2023-02-05T10:50:59","guid":{"rendered":"https:\/\/bullet24.pro\/?post_type=product&#038;p=6324"},"modified":"2025-08-22T10:14:46","modified_gmt":"2025-08-22T10:14:46","slug":"rifle-cleaning-kit-cal-11mm-for-10-3x60r-10-3x68-mag","status":"publish","type":"product","link":"https:\/\/bullet24.pro\/de\/product\/rifle-cleaning-kit-cal-11mm-for-10-3x60r-10-3x68-mag\/","title":{"rendered":"Stil Crin &#8211; RIFLE CLEANING KIT CAL.11mm (for 10.3x60R, 10.3&#215;68 Mag. &#038; .416)"},"content":{"rendered":"","protected":false},"excerpt":{"rendered":"<p>Stil Crin &#8211; Reinigungsset mit Messingstab \u00d86mm 3tlg. mit T-Griff &#8211; 3 B\u00fcrsten, CAL.11mm (f\u00fcr 10.3x60R, 10.3&#215;68 Mag. &amp; .416)<\/p>\n","protected":false},"featured_media":9268,"template":"","meta":[],"product_brand":[],"product_cat":[244,245,453],"product_tag":[],"class_list":{"0":"post-6324","1":"product","2":"type-product","3":"status-publish","4":"has-post-thumbnail","6":"product_cat-reinigung-und-pflege","7":"product_cat-reinigungsset","8":"product_cat-schrotflinte","10":"first","11":"instock","12":"shipping-taxable","13":"purchasable","14":"product-type-simple"},"_links":{"self":[{"href":"https:\/\/bullet24.pro\/de\/wp-json\/wp\/v2\/product\/6324","targetHints":{"allow":["GET"]}}],"collection":[{"href":"https:\/\/bullet24.pro\/de\/wp-json\/wp\/v2\/product"}],"about":[{"href":"https:\/\/bullet24.pro\/de\/wp-json\/wp\/v2\/types\/product"}],"wp:featuredmedia":[{"embeddable":true,"href":"https:\/\/bullet24.pro\/de\/wp-json\/wp\/v2\/media\/9268"}],"wp:attachment":[{"href":"https:\/\/bullet24.pro\/de\/wp-json\/wp\/v2\/media?parent=6324"}],"wp:term":[{"taxonomy":"product_brand","embeddable":true,"href":"https:\/\/bullet24.pro\/de\/wp-json\/wp\/v2\/product_brand?post=6324"},{"taxonomy":"product_cat","embeddable":true,"href":"https:\/\/bullet24.pro\/de\/wp-json\/wp\/v2\/product_cat?post=6324"},{"taxonomy":"product_tag","embeddable":true,"href":"https:\/\/bullet24.pro\/de\/wp-json\/wp\/v2\/product_tag?post=6324"}],"curies":[{"name":"wp","href":"https:\/\/api.w.org\/{rel}","templated":true}]}}