{"id":6397,"date":"2023-02-05T13:25:08","date_gmt":"2023-02-05T13:25:08","guid":{"rendered":"https:\/\/bullet24.pro\/?post_type=product&#038;p=6397"},"modified":"2024-10-09T13:36:03","modified_gmt":"2024-10-09T13:36:03","slug":"gun-cleaning-brushes-ga12","status":"publish","type":"product","link":"https:\/\/bullet24.pro\/de\/product\/gun-cleaning-brushes-ga12\/","title":{"rendered":"Stil Crin &#8211; GUN CLEANING BRUSHES GA12"},"content":{"rendered":"","protected":false},"excerpt":{"rendered":"<p>Stil Crin &#8211; Set 3 Ersatzb\u00fcrsten: wei\u00dfe Wolle &#8211; Bronze &#8211; spiralf\u00f6rmige Bronze KAL. 12<\/p>\n","protected":false},"featured_media":6395,"template":"","meta":[],"product_brand":[],"product_cat":[244,452,445],"product_tag":[],"class_list":{"0":"post-6397","1":"product","2":"type-product","3":"status-publish","4":"has-post-thumbnail","6":"product_cat-reinigung-und-pflege","7":"product_cat-handfeuerwaffen","8":"product_cat-verbrauchsmaterial","10":"first","11":"instock","12":"shipping-taxable","13":"purchasable","14":"product-type-simple"},"_links":{"self":[{"href":"https:\/\/bullet24.pro\/de\/wp-json\/wp\/v2\/product\/6397","targetHints":{"allow":["GET"]}}],"collection":[{"href":"https:\/\/bullet24.pro\/de\/wp-json\/wp\/v2\/product"}],"about":[{"href":"https:\/\/bullet24.pro\/de\/wp-json\/wp\/v2\/types\/product"}],"wp:featuredmedia":[{"embeddable":true,"href":"https:\/\/bullet24.pro\/de\/wp-json\/wp\/v2\/media\/6395"}],"wp:attachment":[{"href":"https:\/\/bullet24.pro\/de\/wp-json\/wp\/v2\/media?parent=6397"}],"wp:term":[{"taxonomy":"product_brand","embeddable":true,"href":"https:\/\/bullet24.pro\/de\/wp-json\/wp\/v2\/product_brand?post=6397"},{"taxonomy":"product_cat","embeddable":true,"href":"https:\/\/bullet24.pro\/de\/wp-json\/wp\/v2\/product_cat?post=6397"},{"taxonomy":"product_tag","embeddable":true,"href":"https:\/\/bullet24.pro\/de\/wp-json\/wp\/v2\/product_tag?post=6397"}],"curies":[{"name":"wp","href":"https:\/\/api.w.org\/{rel}","templated":true}]}}