{"id":6451,"date":"2023-02-05T14:21:18","date_gmt":"2023-02-05T14:21:18","guid":{"rendered":"https:\/\/bullet24.pro\/?post_type=product&#038;p=6451"},"modified":"2024-10-09T13:37:51","modified_gmt":"2024-10-09T13:37:51","slug":"helical-steel-brush-ga12","status":"publish","type":"product","link":"https:\/\/bullet24.pro\/de\/product\/helical-steel-brush-ga12\/","title":{"rendered":"Stil Crin &#8211; HELICAL STEEL BRUSH GA12"},"content":{"rendered":"","protected":false},"excerpt":{"rendered":"<p>Stil Crin &#8211; Spiralf\u00f6rmige Stahlb\u00fcrste f\u00fcr SHOTGUN CAL. 12<\/p>\n","protected":false},"featured_media":6449,"template":"","meta":[],"product_brand":[],"product_cat":[244,452,445],"product_tag":[],"class_list":{"0":"post-6451","1":"product","2":"type-product","3":"status-publish","4":"has-post-thumbnail","6":"product_cat-reinigung-und-pflege","7":"product_cat-handfeuerwaffen","8":"product_cat-verbrauchsmaterial","10":"first","11":"instock","12":"shipping-taxable","13":"purchasable","14":"product-type-simple"},"_links":{"self":[{"href":"https:\/\/bullet24.pro\/de\/wp-json\/wp\/v2\/product\/6451","targetHints":{"allow":["GET"]}}],"collection":[{"href":"https:\/\/bullet24.pro\/de\/wp-json\/wp\/v2\/product"}],"about":[{"href":"https:\/\/bullet24.pro\/de\/wp-json\/wp\/v2\/types\/product"}],"wp:featuredmedia":[{"embeddable":true,"href":"https:\/\/bullet24.pro\/de\/wp-json\/wp\/v2\/media\/6449"}],"wp:attachment":[{"href":"https:\/\/bullet24.pro\/de\/wp-json\/wp\/v2\/media?parent=6451"}],"wp:term":[{"taxonomy":"product_brand","embeddable":true,"href":"https:\/\/bullet24.pro\/de\/wp-json\/wp\/v2\/product_brand?post=6451"},{"taxonomy":"product_cat","embeddable":true,"href":"https:\/\/bullet24.pro\/de\/wp-json\/wp\/v2\/product_cat?post=6451"},{"taxonomy":"product_tag","embeddable":true,"href":"https:\/\/bullet24.pro\/de\/wp-json\/wp\/v2\/product_tag?post=6451"}],"curies":[{"name":"wp","href":"https:\/\/api.w.org\/{rel}","templated":true}]}}