{"id":6675,"date":"2023-02-09T17:50:51","date_gmt":"2023-02-09T17:50:51","guid":{"rendered":"https:\/\/bullet24.pro\/?post_type=product&#038;p=6675"},"modified":"2025-08-06T17:56:20","modified_gmt":"2025-08-06T17:56:20","slug":"gpo-passion-ed-8x56-black","status":"publish","type":"product","link":"https:\/\/bullet24.pro\/de\/product\/gpo-passion-ed-8x56-black\/","title":{"rendered":"GPO PASSION\u2122 ED 8\u00d756 Black"},"content":{"rendered":"[vc_row type=&#8220;in_container&#8220; full_screen_row_position=&#8220;middle&#8220; column_margin=&#8220;default&#8220; column_direction=&#8220;default&#8220; column_direction_tablet=&#8220;default&#8220; column_direction_phone=&#8220;default&#8220; scene_position=&#8220;center&#8220; bottom_padding=&#8220;6%&#8220; text_color=&#8220;dark&#8220; text_align=&#8220;left&#8220; row_border_radius=&#8220;none&#8220; row_border_radius_applies=&#8220;bg&#8220; overflow=&#8220;visible&#8220; overlay_strength=&#8220;0.3&#8243; gradient_direction=&#8220;left_to_right&#8220; shape_divider_position=&#8220;bottom&#8220; bg_image_animation=&#8220;none&#8220; gradient_type=&#8220;default&#8220; shape_type=&#8220;&#8220;][vc_column column_padding=&#8220;no-extra-padding&#8220; column_padding_tablet=&#8220;inherit&#8220; column_padding_phone=&#8220;inherit&#8220; column_padding_position=&#8220;all&#8220; column_element_direction_desktop=&#8220;default&#8220; column_element_spacing=&#8220;default&#8220; desktop_text_alignment=&#8220;default&#8220; tablet_text_alignment=&#8220;default&#8220; phone_text_alignment=&#8220;default&#8220; background_color_opacity=&#8220;1&#8243; background_hover_color_opacity=&#8220;1&#8243; column_backdrop_filter=&#8220;none&#8220; column_shadow=&#8220;none&#8220; column_border_radius=&#8220;none&#8220; column_link_target=&#8220;_self&#8220; column_position=&#8220;default&#8220; gradient_direction=&#8220;left_to_right&#8220; overlay_strength=&#8220;0.3&#8243; width=&#8220;1\/1&#8243; tablet_width_inherit=&#8220;default&#8220; animation_type=&#8220;default&#8220; bg_image_animation=&#8220;none&#8220; border_type=&#8220;simple&#8220; column_border_width=&#8220;none&#8220; column_border_style=&#8220;solid&#8220;][vc_column_text]\n<table>\n<tbody>\n<tr>\n<td>Prism type<\/td>\n<td>.<\/td>\n<td>Abbe-K\u00f6nig<\/td>\n<\/tr>\n<tr>\n<td>Magnification<\/td>\n<td>.<\/td>\n<td>8x<\/td>\n<\/tr>\n<tr>\n<td>Field of view (FOV) at 1.000y<\/td>\n<td>.<\/td>\n<td>386<\/td>\n<\/tr>\n<tr>\n<td>Field of view (FOV) at 1.000m<\/td>\n<td>.<\/td>\n<td>129<\/td>\n<\/tr>\n<tr>\n<td>Objective diameter (mm)<\/td>\n<td>Effective diameter<\/td>\n<td>56<\/td>\n<\/tr>\n<tr>\n<td>Ocular diameter (mm)<\/td>\n<td>Effective diameter<\/td>\n<td>23,7<\/td>\n<\/tr>\n<tr>\n<td>Exit pupil diameter (mm)<\/td>\n<td>Measurement of the pupilary ocular beam<\/td>\n<td>7<\/td>\n<\/tr>\n<tr>\n<td>Eye Relief (inches)<\/td>\n<td>From the last optical surface<\/td>\n<td>0,7<\/td>\n<\/tr>\n<tr>\n<td>Eye Relief (mm)<\/td>\n<td>From the last optical surface<\/td>\n<td>20<\/td>\n<\/tr>\n<tr>\n<td>Housing<\/td>\n<td>Main body and hinge<\/td>\n<td>magnesium<\/td>\n<\/tr>\n<tr>\n<td>Close focus (feet)<\/td>\n<td>Shortest focal distance<\/td>\n<td>7,5<\/td>\n<\/tr>\n<tr>\n<td>Close focus (meters)<\/td>\n<td>Shortest focal distance<\/td>\n<td>2,3<\/td>\n<\/tr>\n<tr>\n<td>Inter pupilary distance (IPD)<\/td>\n<td>Center pupil to center pupil measurement<\/td>\n<td>57 \u2013 75<\/td>\n<\/tr>\n<tr>\n<td>Dioptric compensation range<\/td>\n<td>.<\/td>\n<td>-2,5\/+2,5<\/td>\n<\/tr>\n<tr>\n<td>Waterproof<\/td>\n<td>Mbars \/ cm<\/td>\n<td>100<\/td>\n<\/tr>\n<tr>\n<td>Transmission Daylight<\/td>\n<td>ISO 14490-5:2005<\/td>\n<td>92%<\/td>\n<\/tr>\n<tr>\n<td>Height (inches)<\/td>\n<td>Without covers<\/td>\n<td>2,6<\/td>\n<\/tr>\n<tr>\n<td>Height (mm)<\/td>\n<td>Without covers<\/td>\n<td>67<\/td>\n<\/tr>\n<tr>\n<td>Weight (ounces)<\/td>\n<td>Without covers<\/td>\n<td>.<\/td>\n<\/tr>\n<tr>\n<td>Weight (grams)<\/td>\n<td>Without covers<\/td>\n<td>.<\/td>\n<\/tr>\n<tr>\n<td>Lentgh (inches)<\/td>\n<td>At outside diameter<\/td>\n<td>7,5<\/td>\n<\/tr>\n<tr>\n<td>Lentgh (mm)<\/td>\n<td>At outside diameter<\/td>\n<td>192<\/td>\n<\/tr>\n<tr>\n<td>Width (inches)<\/td>\n<td>Fully extended<\/td>\n<td>6,2<\/td>\n<\/tr>\n<tr>\n<td>Width (mm)<\/td>\n<td>Fully extended<\/td>\n<td>158<\/td>\n<\/tr>\n<tr>\n<td>Accessories included with the purchase<\/td>\n<td>.<\/td>\n<td>instruction manual, cleaning cloth, hard<br \/>\ncase, neoprene neck strap, hard case<br \/>\nstrap, objective covers, ocular covers<\/td>\n<\/tr>\n<\/tbody>\n<\/table>\n[\/vc_column_text][\/vc_column][\/vc_row]\n","protected":false},"excerpt":{"rendered":"<p>Unsere PASSION\u2122 8x\/10x 56mm Modelle sind unser spezielles Angebot f\u00fcr diejenigen, die eine ausgezeichnete Leistung selbst bei schlechten Lichtverh\u00e4ltnissen zu einem vern\u00fcnftigen Preis m\u00f6chten. Das gesamte Geh\u00e4use ist aus Magnesium gefertigt. Dank Mehrschichtverg\u00fctungen und angepasster Optik bieten sie ein gro\u00dfes Sehfeld, hohe Randsch\u00e4rfe und Transmissionswerte sowie eine verk\u00fcrzte Nahfokussierung. Ihre Robustheit und optische Leistung machen sie zu einzigartigen Leistungstr\u00e4gern in ihrer Klasse. Beide Modelle verf\u00fcgen \u00fcber ein Magnesiumgeh\u00e4use, Drehaugenmuscheln und hochwertiges Zubeh\u00f6r. In Bezug auf das Geh\u00e4usematerial wurden keine Kompromisse gemacht und auch in dieser Preisklasse wurden nur hochwertigertigste Materialien wie Magnesium verwendet. Sie werden es schwer haben, ein vergleichbar ausgestattetes Fernglas in dieser Preisklasse zu finden. 10 Jahre Garantie auf Mechanik und Optik.<\/p>\n","protected":false},"featured_media":6673,"template":"","meta":[],"product_brand":[],"product_cat":[394,437,444],"product_tag":[],"class_list":{"0":"post-6675","1":"product","2":"type-product","3":"status-publish","4":"has-post-thumbnail","6":"product_cat-optik","7":"product_cat-beobachtungsoptiken","8":"product_cat-fernglaeser","10":"first","11":"onbackorder","12":"shipping-taxable","13":"purchasable","14":"product-type-simple"},"_links":{"self":[{"href":"https:\/\/bullet24.pro\/de\/wp-json\/wp\/v2\/product\/6675","targetHints":{"allow":["GET"]}}],"collection":[{"href":"https:\/\/bullet24.pro\/de\/wp-json\/wp\/v2\/product"}],"about":[{"href":"https:\/\/bullet24.pro\/de\/wp-json\/wp\/v2\/types\/product"}],"wp:featuredmedia":[{"embeddable":true,"href":"https:\/\/bullet24.pro\/de\/wp-json\/wp\/v2\/media\/6673"}],"wp:attachment":[{"href":"https:\/\/bullet24.pro\/de\/wp-json\/wp\/v2\/media?parent=6675"}],"wp:term":[{"taxonomy":"product_brand","embeddable":true,"href":"https:\/\/bullet24.pro\/de\/wp-json\/wp\/v2\/product_brand?post=6675"},{"taxonomy":"product_cat","embeddable":true,"href":"https:\/\/bullet24.pro\/de\/wp-json\/wp\/v2\/product_cat?post=6675"},{"taxonomy":"product_tag","embeddable":true,"href":"https:\/\/bullet24.pro\/de\/wp-json\/wp\/v2\/product_tag?post=6675"}],"curies":[{"name":"wp","href":"https:\/\/api.w.org\/{rel}","templated":true}]}}