{"id":6714,"date":"2023-02-09T19:34:26","date_gmt":"2023-02-09T19:34:26","guid":{"rendered":"https:\/\/bullet24.pro\/?post_type=product&#038;p=6714"},"modified":"2025-08-06T17:47:40","modified_gmt":"2025-08-06T17:47:40","slug":"gpo-passion-hd-10x50","status":"publish","type":"product","link":"https:\/\/bullet24.pro\/de\/product\/gpo-passion-hd-10x50\/","title":{"rendered":"GPO PASSION\u2122 HD 10\u00d750"},"content":{"rendered":"[vc_row type=&#8220;in_container&#8220; full_screen_row_position=&#8220;middle&#8220; column_margin=&#8220;default&#8220; column_direction=&#8220;default&#8220; column_direction_tablet=&#8220;default&#8220; column_direction_phone=&#8220;default&#8220; scene_position=&#8220;center&#8220; bottom_padding=&#8220;6%&#8220; text_color=&#8220;dark&#8220; text_align=&#8220;left&#8220; row_border_radius=&#8220;none&#8220; row_border_radius_applies=&#8220;bg&#8220; overflow=&#8220;visible&#8220; overlay_strength=&#8220;0.3&#8243; gradient_direction=&#8220;left_to_right&#8220; shape_divider_position=&#8220;bottom&#8220; bg_image_animation=&#8220;none&#8220; gradient_type=&#8220;default&#8220; shape_type=&#8220;&#8220;][vc_column column_padding=&#8220;no-extra-padding&#8220; column_padding_tablet=&#8220;inherit&#8220; column_padding_phone=&#8220;inherit&#8220; column_padding_position=&#8220;all&#8220; column_element_direction_desktop=&#8220;default&#8220; column_element_spacing=&#8220;default&#8220; desktop_text_alignment=&#8220;default&#8220; tablet_text_alignment=&#8220;default&#8220; phone_text_alignment=&#8220;default&#8220; background_color_opacity=&#8220;1&#8243; background_hover_color_opacity=&#8220;1&#8243; column_backdrop_filter=&#8220;none&#8220; column_shadow=&#8220;none&#8220; column_border_radius=&#8220;none&#8220; column_link_target=&#8220;_self&#8220; column_position=&#8220;default&#8220; gradient_direction=&#8220;left_to_right&#8220; overlay_strength=&#8220;0.3&#8243; width=&#8220;1\/1&#8243; tablet_width_inherit=&#8220;default&#8220; animation_type=&#8220;default&#8220; bg_image_animation=&#8220;none&#8220; border_type=&#8220;simple&#8220; column_border_width=&#8220;none&#8220; column_border_style=&#8220;solid&#8220;][vc_column_text]\n<table>\n<tbody>\n<tr>\n<td>Prism type<\/td>\n<td>.<\/td>\n<td>Schmidt-Pechan<\/td>\n<\/tr>\n<tr>\n<td>Magnification<\/td>\n<td>.<\/td>\n<td>10x<\/td>\n<\/tr>\n<tr>\n<td>Field of view (FOV) at 1.000y<\/td>\n<td>.<\/td>\n<td>309<\/td>\n<\/tr>\n<tr>\n<td>Field of view (FOV) at 1.000m<\/td>\n<td>.<\/td>\n<td>103<\/td>\n<\/tr>\n<tr>\n<td>Objective diameter (mm)<\/td>\n<td>Effective diameter<\/td>\n<td>50<\/td>\n<\/tr>\n<tr>\n<td>Ocular diameter (mm)<\/td>\n<td>Effective diameter<\/td>\n<td>24,2<\/td>\n<\/tr>\n<tr>\n<td>Exit pupil diameter (mm)<\/td>\n<td>Measurement of the pupilary ocular beam<\/td>\n<td>5<\/td>\n<\/tr>\n<tr>\n<td>Eye Relief (inches)<\/td>\n<td>From the last optical surface<\/td>\n<td>0,77<\/td>\n<\/tr>\n<tr>\n<td>Eye Relief (mm)<\/td>\n<td>From the last optical surface<\/td>\n<td>19,5<\/td>\n<\/tr>\n<tr>\n<td>Housing<\/td>\n<td>Main body and hinge<\/td>\n<td>magnesium<\/td>\n<\/tr>\n<tr>\n<td>Close focus (feet)<\/td>\n<td>Shortest focal distance<\/td>\n<td>9,2<\/td>\n<\/tr>\n<tr>\n<td>Close focus (meters)<\/td>\n<td>Shortest focal distance<\/td>\n<td>2,8<\/td>\n<\/tr>\n<tr>\n<td>Inter pupilary distance (IPD)<\/td>\n<td>Center pupil to center pupil measurement<\/td>\n<td>58 \u2013 76<\/td>\n<\/tr>\n<tr>\n<td>Dioptric compensation range<\/td>\n<td>.<\/td>\n<td>-2,5\/+2,5<\/td>\n<\/tr>\n<tr>\n<td>Waterproof<\/td>\n<td>Mbars<\/td>\n<td>300<\/td>\n<\/tr>\n<tr>\n<td>Transmission Daylight<\/td>\n<td>ISO 14490-5:2005<\/td>\n<td>92%<\/td>\n<\/tr>\n<tr>\n<td>Height (inches)<\/td>\n<td>Without covers<\/td>\n<td>2,5<\/td>\n<\/tr>\n<tr>\n<td>Height (mm)<\/td>\n<td>Without covers<\/td>\n<td>64<\/td>\n<\/tr>\n<tr>\n<td>Weight (ounces)<\/td>\n<td>Without covers<\/td>\n<td>33,8<\/td>\n<\/tr>\n<tr>\n<td>Weight (grams)<\/td>\n<td>Without covers<\/td>\n<td>960<\/td>\n<\/tr>\n<tr>\n<td>Lentgh (inches)<\/td>\n<td>At outside diameter<\/td>\n<td>6,9<\/td>\n<\/tr>\n<tr>\n<td>Lentgh (mm)<\/td>\n<td>At outside diameter<\/td>\n<td>175<\/td>\n<\/tr>\n<tr>\n<td>Width (inches)<\/td>\n<td>Fully extended<\/td>\n<td>5,3<\/td>\n<\/tr>\n<tr>\n<td>Width (mm)<\/td>\n<td>Fully extended<\/td>\n<td>135<\/td>\n<\/tr>\n<tr>\n<td>Accessories included with the purchase<\/td>\n<td>.<\/td>\n<td>instruction manual, cleaning cloth, hard<br \/>\ncase, neoprene neck strap, hard case<br \/>\nstrap, objective covers, ocular covers<\/td>\n<\/tr>\n<\/tbody>\n<\/table>\n[\/vc_column_text][\/vc_column][\/vc_row]\n","protected":false},"excerpt":{"rendered":"<p>PASSION\u2122 HD-Produkte stellen die absolute Premiumklasse von GPO dar. HD-Optikdesign kombiniert mit modernsten Mehrschichtverg\u00fctungen schafft optische Exzellenz in Transmission, Sehfeld, Randsch\u00e4rfe, Nahfokus und Farbwiedergabe. Dank unserer wasserabweisenden Beschichtung PASSIONdrop\u2122 sind alle Optiken schmutz- und wasserabweisend. Die innovative Mikrobr\u00fccke bietet eine hohe Qualit\u00e4t und ein sehr ergonomisches Design. Das Magnesiumgeh\u00e4use, die beschichtete Magnesiumbr\u00fccke und die Aluminium-Drehaugenmuscheln bieten maximale Robustheit bei minimalem Gewicht.<\/p>\n<p>Die Dioptrieneinstellung wurde in das zentrale Fokussierrad integriert, um eine komfortable Handhabung zu gew\u00e4hrleisten. Wenn Sie bei der Qualit\u00e4t Ihres Fernglases keine Kompromisse eingehen wollen und ein \u00e4u\u00dferst faires Preis-Leistungs-Verh\u00e4ltnis suchen, werden Sie hier f\u00fcndig.<\/p>\n<p>Die Modelle der PASSION 8,5x\/10x und 12,5\u00d750 Serie verf\u00fcgen \u00fcber ein Magnesiumgeh\u00e4use um Ihnen bestm\u00f6gliche Materialien zu bieten. Die Drehaugenmuscheln wurde als Aluminium Vollmaterial gefertigt und gew\u00e4hrleisten Robustheit und pr\u00e4zise Einstellung. Alles in Allem erhalten Sie hier ein Fernglas der Spitzenklasse zu einem unschlagbaren Preis- Leistungsverh\u00e4ltnis.<\/p>\n<p>Zu erw\u00e4hnen ist die Balance die auch die hochvergr\u00f6\u00dfernden Ferngl\u00e4ser 10x und 12,5\u00d750 aufweisen. Durch die optimierte Ausbalancierung wurde die Bildunruhe maximal reduziert. Sie werden nicht merken das Sie eine 12,5x Vergr\u00f6\u00dferung verwenden. 10 Jahre Garantie auf Mechanik und Optik.<\/p>\n","protected":false},"featured_media":6700,"template":"","meta":[],"product_brand":[],"product_cat":[394,437,444],"product_tag":[],"class_list":{"0":"post-6714","1":"product","2":"type-product","3":"status-publish","4":"has-post-thumbnail","6":"product_cat-optik","7":"product_cat-beobachtungsoptiken","8":"product_cat-fernglaeser","10":"first","11":"onbackorder","12":"shipping-taxable","13":"purchasable","14":"product-type-simple"},"_links":{"self":[{"href":"https:\/\/bullet24.pro\/de\/wp-json\/wp\/v2\/product\/6714","targetHints":{"allow":["GET"]}}],"collection":[{"href":"https:\/\/bullet24.pro\/de\/wp-json\/wp\/v2\/product"}],"about":[{"href":"https:\/\/bullet24.pro\/de\/wp-json\/wp\/v2\/types\/product"}],"wp:featuredmedia":[{"embeddable":true,"href":"https:\/\/bullet24.pro\/de\/wp-json\/wp\/v2\/media\/6700"}],"wp:attachment":[{"href":"https:\/\/bullet24.pro\/de\/wp-json\/wp\/v2\/media?parent=6714"}],"wp:term":[{"taxonomy":"product_brand","embeddable":true,"href":"https:\/\/bullet24.pro\/de\/wp-json\/wp\/v2\/product_brand?post=6714"},{"taxonomy":"product_cat","embeddable":true,"href":"https:\/\/bullet24.pro\/de\/wp-json\/wp\/v2\/product_cat?post=6714"},{"taxonomy":"product_tag","embeddable":true,"href":"https:\/\/bullet24.pro\/de\/wp-json\/wp\/v2\/product_tag?post=6714"}],"curies":[{"name":"wp","href":"https:\/\/api.w.org\/{rel}","templated":true}]}}