{"id":6747,"date":"2023-02-09T19:45:23","date_gmt":"2023-02-09T19:45:23","guid":{"rendered":"https:\/\/bullet24.pro\/?post_type=product&#038;p=6747"},"modified":"2025-08-06T17:45:21","modified_gmt":"2025-08-06T17:45:21","slug":"gpo-rangeguide-2800-8x32","status":"publish","type":"product","link":"https:\/\/bullet24.pro\/de\/product\/gpo-rangeguide-2800-8x32\/","title":{"rendered":"GPO RANGEGUIDE 2800 8\u00d732"},"content":{"rendered":"[vc_row type=&#8220;in_container&#8220; full_screen_row_position=&#8220;middle&#8220; column_margin=&#8220;default&#8220; column_direction=&#8220;default&#8220; column_direction_tablet=&#8220;default&#8220; column_direction_phone=&#8220;default&#8220; scene_position=&#8220;center&#8220; bottom_padding=&#8220;6%&#8220; text_color=&#8220;dark&#8220; text_align=&#8220;left&#8220; row_border_radius=&#8220;none&#8220; row_border_radius_applies=&#8220;bg&#8220; overflow=&#8220;visible&#8220; overlay_strength=&#8220;0.3&#8243; gradient_direction=&#8220;left_to_right&#8220; shape_divider_position=&#8220;bottom&#8220; bg_image_animation=&#8220;none&#8220; gradient_type=&#8220;default&#8220; shape_type=&#8220;&#8220;][vc_column column_padding=&#8220;no-extra-padding&#8220; column_padding_tablet=&#8220;inherit&#8220; column_padding_phone=&#8220;inherit&#8220; column_padding_position=&#8220;all&#8220; column_element_direction_desktop=&#8220;default&#8220; column_element_spacing=&#8220;default&#8220; desktop_text_alignment=&#8220;default&#8220; tablet_text_alignment=&#8220;default&#8220; phone_text_alignment=&#8220;default&#8220; background_color_opacity=&#8220;1&#8243; background_hover_color_opacity=&#8220;1&#8243; column_backdrop_filter=&#8220;none&#8220; column_shadow=&#8220;none&#8220; column_border_radius=&#8220;none&#8220; column_link_target=&#8220;_self&#8220; column_position=&#8220;default&#8220; gradient_direction=&#8220;left_to_right&#8220; overlay_strength=&#8220;0.3&#8243; width=&#8220;1\/1&#8243; tablet_width_inherit=&#8220;default&#8220; animation_type=&#8220;default&#8220; bg_image_animation=&#8220;none&#8220; border_type=&#8220;simple&#8220; column_border_width=&#8220;none&#8220; column_border_style=&#8220;solid&#8220;][vc_column_text]\n<table>\n<tbody>\n<tr>\n<td><em>Binocular Specifications<br \/>\n<\/em><\/td>\n<td><\/td>\n<\/tr>\n<tr>\n<td>Magnification<\/td>\n<td>8x<\/td>\n<\/tr>\n<tr>\n<td>Objective diameter<\/td>\n<td>32 mm<\/td>\n<\/tr>\n<tr>\n<td>Field of view (FOV) m at 1.000m<\/td>\n<td>135 m<\/td>\n<\/tr>\n<tr>\n<td>Exit pupil<\/td>\n<td>4 mm<\/td>\n<\/tr>\n<tr>\n<td>Interpupilary Distance (IPD)<\/td>\n<td>58 \u2013 78 mm<\/td>\n<\/tr>\n<tr>\n<td>Close Focus<\/td>\n<td>8 m<\/td>\n<\/tr>\n<tr>\n<td>Diopter adjustment (dpt.)<\/td>\n<td>+\/- 4<\/td>\n<\/tr>\n<tr>\n<td>Eye relief<\/td>\n<td>18 mm<\/td>\n<\/tr>\n<tr>\n<td><\/td>\n<td><\/td>\n<\/tr>\n<tr>\n<td><em>Laser Specifications<\/em><\/td>\n<td><\/td>\n<\/tr>\n<tr>\n<td>Range max. (reflective targets)<\/td>\n<td>2.800 m<\/td>\n<\/tr>\n<tr>\n<td>Range max. (tree)<\/td>\n<td>1.000 m<\/td>\n<\/tr>\n<tr>\n<td>Range max. (deer)<\/td>\n<td>700 m<\/td>\n<\/tr>\n<tr>\n<td>Min. Range<\/td>\n<td>6 m<\/td>\n<\/tr>\n<tr>\n<td>Laser respond time<\/td>\n<td>0,25 sek<\/td>\n<\/tr>\n<tr>\n<td><\/td>\n<td><\/td>\n<\/tr>\n<tr>\n<td><em>Features<\/em><\/td>\n<td><\/td>\n<\/tr>\n<tr>\n<td>True Range (Slope)<\/td>\n<td>Yes<\/td>\n<\/tr>\n<tr>\n<td>Angle<\/td>\n<td>Yes<\/td>\n<\/tr>\n<tr>\n<td>Scan Mode<\/td>\n<td>Yes<\/td>\n<\/tr>\n<tr>\n<td>Temperature<\/td>\n<td>Yes<\/td>\n<\/tr>\n<tr>\n<td>Humidity<\/td>\n<td>Yes<\/td>\n<\/tr>\n<tr>\n<td>Air pressure<\/td>\n<td>Yes<\/td>\n<\/tr>\n<tr>\n<td>Waterproof (Mbar \/ cm)<\/td>\n<td>100<\/td>\n<\/tr>\n<tr>\n<td>Brightness adjuster<\/td>\n<td>9 Level and automatic mode<\/td>\n<\/tr>\n<tr>\n<td>Weight (excl. Battery) in g<\/td>\n<td>700 g<\/td>\n<\/tr>\n<tr>\n<td><\/td>\n<td><\/td>\n<\/tr>\n<tr>\n<td><em>Display Specifications<\/em><\/td>\n<td><\/td>\n<\/tr>\n<tr>\n<td>Display<\/td>\n<td>OLED<\/td>\n<\/tr>\n<tr>\n<td>Displaycolor<\/td>\n<td>Red<\/td>\n<\/tr>\n<tr>\n<td><\/td>\n<td><\/td>\n<\/tr>\n<tr>\n<td>Accessories included in this purchase<\/td>\n<td>instruction manual, cleaning cloth, hard case, strap, neoprene neck strap, objective covers, ocular covers, battery CR2<\/td>\n<\/tr>\n<\/tbody>\n<\/table>\n[\/vc_column_text][\/vc_column][\/vc_row]\n","protected":false},"excerpt":{"rendered":"<p>Der GPO RANGEGUIDE\u2122 2800 8\u00d732 ist der logische und konsequente Ausbau unserer sehr erfolgreichen Rangefinder-Linie mit dem \u201egro\u00dfen Bruder\u201c 8\u00d750. GPO folgt mit diesen neuen x32-Modellen dem langj\u00e4hrigen Wunsch vieler Kunden und setzt hier einen neuen Marktstandard: Unter dem hochwertigen \u00e4u\u00dferen Design steckt ein Magnesiumgeh\u00e4use mit Magnesiumbr\u00fccke. Der GPO RANGEGUIDE 2800 8\u00d732 wiegt nur sagenhafte 700g und ist extrem kompakt. Das hochverg\u00fctete HD-Linsensystem mit rotem OLED-Display gl\u00e4nzt mit brillanter Optik und einzigartigen Sehfeldern von 135m (auf 1000 m). Dank der optoelektronischen Kompetenz von GPO konnten wir ihn noch leistungsst\u00e4rker machen: Wie der gro\u00dfe Bruder misst er Ziele auf 2,8 km Entfernung, hat einen integrierten Winkelmesser und ist mit 4 Messungen in der Sekunde extrem schnell. Neben der manuell verstellbaren Beleuchtungssteuerung in 9 Stufen hat er zus\u00e4tzlich noch eine Stufe mit automatischer Beleuchtungssteuerung (je nach Umgebungshelligkeit). Er misst nicht nur die Temperatur, sondern auch noch Luftdruck und Luftfeuchte. Zum umfassenden Lieferumfang geh\u00f6ren Okular- und Objektivschutzdeckel, ein Neopren-Trageriemen sowie ein Hardcase f\u00fcr den sicheren Transport. 10 Jahre Garantie auf mechanische und optische Teile und 2 Jahre Garantie auf elektronische Komponenten.<\/p>\n","protected":false},"featured_media":6736,"template":"","meta":[],"product_brand":[],"product_cat":[394,437,444,434],"product_tag":[],"class_list":{"0":"post-6747","1":"product","2":"type-product","3":"status-publish","4":"has-post-thumbnail","6":"product_cat-optik","7":"product_cat-beobachtungsoptiken","8":"product_cat-fernglaeser","9":"product_cat-entfernungsmesser","11":"first","12":"onbackorder","13":"shipping-taxable","14":"purchasable","15":"product-type-simple"},"_links":{"self":[{"href":"https:\/\/bullet24.pro\/de\/wp-json\/wp\/v2\/product\/6747","targetHints":{"allow":["GET"]}}],"collection":[{"href":"https:\/\/bullet24.pro\/de\/wp-json\/wp\/v2\/product"}],"about":[{"href":"https:\/\/bullet24.pro\/de\/wp-json\/wp\/v2\/types\/product"}],"wp:featuredmedia":[{"embeddable":true,"href":"https:\/\/bullet24.pro\/de\/wp-json\/wp\/v2\/media\/6736"}],"wp:attachment":[{"href":"https:\/\/bullet24.pro\/de\/wp-json\/wp\/v2\/media?parent=6747"}],"wp:term":[{"taxonomy":"product_brand","embeddable":true,"href":"https:\/\/bullet24.pro\/de\/wp-json\/wp\/v2\/product_brand?post=6747"},{"taxonomy":"product_cat","embeddable":true,"href":"https:\/\/bullet24.pro\/de\/wp-json\/wp\/v2\/product_cat?post=6747"},{"taxonomy":"product_tag","embeddable":true,"href":"https:\/\/bullet24.pro\/de\/wp-json\/wp\/v2\/product_tag?post=6747"}],"curies":[{"name":"wp","href":"https:\/\/api.w.org\/{rel}","templated":true}]}}