{"id":6780,"date":"2023-02-09T20:00:02","date_gmt":"2023-02-09T20:00:02","guid":{"rendered":"https:\/\/bullet24.pro\/?post_type=product&#038;p=6780"},"modified":"2025-08-06T17:42:22","modified_gmt":"2025-08-06T17:42:22","slug":"gpo-rangeguide-2800-10x50","status":"publish","type":"product","link":"https:\/\/bullet24.pro\/de\/product\/gpo-rangeguide-2800-10x50\/","title":{"rendered":"GPO RANGEGUIDE 2800 10\u00d750"},"content":{"rendered":"[vc_row type=&#8220;in_container&#8220; full_screen_row_position=&#8220;middle&#8220; column_margin=&#8220;default&#8220; column_direction=&#8220;default&#8220; column_direction_tablet=&#8220;default&#8220; column_direction_phone=&#8220;default&#8220; scene_position=&#8220;center&#8220; bottom_padding=&#8220;6%&#8220; text_color=&#8220;dark&#8220; text_align=&#8220;left&#8220; row_border_radius=&#8220;none&#8220; row_border_radius_applies=&#8220;bg&#8220; overflow=&#8220;visible&#8220; overlay_strength=&#8220;0.3&#8243; gradient_direction=&#8220;left_to_right&#8220; shape_divider_position=&#8220;bottom&#8220; bg_image_animation=&#8220;none&#8220; gradient_type=&#8220;default&#8220; shape_type=&#8220;&#8220;][vc_column column_padding=&#8220;no-extra-padding&#8220; column_padding_tablet=&#8220;inherit&#8220; column_padding_phone=&#8220;inherit&#8220; column_padding_position=&#8220;all&#8220; column_element_direction_desktop=&#8220;default&#8220; column_element_spacing=&#8220;default&#8220; desktop_text_alignment=&#8220;default&#8220; tablet_text_alignment=&#8220;default&#8220; phone_text_alignment=&#8220;default&#8220; background_color_opacity=&#8220;1&#8243; background_hover_color_opacity=&#8220;1&#8243; column_backdrop_filter=&#8220;none&#8220; column_shadow=&#8220;none&#8220; column_border_radius=&#8220;none&#8220; column_link_target=&#8220;_self&#8220; column_position=&#8220;default&#8220; gradient_direction=&#8220;left_to_right&#8220; overlay_strength=&#8220;0.3&#8243; width=&#8220;1\/1&#8243; tablet_width_inherit=&#8220;default&#8220; animation_type=&#8220;default&#8220; bg_image_animation=&#8220;none&#8220; border_type=&#8220;simple&#8220; column_border_width=&#8220;none&#8220; column_border_style=&#8220;solid&#8220;][vc_column_text]\n<table>\n<tbody>\n<tr>\n<td><em>Binocular Specifications<\/em><\/td>\n<td><\/td>\n<\/tr>\n<tr>\n<td>Magnification<\/td>\n<td>10x<\/td>\n<\/tr>\n<tr>\n<td>Objective diameter<\/td>\n<td>50 mm<\/td>\n<\/tr>\n<tr>\n<td>Field of view (FOV) at 1.000m<\/td>\n<td>110 m<\/td>\n<\/tr>\n<tr>\n<td>Exit pupil<\/td>\n<td>5 mm<\/td>\n<\/tr>\n<tr>\n<td>IPD<\/td>\n<td>58 \u2013 76 mm<\/td>\n<\/tr>\n<tr>\n<td>Close Focus<\/td>\n<td>3 m<\/td>\n<\/tr>\n<tr>\n<td>Diopter adjustment (dpt.)<\/td>\n<td>+\/- 5<\/td>\n<\/tr>\n<tr>\n<td>Eye relief<\/td>\n<td>17 mm<\/td>\n<\/tr>\n<tr>\n<td><\/td>\n<td><\/td>\n<\/tr>\n<tr>\n<td><em>Laser Specifications<\/em><\/td>\n<td><\/td>\n<\/tr>\n<tr>\n<td>Range max. (reflective targets)<\/td>\n<td>2.800 m<\/td>\n<\/tr>\n<tr>\n<td>Range max. (tree)<\/td>\n<td>1.000 m<\/td>\n<\/tr>\n<tr>\n<td>Range max. (deer)<\/td>\n<td>700 m<\/td>\n<\/tr>\n<tr>\n<td>Min. Range<\/td>\n<td>3 m<\/td>\n<\/tr>\n<tr>\n<td><\/td>\n<td><\/td>\n<\/tr>\n<tr>\n<td><em>Features<\/em><\/td>\n<td><\/td>\n<\/tr>\n<tr>\n<td>True Range (Slope)<\/td>\n<td>yes<\/td>\n<\/tr>\n<tr>\n<td>Angle<\/td>\n<td>yes<\/td>\n<\/tr>\n<tr>\n<td>Scan Mode<\/td>\n<td>yes<\/td>\n<\/tr>\n<tr>\n<td>Temperature<\/td>\n<td>yes<\/td>\n<\/tr>\n<tr>\n<td><\/td>\n<td><\/td>\n<\/tr>\n<tr>\n<td><em>Display Specifications<\/em><\/td>\n<td><\/td>\n<\/tr>\n<tr>\n<td>Display<\/td>\n<td>OLED<\/td>\n<\/tr>\n<tr>\n<td><\/td>\n<td><\/td>\n<\/tr>\n<tr>\n<td>Scope of delivery<\/td>\n<td>Neoprene neck strap, user manual, cleaning cloth, hard case with carrying strap, objective covers, ocular covers, CR2 battery<\/td>\n<\/tr>\n<\/tbody>\n<\/table>\n[\/vc_column_text][\/vc_column][\/vc_row]\n","protected":false},"excerpt":{"rendered":"<p>Der GPO RANGEGUIDE 2800 10\u00d750 besticht durch Features die in dieser Preis- Leistungsklasse schwer zu finden sind. Auch hier verwenden wir wieder ein Magnesiumgeh\u00e4use um maximale Robustheit bei minimalem Gewicht zu erzielen. Mit einer maximalen Reichweite bei gut reflektierenden Zielen von 2.800 Meter, dem integrierten Hyperscan Mode, welcher den Laser mit 4 Messungen pro Sekunde arbeiten l\u00e4sst und damit eine extrem schnelle Messungen im Scan Modus zul\u00e4sst, der BEST, LAST Technologie, dem Temperatursensor, und der SLOPE und TRUE RANGE Berechnung bekommen Sie ein Produkt welches f\u00fcr alle Eventualit\u00e4ten und ohne Kompromisse entwickelt worden ist. Die Menufunktion ist intuitiv und die Bedienungskn\u00f6pfe ergonomisch am Produkt angebracht. 10 Jahre Garantie auf mechanische und optische Teile und 2 Jahre Garantie auf elektronische Komponenten.<\/p>\n","protected":false},"featured_media":6778,"template":"","meta":[],"product_brand":[],"product_cat":[394,437,444,434],"product_tag":[],"class_list":{"0":"post-6780","1":"product","2":"type-product","3":"status-publish","4":"has-post-thumbnail","6":"product_cat-optik","7":"product_cat-beobachtungsoptiken","8":"product_cat-fernglaeser","9":"product_cat-entfernungsmesser","11":"first","12":"onbackorder","13":"shipping-taxable","14":"purchasable","15":"product-type-simple"},"_links":{"self":[{"href":"https:\/\/bullet24.pro\/de\/wp-json\/wp\/v2\/product\/6780","targetHints":{"allow":["GET"]}}],"collection":[{"href":"https:\/\/bullet24.pro\/de\/wp-json\/wp\/v2\/product"}],"about":[{"href":"https:\/\/bullet24.pro\/de\/wp-json\/wp\/v2\/types\/product"}],"wp:featuredmedia":[{"embeddable":true,"href":"https:\/\/bullet24.pro\/de\/wp-json\/wp\/v2\/media\/6778"}],"wp:attachment":[{"href":"https:\/\/bullet24.pro\/de\/wp-json\/wp\/v2\/media?parent=6780"}],"wp:term":[{"taxonomy":"product_brand","embeddable":true,"href":"https:\/\/bullet24.pro\/de\/wp-json\/wp\/v2\/product_brand?post=6780"},{"taxonomy":"product_cat","embeddable":true,"href":"https:\/\/bullet24.pro\/de\/wp-json\/wp\/v2\/product_cat?post=6780"},{"taxonomy":"product_tag","embeddable":true,"href":"https:\/\/bullet24.pro\/de\/wp-json\/wp\/v2\/product_tag?post=6780"}],"curies":[{"name":"wp","href":"https:\/\/api.w.org\/{rel}","templated":true}]}}