{"id":6795,"date":"2023-02-09T20:08:27","date_gmt":"2023-02-09T20:08:27","guid":{"rendered":"https:\/\/bullet24.pro\/?post_type=product&#038;p=6795"},"modified":"2025-08-06T17:41:22","modified_gmt":"2025-08-06T17:41:22","slug":"gpo-rangetracker-1800-green","status":"publish","type":"product","link":"https:\/\/bullet24.pro\/de\/product\/gpo-rangetracker-1800-green\/","title":{"rendered":"GPO RANGETRACKER 1800 Green"},"content":{"rendered":"[vc_row type=&#8220;in_container&#8220; full_screen_row_position=&#8220;middle&#8220; column_margin=&#8220;default&#8220; column_direction=&#8220;default&#8220; column_direction_tablet=&#8220;default&#8220; column_direction_phone=&#8220;default&#8220; scene_position=&#8220;center&#8220; bottom_padding=&#8220;6%&#8220; text_color=&#8220;dark&#8220; text_align=&#8220;left&#8220; row_border_radius=&#8220;none&#8220; row_border_radius_applies=&#8220;bg&#8220; overflow=&#8220;visible&#8220; overlay_strength=&#8220;0.3&#8243; gradient_direction=&#8220;left_to_right&#8220; shape_divider_position=&#8220;bottom&#8220; bg_image_animation=&#8220;none&#8220; gradient_type=&#8220;default&#8220; shape_type=&#8220;&#8220;][vc_column column_padding=&#8220;no-extra-padding&#8220; column_padding_tablet=&#8220;inherit&#8220; column_padding_phone=&#8220;inherit&#8220; column_padding_position=&#8220;all&#8220; column_element_direction_desktop=&#8220;default&#8220; column_element_spacing=&#8220;default&#8220; desktop_text_alignment=&#8220;default&#8220; tablet_text_alignment=&#8220;default&#8220; phone_text_alignment=&#8220;default&#8220; background_color_opacity=&#8220;1&#8243; background_hover_color_opacity=&#8220;1&#8243; column_backdrop_filter=&#8220;none&#8220; column_shadow=&#8220;none&#8220; column_border_radius=&#8220;none&#8220; column_link_target=&#8220;_self&#8220; column_position=&#8220;default&#8220; gradient_direction=&#8220;left_to_right&#8220; overlay_strength=&#8220;0.3&#8243; width=&#8220;1\/1&#8243; tablet_width_inherit=&#8220;default&#8220; animation_type=&#8220;default&#8220; bg_image_animation=&#8220;none&#8220; border_type=&#8220;simple&#8220; column_border_width=&#8220;none&#8220; column_border_style=&#8220;solid&#8220;][vc_column_text]\n<table>\n<tbody>\n<tr>\n<td>Magnification<\/td>\n<td>6x<\/td>\n<\/tr>\n<tr>\n<td>Objective diameter<\/td>\n<td>20 mm<\/td>\n<\/tr>\n<tr>\n<td>Exit pupil<\/td>\n<td>16 mm<\/td>\n<\/tr>\n<tr>\n<td>Exit Relief<\/td>\n<td>3,33 mm<\/td>\n<\/tr>\n<tr>\n<td>Diopter correction<\/td>\n<td>+3<\/td>\n<\/tr>\n<tr>\n<td>Field of view at 1000 meters<\/td>\n<td>7,5\u00b0<\/td>\n<\/tr>\n<tr>\n<td>Laser Response time<\/td>\n<td>0,33 sec<\/td>\n<\/tr>\n<tr>\n<td>Scan mode<\/td>\n<td>Yes<\/td>\n<\/tr>\n<tr>\n<td>Length<\/td>\n<td>94 mm<\/td>\n<\/tr>\n<tr>\n<td>Width<\/td>\n<td>33 mm<\/td>\n<\/tr>\n<tr>\n<td>Heigth<\/td>\n<td>76 mm<\/td>\n<\/tr>\n<tr>\n<td>Weigth<\/td>\n<td>148 g<\/td>\n<\/tr>\n<tr>\n<td>Measurements per battery CR2<\/td>\n<td>4.000<\/td>\n<\/tr>\n<tr>\n<td>battery Type<\/td>\n<td>CR2 Lithium<\/td>\n<\/tr>\n<tr>\n<td>Minimum Range<\/td>\n<td>6 m<\/td>\n<\/tr>\n<tr>\n<td>Maximum Range (Reflective Object)<\/td>\n<td>1.800 m<\/td>\n<\/tr>\n<tr>\n<td>Range trees and grass<\/td>\n<td>700 m<\/td>\n<\/tr>\n<tr>\n<td>6-1.000 meters Measurements Acc.<\/td>\n<td>+1<\/td>\n<\/tr>\n<tr>\n<td>1.000-1.800 meters Measurements Acc.<\/td>\n<td>+2<\/td>\n<\/tr>\n<tr>\n<td>Laser Class (Eye Safe)<\/td>\n<td>1M<\/td>\n<\/tr>\n<tr>\n<td>Angle Sensor<\/td>\n<td>+\/-60\u00b0<\/td>\n<\/tr>\n<tr>\n<td>Scope of delivery<\/td>\n<td>Instruction manual, cleaning cloth,<br \/>\nhard case, lanyard with carabiner, battery CR2<\/td>\n<\/tr>\n<\/tbody>\n<\/table>\n[\/vc_column_text][\/vc_column][\/vc_row]\n","protected":false},"excerpt":{"rendered":"<p>Der neue RANGETRACKER 1800 ist so konzipiert, dass er alle Ihre Anforderungen an Laser-Entfernungsmesser erf\u00fcllt. Bei der Entwicklung des RANGETRACKER 1800 wurde Wert auf intuitive Benutzerfreundlichkeit gelegt. Die integrierte visuelle TargetFinder-Funktion und die SLOPE-Technologie werden mit einem der schnellsten Laserentfernungsmesssysteme auf dem Markt kombiniert.<\/p>\n<p>Mit einer maximalen Reichweite bei gut reflektierenden Zielen von 1.800 Meter, dem integrierten Hyperscan Mode welcher den Laser mit 3 Messungen pro Sekunde arbeiten l\u00e4sst und damit eine extrem schnelle Messungen im Scan Modus zul\u00e4sst, der BEST, LAST Technologie, dem Temperatursensor, und der SLOPE und TRUE RANGE Berechnung bekommen Sie ein Produkt welches f\u00fcr alle Eventualit\u00e4ten und ohne Komprisse entwickelt worden ist.<\/p>\n<p>Ergonomisch verf\u00fcgt das Produkt \u00fcber eine Einhandbedienung was die Dioptrienverstellung einschlie\u00dft. Zudem ist das Produkt in zwei Farbvarianten verf\u00fcgbar. Alles in Allem ein Produkt bei dem keine Kompromisse eingegangen worden sind. 10 Jahre Garantie auf mechanische und optische Teile und 2 Jahre Garantie auf elektronische Komponenten.<\/p>\n","protected":false},"featured_media":6793,"template":"","meta":[],"product_brand":[],"product_cat":[394,434],"product_tag":[],"class_list":{"0":"post-6795","1":"product","2":"type-product","3":"status-publish","4":"has-post-thumbnail","6":"product_cat-optik","7":"product_cat-entfernungsmesser","9":"first","10":"instock","11":"shipping-taxable","12":"purchasable","13":"product-type-simple"},"_links":{"self":[{"href":"https:\/\/bullet24.pro\/de\/wp-json\/wp\/v2\/product\/6795","targetHints":{"allow":["GET"]}}],"collection":[{"href":"https:\/\/bullet24.pro\/de\/wp-json\/wp\/v2\/product"}],"about":[{"href":"https:\/\/bullet24.pro\/de\/wp-json\/wp\/v2\/types\/product"}],"wp:featuredmedia":[{"embeddable":true,"href":"https:\/\/bullet24.pro\/de\/wp-json\/wp\/v2\/media\/6793"}],"wp:attachment":[{"href":"https:\/\/bullet24.pro\/de\/wp-json\/wp\/v2\/media?parent=6795"}],"wp:term":[{"taxonomy":"product_brand","embeddable":true,"href":"https:\/\/bullet24.pro\/de\/wp-json\/wp\/v2\/product_brand?post=6795"},{"taxonomy":"product_cat","embeddable":true,"href":"https:\/\/bullet24.pro\/de\/wp-json\/wp\/v2\/product_cat?post=6795"},{"taxonomy":"product_tag","embeddable":true,"href":"https:\/\/bullet24.pro\/de\/wp-json\/wp\/v2\/product_tag?post=6795"}],"curies":[{"name":"wp","href":"https:\/\/api.w.org\/{rel}","templated":true}]}}