{"id":6859,"date":"2023-02-10T08:11:57","date_gmt":"2023-02-10T08:11:57","guid":{"rendered":"https:\/\/bullet24.pro\/?post_type=product&#038;p=6859"},"modified":"2025-08-06T17:37:06","modified_gmt":"2025-08-06T17:37:06","slug":"gpo-spectra-6x-1-6x24i","status":"publish","type":"product","link":"https:\/\/bullet24.pro\/de\/product\/gpo-spectra-6x-1-6x24i\/","title":{"rendered":"GPO SPECTRA\u2122 6x 1-6x24i, ret. G4i Fiber"},"content":{"rendered":"[vc_row type=&#8220;in_container&#8220; full_screen_row_position=&#8220;middle&#8220; column_margin=&#8220;default&#8220; column_direction=&#8220;default&#8220; column_direction_tablet=&#8220;default&#8220; column_direction_phone=&#8220;default&#8220; scene_position=&#8220;center&#8220; bottom_padding=&#8220;6%&#8220; text_color=&#8220;dark&#8220; text_align=&#8220;left&#8220; row_border_radius=&#8220;none&#8220; row_border_radius_applies=&#8220;bg&#8220; overflow=&#8220;visible&#8220; overlay_strength=&#8220;0.3&#8243; gradient_direction=&#8220;left_to_right&#8220; shape_divider_position=&#8220;bottom&#8220; bg_image_animation=&#8220;none&#8220; gradient_type=&#8220;default&#8220; shape_type=&#8220;&#8220;][vc_column column_padding=&#8220;no-extra-padding&#8220; column_padding_tablet=&#8220;inherit&#8220; column_padding_phone=&#8220;inherit&#8220; column_padding_position=&#8220;all&#8220; column_element_direction_desktop=&#8220;default&#8220; column_element_spacing=&#8220;default&#8220; desktop_text_alignment=&#8220;default&#8220; tablet_text_alignment=&#8220;default&#8220; phone_text_alignment=&#8220;default&#8220; background_color_opacity=&#8220;1&#8243; background_hover_color_opacity=&#8220;1&#8243; column_backdrop_filter=&#8220;none&#8220; column_shadow=&#8220;none&#8220; column_border_radius=&#8220;none&#8220; column_link_target=&#8220;_self&#8220; column_position=&#8220;default&#8220; gradient_direction=&#8220;left_to_right&#8220; overlay_strength=&#8220;0.3&#8243; width=&#8220;1\/1&#8243; tablet_width_inherit=&#8220;default&#8220; animation_type=&#8220;default&#8220; bg_image_animation=&#8220;none&#8220; border_type=&#8220;simple&#8220; column_border_width=&#8220;none&#8220; column_border_style=&#8220;solid&#8220;][vc_column_text]\n<table>\n<tbody>\n<tr>\n<td>Magnification<\/td>\n<td>.<\/td>\n<td>1x \u2013 6x<\/td>\n<\/tr>\n<tr>\n<td>Field of view (FOV) m at 100m<\/td>\n<td>.<\/td>\n<td>42 \u2013 7<\/td>\n<\/tr>\n<tr>\n<td>Objective diameter (mm)<\/td>\n<td>Effective diameter<\/td>\n<td>24<\/td>\n<\/tr>\n<tr>\n<td>Exit pupil diameter (mm)<\/td>\n<td>Measurement of the pupilary ocular beam<\/td>\n<td>9,5 \u2013 4<\/td>\n<\/tr>\n<tr>\n<td>Eye Relief (inches)<\/td>\n<td>From the last optical surface<\/td>\n<td>4<\/td>\n<\/tr>\n<tr>\n<td>Eye Relief (mm)<\/td>\n<td>From the last optical surface<\/td>\n<td>97<\/td>\n<\/tr>\n<tr>\n<td>cm travel value per click at 100m<\/td>\n<td>1 Click = x\/100m<\/td>\n<td>1<\/td>\n<\/tr>\n<tr>\n<td>Elevation range total (cm at 100m)<\/td>\n<td>100<\/td>\n<td>400<\/td>\n<\/tr>\n<tr>\n<td>Windage range total (cm at 100)<\/td>\n<td>100m<\/td>\n<td>400<\/td>\n<\/tr>\n<tr>\n<td>Parallax compensation<\/td>\n<td>Parallax free at x distance<\/td>\n<td>100 m<\/td>\n<\/tr>\n<tr>\n<td>Transmission Daylight<\/td>\n<td>ISO 14490-5:2005<\/td>\n<td>90%<\/td>\n<\/tr>\n<tr>\n<td>Height (inches)<\/td>\n<td>Without covers<\/td>\n<td>1,88<\/td>\n<\/tr>\n<tr>\n<td>Height (mm)<\/td>\n<td>Without covers<\/td>\n<td>47,9<\/td>\n<\/tr>\n<tr>\n<td>Width (inches)<\/td>\n<td>Fully extended<\/td>\n<td>2,66<\/td>\n<\/tr>\n<tr>\n<td>Width (mm)<\/td>\n<td>Fully extended<\/td>\n<td>67,5<\/td>\n<\/tr>\n<tr>\n<td>Length (inches)<\/td>\n<td>At outside diameter<\/td>\n<td>11,1<\/td>\n<\/tr>\n<tr>\n<td>Length (mm)<\/td>\n<td>At outside diameter<\/td>\n<td>282<\/td>\n<\/tr>\n<tr>\n<td>Tube diamter (mm)<\/td>\n<td>Width of main tube<\/td>\n<td>30<\/td>\n<\/tr>\n<tr>\n<td>Weight (ounces)<\/td>\n<td>Without covers<\/td>\n<td>16,19<\/td>\n<\/tr>\n<tr>\n<td>Weight (grams)<\/td>\n<td>Without covers<\/td>\n<td>459<\/td>\n<\/tr>\n<tr>\n<td>Mechanical outer diameter (objective mm)<\/td>\n<td>Objective end of scope<\/td>\n<td>30<\/td>\n<\/tr>\n<tr>\n<td>Mechanical outer diameter (ocular mm)<\/td>\n<td>Ocular end of scope<\/td>\n<td>45,8<\/td>\n<\/tr>\n<tr>\n<td>Reticle Option<\/td>\n<td>.<\/td>\n<td>G4i<\/td>\n<\/tr>\n<tr>\n<td>Accessories included with the purchase<\/td>\n<td>.<\/td>\n<td>instruction manual, cleaning cloth,<br \/>\nbikini scope cover, battery CR2032,<br \/>\nthrow lever<\/td>\n<\/tr>\n<\/tbody>\n<\/table>\n[\/vc_column_text][\/vc_column][\/vc_row]\n","protected":false},"excerpt":{"rendered":"<p>Dieses kompakte, leichte Zielfernrohr mit 1- bis 6-facher Vergr\u00f6\u00dferung erm\u00f6glicht schnelles Schie\u00dfen auf sich schnell bewegende Ziele im Nahbereich (Dr\u00fcckjagd) sowie eine pr\u00e4zise Schussabgabe auf gr\u00f6\u00dfere Entfernungen. Die in dieser Preisklasse unschlagbaren 42 m Sehfeld auf 100m machen eine blitzschnelle Zielerfassung m\u00f6glich. Das GPO SPECTRA\u2122 6x 1-6x24i mit seinem 30 mm-Mittenrohr vereint in einem unschlagbarem Preis- Leistungsverh\u00e4ltnis und kompakter Bauweise, T\u00fcrme die werkzeuglos genullt werden k\u00f6nnen und einen gro\u00dfen Augenabstand sowie einem Verstellbereich von 400 cm auf 100 Meter welches alle Geschosse abbilden kann. Kompakt, universell einsatzbar, cm Klickverstellung und Faserabsehen runden dieses Zielfernrohr ab. Bei dem Absehen handelt es sich um das G4 mit der innovativen Faser- Technologie. Durch die Faser wird ein sehr klar abgegrenzter Punkt mit keinem Durchmesser und extremer Helligkeit realisiert. Mit dem Faserabsehen sind Sie in der Lage alle Helligkeitssituation zu bew\u00e4ltigen. Auch hier wurde die GPO iControl Technologie integriert die den Rotpunkt nach 3 Stunden automatisch ausschaltet und Ihnen anzeigt wenn die Batterie zu wechseln ist. Alles in Allem ein Allroundzielfernrohr mit allen n\u00f6tigen Features. 10 Jahre Garantie auf Mechanik und Optik.<\/p>\n","protected":false},"featured_media":6851,"template":"","meta":[],"product_brand":[],"product_cat":[684,394,436,442],"product_tag":[],"class_list":{"0":"post-6859","1":"product","2":"type-product","3":"status-publish","4":"has-post-thumbnail","6":"product_cat-jagd","7":"product_cat-optik","8":"product_cat-zieloptik","9":"product_cat-zielfernrohre","11":"first","12":"onbackorder","13":"shipping-taxable","14":"purchasable","15":"product-type-simple"},"_links":{"self":[{"href":"https:\/\/bullet24.pro\/de\/wp-json\/wp\/v2\/product\/6859","targetHints":{"allow":["GET"]}}],"collection":[{"href":"https:\/\/bullet24.pro\/de\/wp-json\/wp\/v2\/product"}],"about":[{"href":"https:\/\/bullet24.pro\/de\/wp-json\/wp\/v2\/types\/product"}],"wp:featuredmedia":[{"embeddable":true,"href":"https:\/\/bullet24.pro\/de\/wp-json\/wp\/v2\/media\/6851"}],"wp:attachment":[{"href":"https:\/\/bullet24.pro\/de\/wp-json\/wp\/v2\/media?parent=6859"}],"wp:term":[{"taxonomy":"product_brand","embeddable":true,"href":"https:\/\/bullet24.pro\/de\/wp-json\/wp\/v2\/product_brand?post=6859"},{"taxonomy":"product_cat","embeddable":true,"href":"https:\/\/bullet24.pro\/de\/wp-json\/wp\/v2\/product_cat?post=6859"},{"taxonomy":"product_tag","embeddable":true,"href":"https:\/\/bullet24.pro\/de\/wp-json\/wp\/v2\/product_tag?post=6859"}],"curies":[{"name":"wp","href":"https:\/\/api.w.org\/{rel}","templated":true}]}}