{"id":6944,"date":"2023-02-10T09:00:27","date_gmt":"2023-02-10T09:00:27","guid":{"rendered":"https:\/\/bullet24.pro\/?post_type=product&#038;p=6944"},"modified":"2025-08-06T17:30:53","modified_gmt":"2025-08-06T17:30:53","slug":"gpo-spectra-6x-45-27x50i-lr-pro-ffp-cw-ret-lr-pro","status":"publish","type":"product","link":"https:\/\/bullet24.pro\/de\/product\/gpo-spectra-6x-45-27x50i-lr-pro-ffp-cw-ret-lr-pro\/","title":{"rendered":"GPO SPECTRA\u2122 6x 4,5-27x50i FFP, CW, ret. LR Pro"},"content":{"rendered":"[vc_row type=&#8220;in_container&#8220; full_screen_row_position=&#8220;middle&#8220; column_margin=&#8220;default&#8220; column_direction=&#8220;default&#8220; column_direction_tablet=&#8220;default&#8220; column_direction_phone=&#8220;default&#8220; scene_position=&#8220;center&#8220; bottom_padding=&#8220;6%&#8220; text_color=&#8220;dark&#8220; text_align=&#8220;left&#8220; row_border_radius=&#8220;none&#8220; row_border_radius_applies=&#8220;bg&#8220; overflow=&#8220;visible&#8220; overlay_strength=&#8220;0.3&#8243; gradient_direction=&#8220;left_to_right&#8220; shape_divider_position=&#8220;bottom&#8220; bg_image_animation=&#8220;none&#8220; gradient_type=&#8220;default&#8220; shape_type=&#8220;&#8220;][vc_column column_padding=&#8220;no-extra-padding&#8220; column_padding_tablet=&#8220;inherit&#8220; column_padding_phone=&#8220;inherit&#8220; column_padding_position=&#8220;all&#8220; column_element_direction_desktop=&#8220;default&#8220; column_element_spacing=&#8220;default&#8220; desktop_text_alignment=&#8220;default&#8220; tablet_text_alignment=&#8220;default&#8220; phone_text_alignment=&#8220;default&#8220; background_color_opacity=&#8220;1&#8243; background_hover_color_opacity=&#8220;1&#8243; column_backdrop_filter=&#8220;none&#8220; column_shadow=&#8220;none&#8220; column_border_radius=&#8220;none&#8220; column_link_target=&#8220;_self&#8220; column_position=&#8220;default&#8220; gradient_direction=&#8220;left_to_right&#8220; overlay_strength=&#8220;0.3&#8243; width=&#8220;1\/1&#8243; tablet_width_inherit=&#8220;default&#8220; animation_type=&#8220;default&#8220; bg_image_animation=&#8220;none&#8220; border_type=&#8220;simple&#8220; column_border_width=&#8220;none&#8220; column_border_style=&#8220;solid&#8220;][vc_column_text]\n<table>\n<tbody>\n<tr>\n<td>Magnification<\/td>\n<td>.<\/td>\n<td>4,5x \u2013 27x<\/td>\n<\/tr>\n<tr>\n<td>Field of view (FOV) m at 100m<\/td>\n<td>.<\/td>\n<td>7,1 \u2013 1,3<\/td>\n<\/tr>\n<tr>\n<td>Objective diameter (mm)<\/td>\n<td>Effective diameter<\/td>\n<td>50<\/td>\n<\/tr>\n<tr>\n<td>Exit pupil diameter (mm)<\/td>\n<td>.<\/td>\n<td>9,5 \u2013 1,9<\/td>\n<\/tr>\n<tr>\n<td>Eye Relief (inches)<\/td>\n<td>From the last optical surface<\/td>\n<td>3,94<\/td>\n<\/tr>\n<tr>\n<td>Eye Relief (mm)<\/td>\n<td>From the last optical surface<\/td>\n<td>100<\/td>\n<\/tr>\n<tr>\n<td>Focal plane<\/td>\n<td>F1 \u2013 magnifying reticle<\/td>\n<td>1<\/td>\n<\/tr>\n<tr>\n<td>cm travel value per click at 100m<\/td>\n<td>1 Click = x\/100m<\/td>\n<td>1 mrad<\/td>\n<\/tr>\n<tr>\n<td>Elevation range total (cm at 100m)<\/td>\n<td><\/td>\n<td>320<\/td>\n<\/tr>\n<tr>\n<td>Windage range total (cm at<br \/>\n100m)<\/td>\n<td><\/td>\n<td>320<\/td>\n<\/tr>\n<tr>\n<td>Parallax compensation<\/td>\n<td>variable<\/td>\n<td>25 \u2013 \u221e<\/td>\n<\/tr>\n<tr>\n<td>Transmission<\/td>\n<td>ISO 14490-5:2005<\/td>\n<td>90 %<\/td>\n<\/tr>\n<tr>\n<td>Height (inches)<\/td>\n<td>Without covers<\/td>\n<td>2,95<\/td>\n<\/tr>\n<tr>\n<td>Height (mm)<\/td>\n<td>Without covers<\/td>\n<td>75<\/td>\n<\/tr>\n<tr>\n<td>Width (inches)<\/td>\n<td>Fully extended<\/td>\n<td>4,18<\/td>\n<\/tr>\n<tr>\n<td>Width (mm)<\/td>\n<td>Fully extended<\/td>\n<td>106,30<\/td>\n<\/tr>\n<tr>\n<td>Length (inches)<\/td>\n<td>At outside diameter<\/td>\n<td>13,97<\/td>\n<\/tr>\n<tr>\n<td>Length (mm)<\/td>\n<td>At outside diameter<\/td>\n<td>355<\/td>\n<\/tr>\n<tr>\n<td>Tube diamter (mm)<\/td>\n<td><\/td>\n<td>34<\/td>\n<\/tr>\n<tr>\n<td>Weight (ounces)<\/td>\n<td>Without covers<\/td>\n<td>29,14<\/td>\n<\/tr>\n<tr>\n<td>Weight (grams)<\/td>\n<td>Without covers<\/td>\n<td>826<\/td>\n<\/tr>\n<tr>\n<td>Mechanical outer diameter (objective mm)<\/td>\n<td>Objective end of scope<\/td>\n<td>57,5<\/td>\n<\/tr>\n<tr>\n<td>Mechanical outer diameter (ocular mm)<\/td>\n<td>Ocular end of scope<\/td>\n<td>43,1<\/td>\n<\/tr>\n<tr>\n<td>Reticle Option<\/td>\n<td><\/td>\n<td>LR Pro (FFP)<\/td>\n<\/tr>\n<tr>\n<td>Accessories included with the purchase<\/td>\n<td><\/td>\n<td>Instruction manual, cleaning cloth,<br \/>\nobjective cover flip up, battery CR2032<\/td>\n<\/tr>\n<\/tbody>\n<\/table>\n[\/vc_column_text][\/vc_column][\/vc_row]\n","protected":false},"excerpt":{"rendered":"<p>Das GPO SPECTRA 6x 4,5-27x50i LR Pro FFP wurde f\u00fcr anspruchsvolle Anwender konzipiert, die mit hoher Vergr\u00f6\u00dferung auf weite Distanzen schie\u00dfen und jagen m\u00f6chten und ein Absehen in der 1. Bildebene bevorzugen. Mit einem Mittelrohrduchmesser von 34mm, einer Vergr\u00f6\u00dferung bis 27x, einer Transmission von 90%, den gro\u00dfen Verstellwegen, dem weiten Augenabstand, der gro\u00dfen Austrittspupille sowie dem integrierten Zero-Stop, ist es das ideale Produkt f\u00fcr ambitionierte Long-Range Sch\u00fctzen. Das GPO SPECTRA 6x 4,5-27x50i LR Pro FFP ist besonders kompakt und leicht und verf\u00fcgt \u00fcber das beleuchtete LR Pro Absehen mit besonders feinen Strukturen und Deckungsma\u00dfen. Die arretierbaren H\u00f6hen- und Seitent\u00fcrme k\u00f6nnen je nach Ausf\u00fchrung rechtsseitig (CW) bzw. linksseitig (CCW) verstellt werden. 10 Jahre Garantie auf Mechanik und Optik.<\/p>\n","protected":false},"featured_media":6933,"template":"","meta":[],"product_brand":[],"product_cat":[687,394,436,442],"product_tag":[],"class_list":{"0":"post-6944","1":"product","2":"type-product","3":"status-publish","4":"has-post-thumbnail","6":"product_cat-sport","7":"product_cat-optik","8":"product_cat-zieloptik","9":"product_cat-zielfernrohre","11":"first","12":"onbackorder","13":"shipping-taxable","14":"purchasable","15":"product-type-simple"},"_links":{"self":[{"href":"https:\/\/bullet24.pro\/de\/wp-json\/wp\/v2\/product\/6944","targetHints":{"allow":["GET"]}}],"collection":[{"href":"https:\/\/bullet24.pro\/de\/wp-json\/wp\/v2\/product"}],"about":[{"href":"https:\/\/bullet24.pro\/de\/wp-json\/wp\/v2\/types\/product"}],"wp:featuredmedia":[{"embeddable":true,"href":"https:\/\/bullet24.pro\/de\/wp-json\/wp\/v2\/media\/6933"}],"wp:attachment":[{"href":"https:\/\/bullet24.pro\/de\/wp-json\/wp\/v2\/media?parent=6944"}],"wp:term":[{"taxonomy":"product_brand","embeddable":true,"href":"https:\/\/bullet24.pro\/de\/wp-json\/wp\/v2\/product_brand?post=6944"},{"taxonomy":"product_cat","embeddable":true,"href":"https:\/\/bullet24.pro\/de\/wp-json\/wp\/v2\/product_cat?post=6944"},{"taxonomy":"product_tag","embeddable":true,"href":"https:\/\/bullet24.pro\/de\/wp-json\/wp\/v2\/product_tag?post=6944"}],"curies":[{"name":"wp","href":"https:\/\/api.w.org\/{rel}","templated":true}]}}