{"id":6959,"date":"2023-02-10T09:10:24","date_gmt":"2023-02-10T09:10:24","guid":{"rendered":"https:\/\/bullet24.pro\/?post_type=product&#038;p=6959"},"modified":"2025-08-06T18:12:44","modified_gmt":"2025-08-06T18:12:44","slug":"gpo-spectra-8x-1-8x24i","status":"publish","type":"product","link":"https:\/\/bullet24.pro\/de\/product\/gpo-spectra-8x-1-8x24i\/","title":{"rendered":"GPO SPECTRA\u2122 8x 1-8x24i, ret. G4i Fiber"},"content":{"rendered":"[vc_row type=&#8220;in_container&#8220; full_screen_row_position=&#8220;middle&#8220; column_margin=&#8220;default&#8220; column_direction=&#8220;default&#8220; column_direction_tablet=&#8220;default&#8220; column_direction_phone=&#8220;default&#8220; scene_position=&#8220;center&#8220; bottom_padding=&#8220;6%&#8220; text_color=&#8220;dark&#8220; text_align=&#8220;left&#8220; row_border_radius=&#8220;none&#8220; row_border_radius_applies=&#8220;bg&#8220; overflow=&#8220;visible&#8220; overlay_strength=&#8220;0.3&#8243; gradient_direction=&#8220;left_to_right&#8220; shape_divider_position=&#8220;bottom&#8220; bg_image_animation=&#8220;none&#8220; gradient_type=&#8220;default&#8220; shape_type=&#8220;&#8220;][vc_column column_padding=&#8220;no-extra-padding&#8220; column_padding_tablet=&#8220;inherit&#8220; column_padding_phone=&#8220;inherit&#8220; column_padding_position=&#8220;all&#8220; column_element_direction_desktop=&#8220;default&#8220; column_element_spacing=&#8220;default&#8220; desktop_text_alignment=&#8220;default&#8220; tablet_text_alignment=&#8220;default&#8220; phone_text_alignment=&#8220;default&#8220; background_color_opacity=&#8220;1&#8243; background_hover_color_opacity=&#8220;1&#8243; column_backdrop_filter=&#8220;none&#8220; column_shadow=&#8220;none&#8220; column_border_radius=&#8220;none&#8220; column_link_target=&#8220;_self&#8220; column_position=&#8220;default&#8220; gradient_direction=&#8220;left_to_right&#8220; overlay_strength=&#8220;0.3&#8243; width=&#8220;1\/1&#8243; tablet_width_inherit=&#8220;default&#8220; animation_type=&#8220;default&#8220; bg_image_animation=&#8220;none&#8220; border_type=&#8220;simple&#8220; column_border_width=&#8220;none&#8220; column_border_style=&#8220;solid&#8220;][vc_column_text]\n<table>\n<tbody>\n<tr>\n<td>Magnification<\/td>\n<td>.<\/td>\n<td>1x \u2013 8x<\/td>\n<\/tr>\n<tr>\n<td>Field of view (FOV) m at 100m<\/td>\n<td>.<\/td>\n<td>40,4 \u2013 4,8<\/td>\n<\/tr>\n<tr>\n<td>Objective diameter (mm)<\/td>\n<td>Effective diameter<\/td>\n<td>24<\/td>\n<\/tr>\n<tr>\n<td>Exit pupil diameter (mm)<\/td>\n<td>Measurement of the pupilary ocular beam<\/td>\n<td>9 \u2013 3<\/td>\n<\/tr>\n<tr>\n<td>Eye Relief (inches)<\/td>\n<td>From the last optical surface<\/td>\n<td>3,54<\/td>\n<\/tr>\n<tr>\n<td>Eye Relief (mm)<\/td>\n<td>From the last optical surface<\/td>\n<td>90<\/td>\n<\/tr>\n<tr>\n<td>cm travel value per click at 100m<\/td>\n<td>1 Click = x\/100m<\/td>\n<td>1<\/td>\n<\/tr>\n<tr>\n<td>Elevation range total (cm at 100m)<\/td>\n<td>100<\/td>\n<td>350<\/td>\n<\/tr>\n<tr>\n<td>Windage range total (cm at 100)<\/td>\n<td>100m<\/td>\n<td>350<\/td>\n<\/tr>\n<tr>\n<td>Parallax compensation<\/td>\n<td>Parallax free at x distance<\/td>\n<td>100 m<\/td>\n<\/tr>\n<tr>\n<td>Transmission Daylight<\/td>\n<td>ISO 14490-5:2005<\/td>\n<td>87%<\/td>\n<\/tr>\n<tr>\n<td>Height (inches)<\/td>\n<td>Without covers<\/td>\n<td>2,38<\/td>\n<\/tr>\n<tr>\n<td>Height (mm)<\/td>\n<td>Without covers<\/td>\n<td>60,5<\/td>\n<\/tr>\n<tr>\n<td>Width (inches)<\/td>\n<td>Fully extended<\/td>\n<td>3,11<\/td>\n<\/tr>\n<tr>\n<td>Width (mm)<\/td>\n<td>Fully extended<\/td>\n<td>79<\/td>\n<\/tr>\n<tr>\n<td>Length (inches)<\/td>\n<td>At outside diameter<\/td>\n<td>9,76<\/td>\n<\/tr>\n<tr>\n<td>Length (mm)<\/td>\n<td>At outside diameter<\/td>\n<td>248<\/td>\n<\/tr>\n<tr>\n<td>Tube diamter (mm)<\/td>\n<td>Width of main tube<\/td>\n<td>30<\/td>\n<\/tr>\n<tr>\n<td>Weight (ounces)<\/td>\n<td>Without covers<\/td>\n<td>17,77<\/td>\n<\/tr>\n<tr>\n<td>Weight (grams)<\/td>\n<td>Without covers<\/td>\n<td>504<\/td>\n<\/tr>\n<tr>\n<td>Mechanical outer diameter (objective mm)<\/td>\n<td>Objective end of scope<\/td>\n<td>30<\/td>\n<\/tr>\n<tr>\n<td>Mechanical outer diameter (ocular mm)<\/td>\n<td>Ocular end of scope<\/td>\n<td>44,5<\/td>\n<\/tr>\n<tr>\n<td>Reticle Option<\/td>\n<td>.<\/td>\n<td>G4i<\/td>\n<\/tr>\n<tr>\n<td>Accessories included with the purchase<\/td>\n<td>.<\/td>\n<td>instruction manual, cleaning cloth,<br \/>\nbikini scope cover, battery CR2032,<br \/>\nthrow lever<\/td>\n<\/tr>\n<\/tbody>\n<\/table>\n[\/vc_column_text][\/vc_column][\/vc_row]\n","protected":false},"excerpt":{"rendered":"<p>Dieses 30mm GPO SPECTRA\u2122 8x 1-8x24i Premium-Modell ist die ideale Wahl f\u00fcr Ihre n\u00e4chste Dr\u00fcck- oder Treibjagd. Ein extrem gro\u00dfes Sehfeld zusammen mit einem Rotpunkt f\u00fcr Tageslicht, der von unserer iControl\u2122 Beleuchtung gespeist wird, sorgen f\u00fcr eine schnelle Zielerfassung. Bei dem Absehen handelt es sich um das G4 mit der innovativen Faser- Technologie. Durch die Faser wird ein sehr klar abgegrenzter Punkt mit keinem Durchmesser und extremer Helligkeit realisiert. Mit dem Faserabsehen sind Sie in der Lage alle Helligkeitssituation zu bew\u00e4ltigen. Auch hier wurde die GPO iControl Technologie integriert die den Rotpunkt nach 3 Stunden automatisch ausschaltet und Ihnen anzeigt wenn die Batterie zu wechseln ist. Das GPO SPECTRA\u2122 8x 1-8x24i mit seinem 30 mm-Mittenrohr vereint in einem unschlagbarem Preis- Leistungsverh\u00e4ltnis und kompakter Bauweise, T\u00fcrme die werkzeuglos genullt werden k\u00f6nnen und einen gro\u00dfen Augenabstand sowie einem Verstellbereich von 350 cm auf 100 Meter. 10 Jahre Garantie auf Mechanik und Optik.<\/p>\n","protected":false},"featured_media":6951,"template":"","meta":[],"product_brand":[],"product_cat":[684,394,436,442],"product_tag":[],"class_list":{"0":"post-6959","1":"product","2":"type-product","3":"status-publish","4":"has-post-thumbnail","6":"product_cat-jagd","7":"product_cat-optik","8":"product_cat-zieloptik","9":"product_cat-zielfernrohre","11":"first","12":"onbackorder","13":"shipping-taxable","14":"purchasable","15":"product-type-simple"},"_links":{"self":[{"href":"https:\/\/bullet24.pro\/de\/wp-json\/wp\/v2\/product\/6959","targetHints":{"allow":["GET"]}}],"collection":[{"href":"https:\/\/bullet24.pro\/de\/wp-json\/wp\/v2\/product"}],"about":[{"href":"https:\/\/bullet24.pro\/de\/wp-json\/wp\/v2\/types\/product"}],"wp:featuredmedia":[{"embeddable":true,"href":"https:\/\/bullet24.pro\/de\/wp-json\/wp\/v2\/media\/6951"}],"wp:attachment":[{"href":"https:\/\/bullet24.pro\/de\/wp-json\/wp\/v2\/media?parent=6959"}],"wp:term":[{"taxonomy":"product_brand","embeddable":true,"href":"https:\/\/bullet24.pro\/de\/wp-json\/wp\/v2\/product_brand?post=6959"},{"taxonomy":"product_cat","embeddable":true,"href":"https:\/\/bullet24.pro\/de\/wp-json\/wp\/v2\/product_cat?post=6959"},{"taxonomy":"product_tag","embeddable":true,"href":"https:\/\/bullet24.pro\/de\/wp-json\/wp\/v2\/product_tag?post=6959"}],"curies":[{"name":"wp","href":"https:\/\/api.w.org\/{rel}","templated":true}]}}