{"id":7271,"date":"2023-02-15T17:20:49","date_gmt":"2023-02-15T17:20:49","guid":{"rendered":"https:\/\/bullet24.pro\/?post_type=product&#038;p=7271"},"modified":"2024-10-07T14:10:32","modified_gmt":"2024-10-07T14:10:32","slug":"javelin-pro-hunt-tac-bipod-standard","status":"publish","type":"product","link":"https:\/\/bullet24.pro\/de\/product\/javelin-pro-hunt-tac-bipod-standard\/","title":{"rendered":"Spartan Precision JAVELIN PRO HUNT TAC BIPOD\u00ae STANDARD"},"content":{"rendered":"[vc_row type=&#8220;in_container&#8220; full_screen_row_position=&#8220;middle&#8220; column_margin=&#8220;default&#8220; column_direction=&#8220;default&#8220; column_direction_tablet=&#8220;default&#8220; column_direction_phone=&#8220;default&#8220; scene_position=&#8220;center&#8220; bottom_padding=&#8220;6%&#8220; text_color=&#8220;dark&#8220; text_align=&#8220;left&#8220; row_border_radius=&#8220;none&#8220; row_border_radius_applies=&#8220;bg&#8220; overflow=&#8220;visible&#8220; overlay_strength=&#8220;0.3&#8243; gradient_direction=&#8220;left_to_right&#8220; shape_divider_position=&#8220;bottom&#8220; bg_image_animation=&#8220;none&#8220; gradient_type=&#8220;default&#8220; shape_type=&#8220;&#8220;][vc_column column_padding=&#8220;no-extra-padding&#8220; column_padding_tablet=&#8220;inherit&#8220; column_padding_phone=&#8220;inherit&#8220; column_padding_position=&#8220;all&#8220; column_element_direction_desktop=&#8220;default&#8220; column_element_spacing=&#8220;default&#8220; desktop_text_alignment=&#8220;default&#8220; tablet_text_alignment=&#8220;default&#8220; phone_text_alignment=&#8220;default&#8220; background_color_opacity=&#8220;1&#8243; background_hover_color_opacity=&#8220;1&#8243; column_backdrop_filter=&#8220;none&#8220; column_shadow=&#8220;none&#8220; column_border_radius=&#8220;none&#8220; column_link_target=&#8220;_self&#8220; column_position=&#8220;default&#8220; gradient_direction=&#8220;left_to_right&#8220; overlay_strength=&#8220;0.3&#8243; width=&#8220;1\/1&#8243; tablet_width_inherit=&#8220;default&#8220; animation_type=&#8220;default&#8220; bg_image_animation=&#8220;none&#8220; border_type=&#8220;simple&#8220; column_border_width=&#8220;none&#8220; column_border_style=&#8220;solid&#8220;][vc_column_text]\n<table style=\"width: 90.411%;\">\n<tbody>\n<tr style=\"height: 1px;\">\n<td style=\"width: 22%; height: 1px;\"><\/td>\n<td style=\"width: 66.6829%; height: 1px;\"><strong>Standard<\/strong><\/td>\n<td style=\"width: 66.6829%; height: 1px;\"><strong>Long<\/strong><\/td>\n<\/tr>\n<tr style=\"height: 17px;\">\n<td style=\"width: 22%; height: 17px;\"><strong>Attachment<\/strong><\/td>\n<td style=\"width: 66.6829%; height: 17px;\">Spartan Classic Adapters<\/td>\n<td style=\"width: 66.6829%; height: 17px;\">Spartan Classic Adapters<\/td>\n<\/tr>\n<tr style=\"height: 17px;\">\n<td style=\"width: 22%; height: 17px;\"><strong>Weight<\/strong><\/td>\n<td style=\"width: 66.6829%; height: 17px;\"><span style=\"font-weight: 400;\">215g \/ 7.6oz<\/span><\/td>\n<td style=\"width: 66.6829%; height: 17px;\">236g \/ 8.3oz<\/td>\n<\/tr>\n<tr style=\"height: 17px;\">\n<td style=\"width: 22%; height: 17px;\"><strong>Cant<\/strong><\/td>\n<td style=\"width: 66.6829%; height: 17px;\">15\u00b0 left and right<\/td>\n<td style=\"width: 66.6829%; height: 17px;\">15\u00b0 left and right<\/td>\n<\/tr>\n<tr style=\"height: 17px;\">\n<td style=\"width: 22%; height: 17px;\"><strong>Pan<\/strong><\/td>\n<td style=\"width: 66.6829%; height: 17px;\">30\u00b0 left and right<\/td>\n<td style=\"width: 66.6829%; height: 17px;\">30\u00b0 left and right<\/td>\n<\/tr>\n<tr style=\"height: 17px;\">\n<td style=\"width: 22%; height: 17px;\"><strong>Ground Clearance<\/strong><\/td>\n<td style=\"width: 66.6829%; height: 17px;\">17.9cm &#8211; 23.2cm \/ 7\u201d &#8211; 9.1\u201d<\/td>\n<td style=\"width: 66.6829%; height: 17px;\">22.8cm &#8211; 31cm \/ 8.9\u201d &#8211; 12.2\u201d<\/td>\n<\/tr>\n<\/tbody>\n<\/table>\n[\/vc_column_text][\/vc_column][\/vc_row]\n","protected":false},"excerpt":{"rendered":"<p>Das Spartan Precision Javelin Pro Hunt Tac wurde f\u00fcr J\u00e4ger entwickelt, die gro\u00dfe Gebiete abdecken, oft in bergigem und bewaldetem Gel\u00e4nde. Es wird in einer Tasche, einem Holster oder einem Rucksack getragen und kann dank des Spartan Precision Magnetic Attachment System in Sekundenschnelle aufgestellt werden. Die federunterst\u00fctzten Spartan Precision Tac-Beine, die mit einer Hand schnell eingestellt werden k\u00f6nnen, sorgen zusammen mit der Neigungsverstellung f\u00fcr eine ebene und stabile Plattform. Eine Traversierfunktion verfolgt sich bewegende Ziele und eine Beinverriegelung hilft bei der \u00dcberwindung schwieriger Winkel und steilen Gel\u00e4ndes.<br \/>\nSpartan Precision Federunterst\u00fctzte Tac-Beine f\u00fcr einfache einh\u00e4ndige H\u00f6henverstellung und Flexibilit\u00e4t in unterschiedlichem Terrain.<br \/>\nVerfolgen Sie Ziele mit der Traversierfunktion oder verwenden Sie den Modus f\u00fcr fixierte Ziele.<br \/>\nNeigungsverstellung f\u00fcr unebenes Terrain.<br \/>\nBeinverriegelungsfunktion, die die Beine offen h\u00e4lt, bis der Benutzer sie losl\u00e4sst.<br \/>\nModulares Design zur Aufnahme einer Reihe von verschiedenen Beinen f\u00fcr unterschiedliche Schie\u00dfpositionen und Gel\u00e4ndetypen.<br \/>\nLanglebige Wolframkarbidspitzen mit angebundenen synthetischen Stiefeln zur Verbesserung der Griffigkeit in jedem Gel\u00e4nde.<br \/>\nHergestellt aus 7075 hartanodisiertem Aluminium und hochwertiger Kohlefaser f\u00fcr geringes Gewicht, Korrosionsbest\u00e4ndigkeit und St\u00e4rke.<br \/>\nKompatibel mit der gesamten Palette der Spartan Precision Classic-Adapter.<br \/>\nWird mit einem Spartan Precision klassischen Gewehradaptersatz geliefert, um das Zweibein an den meisten herk\u00f6mmlichen Jagdgewehren zu befestigen.<\/p>\n","protected":false},"featured_media":7248,"template":"","meta":[],"product_brand":[],"product_cat":[247,402,403],"product_tag":[],"class_list":{"0":"post-7271","1":"product","2":"type-product","3":"status-publish","4":"has-post-thumbnail","6":"product_cat-schiesssportzubehor","7":"product_cat-zweibeinstative-und-einbeinstative","8":"product_cat-zweibeinstative","10":"first","11":"instock","12":"shipping-taxable","13":"purchasable","14":"product-type-simple"},"_links":{"self":[{"href":"https:\/\/bullet24.pro\/de\/wp-json\/wp\/v2\/product\/7271","targetHints":{"allow":["GET"]}}],"collection":[{"href":"https:\/\/bullet24.pro\/de\/wp-json\/wp\/v2\/product"}],"about":[{"href":"https:\/\/bullet24.pro\/de\/wp-json\/wp\/v2\/types\/product"}],"wp:featuredmedia":[{"embeddable":true,"href":"https:\/\/bullet24.pro\/de\/wp-json\/wp\/v2\/media\/7248"}],"wp:attachment":[{"href":"https:\/\/bullet24.pro\/de\/wp-json\/wp\/v2\/media?parent=7271"}],"wp:term":[{"taxonomy":"product_brand","embeddable":true,"href":"https:\/\/bullet24.pro\/de\/wp-json\/wp\/v2\/product_brand?post=7271"},{"taxonomy":"product_cat","embeddable":true,"href":"https:\/\/bullet24.pro\/de\/wp-json\/wp\/v2\/product_cat?post=7271"},{"taxonomy":"product_tag","embeddable":true,"href":"https:\/\/bullet24.pro\/de\/wp-json\/wp\/v2\/product_tag?post=7271"}],"curies":[{"name":"wp","href":"https:\/\/api.w.org\/{rel}","templated":true}]}}