{"id":7310,"date":"2023-02-15T17:39:38","date_gmt":"2023-02-15T17:39:38","guid":{"rendered":"https:\/\/bullet24.pro\/?post_type=product&#038;p=7310"},"modified":"2024-10-07T13:32:26","modified_gmt":"2024-10-07T13:32:26","slug":"valhalla-bipod-with-picatinny-adapter","status":"publish","type":"product","link":"https:\/\/bullet24.pro\/de\/product\/valhalla-bipod-with-picatinny-adapter\/","title":{"rendered":"Spartan precision VALHALLA BIPOD\u00ae WITH PICATINNY ADAPTER"},"content":{"rendered":"","protected":false},"excerpt":{"rendered":"<p>Das Spartan precision Valhalla-Zweibein wurde optimiert, um eine leichte und unglaublich stabile Plattform f\u00fcr J\u00e4ger und Langstrecken-Pr\u00e4zisionssch\u00fctzen in allen Umgebungen zu bieten. Es kann an taktischen Gewehren mit Picatinny- oder M-Lok-Schienen befestigt werden. Es kann zur Lagerung und zum Transport unter das Gewehr geklappt oder im Handumdrehen abgenommen werden. Die h\u00f6henverstellbaren, federunterst\u00fctzten Tac-Beine mit Neigungsverstellung k\u00f6nnen mit einer Hand verstellt werden und lassen sich in Sekundenschnelle in f\u00fcnf Positionen aufstellen.<br \/>\nKann auch direkt an Spartan precision Davros Heads und Spartan precision Stativen befestigt werden, um einen schnellen Wechsel zwischen liegender, sitzender und stehender Schussposition zu erm\u00f6glichen.<br \/>\nCNC-gefr\u00e4st aus 7075-T7351 Aluminium mit schwarzer, harteloxierter Oberfl\u00e4che.<br \/>\nLanglebige Wolframkarbidspitzen mit angebundenen Synthetikstiefeln zur Verbesserung der Griffigkeit auf allen B\u00f6den.<br \/>\nF\u00fcnf Beinneigungseinstellungen von 0\u00b0 bis 180\u00b0.<br \/>\nKippvorrichtung f\u00fcr unebene Oberfl\u00e4chen.<br \/>\nFederunterst\u00fctzte Tac-Beine f\u00fcr schnelle einh\u00e4ndige H\u00f6henverstellung.<br \/>\nModulares Design zur Aufnahme einer Reihe verschiedener Beine f\u00fcr unterschiedliche Aufnahmepositionen und Gel\u00e4ndetypen.<br \/>\nDas Spartan precision Valhalla kann direkt auf das Spartan precision Sentinel-Stativsystem und jedes andere Produkt mit Spartan precision Davros-Halterung montiert werden.<br \/>\nLieferung mit Aufbewahrungskoffer und einer Auswahl an Spartan precision Valhalla Picatinny- und M-Lok-Adaptern. Weitere Adapteroptionen sind bei Salamander Tactical erh\u00e4ltlich.<\/p>\n","protected":false},"featured_media":7287,"template":"","meta":[],"product_brand":[],"product_cat":[247,402,403],"product_tag":[],"class_list":{"0":"post-7310","1":"product","2":"type-product","3":"status-publish","4":"has-post-thumbnail","6":"product_cat-schiesssportzubehor","7":"product_cat-zweibeinstative-und-einbeinstative","8":"product_cat-zweibeinstative","10":"first","11":"onbackorder","12":"shipping-taxable","13":"purchasable","14":"product-type-simple"},"_links":{"self":[{"href":"https:\/\/bullet24.pro\/de\/wp-json\/wp\/v2\/product\/7310","targetHints":{"allow":["GET"]}}],"collection":[{"href":"https:\/\/bullet24.pro\/de\/wp-json\/wp\/v2\/product"}],"about":[{"href":"https:\/\/bullet24.pro\/de\/wp-json\/wp\/v2\/types\/product"}],"wp:featuredmedia":[{"embeddable":true,"href":"https:\/\/bullet24.pro\/de\/wp-json\/wp\/v2\/media\/7287"}],"wp:attachment":[{"href":"https:\/\/bullet24.pro\/de\/wp-json\/wp\/v2\/media?parent=7310"}],"wp:term":[{"taxonomy":"product_brand","embeddable":true,"href":"https:\/\/bullet24.pro\/de\/wp-json\/wp\/v2\/product_brand?post=7310"},{"taxonomy":"product_cat","embeddable":true,"href":"https:\/\/bullet24.pro\/de\/wp-json\/wp\/v2\/product_cat?post=7310"},{"taxonomy":"product_tag","embeddable":true,"href":"https:\/\/bullet24.pro\/de\/wp-json\/wp\/v2\/product_tag?post=7310"}],"curies":[{"name":"wp","href":"https:\/\/api.w.org\/{rel}","templated":true}]}}