{"id":7343,"date":"2023-02-15T18:07:57","date_gmt":"2023-02-15T18:07:57","guid":{"rendered":"https:\/\/bullet24.pro\/?post_type=product&#038;p=7343"},"modified":"2024-10-07T12:47:19","modified_gmt":"2024-10-07T12:47:19","slug":"ascent-tripod-woodland-gen-2-w-davros-pro-head","status":"publish","type":"product","link":"https:\/\/bullet24.pro\/de\/product\/ascent-tripod-woodland-gen-2-w-davros-pro-head\/","title":{"rendered":"Spartan precision ASCENT TRIPOD\u2122 WOODLAND GEN 2 W\/ DAVROS PRO HEAD"},"content":{"rendered":"[vc_row type=&#8220;in_container&#8220; full_screen_row_position=&#8220;middle&#8220; column_margin=&#8220;default&#8220; column_direction=&#8220;default&#8220; column_direction_tablet=&#8220;default&#8220; column_direction_phone=&#8220;default&#8220; scene_position=&#8220;center&#8220; bottom_padding=&#8220;6%&#8220; text_color=&#8220;dark&#8220; text_align=&#8220;left&#8220; row_border_radius=&#8220;none&#8220; row_border_radius_applies=&#8220;bg&#8220; overflow=&#8220;visible&#8220; overlay_strength=&#8220;0.3&#8243; gradient_direction=&#8220;left_to_right&#8220; shape_divider_position=&#8220;bottom&#8220; bg_image_animation=&#8220;none&#8220; gradient_type=&#8220;default&#8220; shape_type=&#8220;&#8220;][vc_column column_padding=&#8220;no-extra-padding&#8220; column_padding_tablet=&#8220;inherit&#8220; column_padding_phone=&#8220;inherit&#8220; column_padding_position=&#8220;all&#8220; column_element_direction_desktop=&#8220;default&#8220; column_element_spacing=&#8220;default&#8220; desktop_text_alignment=&#8220;default&#8220; tablet_text_alignment=&#8220;default&#8220; phone_text_alignment=&#8220;default&#8220; background_color_opacity=&#8220;1&#8243; background_hover_color_opacity=&#8220;1&#8243; column_backdrop_filter=&#8220;none&#8220; column_shadow=&#8220;none&#8220; column_border_radius=&#8220;none&#8220; column_link_target=&#8220;_self&#8220; column_position=&#8220;default&#8220; gradient_direction=&#8220;left_to_right&#8220; overlay_strength=&#8220;0.3&#8243; width=&#8220;1\/1&#8243; tablet_width_inherit=&#8220;default&#8220; animation_type=&#8220;default&#8220; bg_image_animation=&#8220;none&#8220; border_type=&#8220;simple&#8220; column_border_width=&#8220;none&#8220; column_border_style=&#8220;solid&#8220;][vc_column_text]\n<table style=\"width: 90.411%;\">\n<tbody>\n<tr style=\"height: 1px;\">\n<td style=\"width: 22%; height: 1px;\"><\/td>\n<td style=\"width: 36.9989%; height: 1px;\"><strong>Mountain<\/strong><\/td>\n<td style=\"width: 67.0011%; height: 1px;\"><strong>Woodland<\/strong><\/td>\n<\/tr>\n<tr style=\"height: 17px;\">\n<td style=\"width: 22%; height: 17px;\"><strong>Attachment<\/strong><\/td>\n<td style=\"width: 36.9989%; height: 17px;\">Spartan Classic &amp; Optics Adapters<\/td>\n<td style=\"width: 67.0011%; height: 17px;\">Spartan Classic &amp; Optics Adapters<\/td>\n<\/tr>\n<tr style=\"height: 17px;\">\n<td style=\"width: 22%; height: 17px;\"><strong>Ground Clearance<\/strong><\/td>\n<td style=\"width: 36.9989%; height: 17px;\">27cm &#8211; 128cm \/ 11&#8243; &#8211; 50&#8243;<\/td>\n<td style=\"width: 67.0011%; height: 17px;\">\n<p class=\"p1\">31cm &#8211; 177cm \/ 12\u201d &#8211; 70\u201d<\/p>\n<\/td>\n<\/tr>\n<tr style=\"height: 17px;\">\n<td style=\"width: 22%; height: 17px;\"><strong>Cant &amp; Pan<\/strong><\/td>\n<td style=\"width: 36.9989%; height: 17px;\">90\u00ba Cant &amp; 360\u00ba Pan<\/td>\n<td style=\"width: 67.0011%; height: 17px;\">90\u00ba Cant &amp; 360\u00ba Pan<\/td>\n<\/tr>\n<tr style=\"height: 17px;\">\n<td style=\"width: 22%; height: 17px;\"><strong>Weight (including Davros Pro Head)<\/strong><\/td>\n<td style=\"width: 36.9989%; height: 17px;\">1.4kg \/ 3.2lbs<\/td>\n<td style=\"width: 67.0011%; height: 17px;\">1.7kg \/ 3.7lbs<\/td>\n<\/tr>\n<tr style=\"height: 17px;\">\n<td style=\"width: 22%; height: 17px;\"><strong>Leg Pitch Positions<\/strong><\/td>\n<td style=\"width: 36.9989%; height: 17px;\">\n<p class=\"p1\">23\u00ba, 35\u00ba, 51\u00ba, 74\u00ba<\/p>\n<\/td>\n<td style=\"width: 67.0011%; height: 17px;\">\n<p class=\"p1\">23\u00ba, 35\u00ba, 51\u00ba, 74\u00ba<\/p>\n<\/td>\n<\/tr>\n<tr style=\"height: 17px;\">\n<td style=\"width: 22%; height: 17px;\"><strong>Packed Length<\/strong><\/td>\n<td style=\"width: 36.9989%; height: 17px;\">\n<p class=\"p1\">61cm \/ 24\u201d<\/p>\n<\/td>\n<td style=\"width: 67.0011%; height: 17px;\">\n<p class=\"p1\">\u00a074cm \/ 29\u201d<\/p>\n<\/td>\n<\/tr>\n<tr style=\"height: 17px;\">\n<td style=\"width: 22%; height: 17px;\">\n<p class=\"p1\"><b>Packed Diameter \u00d8<\/b><\/p>\n<\/td>\n<td style=\"width: 36.9989%; height: 17px;\">\n<p class=\"p1\">9.1cm \/ 3.6&#8243;<\/p>\n<\/td>\n<td style=\"width: 67.0011%; height: 17px;\">\n<p class=\"p1\">9.1cm \/ 3.6&#8243;<\/p>\n<\/td>\n<\/tr>\n<tr style=\"height: 17px;\">\n<td style=\"width: 22%; height: 17px;\">\n<p class=\"p1\"><b>Trekking Pole Max Height<\/b><\/p>\n<\/td>\n<td style=\"width: 36.9989%; height: 17px;\">\n<p class=\"p1\">123cm \/ 48&#8243;<\/p>\n<\/td>\n<td style=\"width: 67.0011%; height: 17px;\">\n<p class=\"p1\">181cm \/ 71&#8243;<\/p>\n<\/td>\n<\/tr>\n<\/tbody>\n<\/table>\n[\/vc_column_text][\/vc_column][\/vc_row]\n","protected":false},"excerpt":{"rendered":"<p>Entwickelt f\u00fcr Backcountry-J\u00e4ger, die mit leichtem Gep\u00e4ck reisen m\u00fcssen, ohne auf die f\u00fcr den Erfolg notwendige Ausr\u00fcstung verzichten zu wollen. Das funktionsreiche, multifunktionale Spartan precision Ascent-Stativ bietet eine felsenfeste Plattform f\u00fcr eine breite Palette von Gewehren und Optiken und kann im Rucksack getragen werden.<br \/>\nDer Spartan precision Davros Pro-Kopf erm\u00f6glicht ein schnelles Anbringen des Gewehrs, einen reibungslosen 360-Grad-Schwenk und eine bessere Kontrolle in anspruchsvollen Umgebungen. Die kompakten vierteiligen Twist-Lock-Beine des Ascent bieten mehrere Neigungspositionen und k\u00f6nnen zur Verwendung als Trekkingst\u00f6cke abgenommen werden. Die verstellbare Mittels\u00e4ule erm\u00f6glicht eine Feineinstellung der H\u00f6he, so dass auch l\u00e4ngere Beobachtungen bequem m\u00f6glich sind.<br \/>\nGewehradapter sind bei diesem Produkt nicht im Lieferumfang enthalten und m\u00fcssen separat erworben werden.<br \/>\nSpartan precision Davros Pro f\u00fcr reibungslose Optikkontrolle und felsenfeste Gewehrst\u00fctze.<br \/>\nMehrere Beinneigungspositionen.<br \/>\nNeigungsverstellung f\u00fcr unebenes Terrain.<br \/>\nVerstellbare Mittels\u00e4ule zur Feineinstellung der H\u00f6he.<br \/>\nAbnehmbarer Haken zur Aufnahme von Gewichten und zur weiteren Erh\u00f6hung der Stabilit\u00e4t.<br \/>\nKompakte vierteilige Beine mit Hochleistungs-Drehverschl\u00fcssen f\u00fcr einfache H\u00f6henverstellung.<br \/>\nAbnehmbare Beine f\u00fcr die Verwendung als Trekkingst\u00f6cke, die mit Griffen f\u00fcr Trekkingst\u00f6cke ausgestattet werden k\u00f6nnen.<br \/>\nLanglebige Wolframkarbidspitzen mit angebundenen synthetischen Stiefeln f\u00fcr besseren Halt in unterschiedlichen Umgebungen.<br \/>\nHergestellt aus mehrschichtigem Karbon und 7075-T7351 Aluminium mit einer haltbaren, schwarz eloxierten Oberfl\u00e4che.<\/p>\n","protected":false},"featured_media":7338,"template":"","meta":[],"product_brand":[],"product_cat":[247,566,573],"product_tag":[],"class_list":{"0":"post-7343","1":"product","2":"type-product","3":"status-publish","4":"has-post-thumbnail","6":"product_cat-schiesssportzubehor","7":"product_cat-stative","8":"product_cat-stative-de","10":"first","11":"onbackorder","12":"shipping-taxable","13":"purchasable","14":"product-type-simple"},"_links":{"self":[{"href":"https:\/\/bullet24.pro\/de\/wp-json\/wp\/v2\/product\/7343","targetHints":{"allow":["GET"]}}],"collection":[{"href":"https:\/\/bullet24.pro\/de\/wp-json\/wp\/v2\/product"}],"about":[{"href":"https:\/\/bullet24.pro\/de\/wp-json\/wp\/v2\/types\/product"}],"wp:featuredmedia":[{"embeddable":true,"href":"https:\/\/bullet24.pro\/de\/wp-json\/wp\/v2\/media\/7338"}],"wp:attachment":[{"href":"https:\/\/bullet24.pro\/de\/wp-json\/wp\/v2\/media?parent=7343"}],"wp:term":[{"taxonomy":"product_brand","embeddable":true,"href":"https:\/\/bullet24.pro\/de\/wp-json\/wp\/v2\/product_brand?post=7343"},{"taxonomy":"product_cat","embeddable":true,"href":"https:\/\/bullet24.pro\/de\/wp-json\/wp\/v2\/product_cat?post=7343"},{"taxonomy":"product_tag","embeddable":true,"href":"https:\/\/bullet24.pro\/de\/wp-json\/wp\/v2\/product_tag?post=7343"}],"curies":[{"name":"wp","href":"https:\/\/api.w.org\/{rel}","templated":true}]}}