{"id":7367,"date":"2023-02-15T18:29:25","date_gmt":"2023-02-15T18:29:25","guid":{"rendered":"https:\/\/bullet24.pro\/?post_type=product&#038;p=7367"},"modified":"2024-10-07T12:32:12","modified_gmt":"2024-10-07T12:32:12","slug":"davros-head","status":"publish","type":"product","link":"https:\/\/bullet24.pro\/de\/product\/davros-head\/","title":{"rendered":"Spartan Precision DAVROS HEAD\u2122"},"content":{"rendered":"[vc_row type=&#8220;in_container&#8220; full_screen_row_position=&#8220;middle&#8220; column_margin=&#8220;default&#8220; column_direction=&#8220;default&#8220; column_direction_tablet=&#8220;default&#8220; column_direction_phone=&#8220;default&#8220; scene_position=&#8220;center&#8220; bottom_padding=&#8220;6%&#8220; text_color=&#8220;dark&#8220; text_align=&#8220;left&#8220; row_border_radius=&#8220;none&#8220; row_border_radius_applies=&#8220;bg&#8220; overflow=&#8220;visible&#8220; overlay_strength=&#8220;0.3&#8243; gradient_direction=&#8220;left_to_right&#8220; shape_divider_position=&#8220;bottom&#8220; bg_image_animation=&#8220;none&#8220; gradient_type=&#8220;default&#8220; shape_type=&#8220;&#8220;][vc_column column_padding=&#8220;no-extra-padding&#8220; column_padding_tablet=&#8220;inherit&#8220; column_padding_phone=&#8220;inherit&#8220; column_padding_position=&#8220;all&#8220; column_element_direction_desktop=&#8220;default&#8220; column_element_spacing=&#8220;default&#8220; desktop_text_alignment=&#8220;default&#8220; tablet_text_alignment=&#8220;default&#8220; phone_text_alignment=&#8220;default&#8220; background_color_opacity=&#8220;1&#8243; background_hover_color_opacity=&#8220;1&#8243; column_backdrop_filter=&#8220;none&#8220; column_shadow=&#8220;none&#8220; column_border_radius=&#8220;none&#8220; column_link_target=&#8220;_self&#8220; column_position=&#8220;default&#8220; gradient_direction=&#8220;left_to_right&#8220; overlay_strength=&#8220;0.3&#8243; width=&#8220;1\/1&#8243; tablet_width_inherit=&#8220;default&#8220; animation_type=&#8220;default&#8220; bg_image_animation=&#8220;none&#8220; border_type=&#8220;simple&#8220; column_border_width=&#8220;none&#8220; column_border_style=&#8220;solid&#8220;][vc_column_text]\n<table style=\"width: 90.411%;\">\n<tbody>\n<tr style=\"height: 1px;\">\n<td style=\"width: 22%; height: 1px;\"><strong>Weight<\/strong><\/td>\n<td style=\"width: 66.6829%; height: 1px;\">115g \/ 4oz<\/td>\n<\/tr>\n<tr style=\"height: 17px;\">\n<td style=\"width: 22%; height: 17px;\"><strong>Cant<\/strong><\/td>\n<td style=\"width: 66.6829%; height: 17px;\">25\u00b0 left and right<\/td>\n<\/tr>\n<tr style=\"height: 17px;\">\n<td style=\"width: 22%; height: 17px;\"><strong>Pan<\/strong><\/td>\n<td style=\"width: 66.6829%; height: 17px;\">360\u00b0<\/td>\n<\/tr>\n<tr style=\"height: 17px;\">\n<td style=\"width: 22%; height: 17px;\"><strong>Attachment<\/strong><\/td>\n<td style=\"width: 66.6829%; height: 17px;\">Spartan Classic Adapters &amp; Optics Adapters<\/td>\n<\/tr>\n<tr style=\"height: 17px;\">\n<td style=\"width: 22%; height: 17px;\"><b>Mounting Thread<\/b><\/td>\n<td style=\"width: 66.6829%; height: 17px;\">UNC \u215c &#8211; 16&#8243; (Bush included for\u00a01\/4&#8243;-20 threads)<\/td>\n<\/tr>\n<\/tbody>\n<\/table>\n[\/vc_column_text][\/vc_column][\/vc_row]\n","protected":false},"excerpt":{"rendered":"<p>Viele J\u00e4ger haben bereits in Stative und Schie\u00dfauflagen wie die Primos Trigger Sticks investiert. Der Spartan Precision Davros-Kopf l\u00e4sst sich an solchen Systemen nachr\u00fcsten, so dass sie das Spartan Magnetic Attachment System nutzen k\u00f6nnen, mit dem Sie schnell und sicher zwischen verschiedenen Gewehren, Optiken und Kameras wechseln k\u00f6nnen. Der Spartan Precision Davros ist aus Aluminium in Luft- und Raumfahrtqualit\u00e4t gefertigt, wiegt nur 115 Gramm und verf\u00fcgt \u00fcber ein reibungsjustierbares Kugelgelenk f\u00fcr einen reibungslosen und stabilen 360-Grad-Feuerbogen mit einem breiten Einstellbereich f\u00fcr H\u00f6he, Tiefe und Neigung.<br \/>\nBitte beachten Sie: Die Verwendung des Spartan Precision Davros-Kopfes mit Ger\u00e4ten von Drittanbietern erfolgt auf Risiko des Benutzers. Spartan Precision Equipment \u00fcbernimmt keine Verantwortung f\u00fcr das Versagen von Produkten, die nicht von Spartan Precision Equipment stammen. Adapter sind nicht im Lieferumfang dieses Produkts enthalten und m\u00fcssen separat erworben werden.<br \/>\nGleichm\u00e4\u00dfiger und stabiler 360-Grad-Feuerbogen mit einem weiten Bereich von H\u00f6hen-, Tiefen- und \u00dcberh\u00f6hungseinstellung<br \/>\nDer Kontrollring erm\u00f6glicht eine variable Reibung des Kugelgelenks<br \/>\nKompatibel mit Stativen und Schie\u00dfst\u00f6cken mit 3\/8&#8243;-16 oder 1\/4&#8243;-20 UNC-Gewinde<br \/>\nCNC-gefr\u00e4st aus 7075-T7351 Aluminium mit schwarzer, harteloxierter Oberfl\u00e4che<\/p>\n","protected":false},"featured_media":7347,"template":"","meta":[],"product_brand":[],"product_cat":[247,566,570],"product_tag":[],"class_list":{"0":"post-7367","1":"product","2":"type-product","3":"status-publish","4":"has-post-thumbnail","6":"product_cat-schiesssportzubehor","7":"product_cat-stative","8":"product_cat-zubehoer-fuer-stative","10":"first","11":"onbackorder","12":"shipping-taxable","13":"purchasable","14":"product-type-simple"},"_links":{"self":[{"href":"https:\/\/bullet24.pro\/de\/wp-json\/wp\/v2\/product\/7367","targetHints":{"allow":["GET"]}}],"collection":[{"href":"https:\/\/bullet24.pro\/de\/wp-json\/wp\/v2\/product"}],"about":[{"href":"https:\/\/bullet24.pro\/de\/wp-json\/wp\/v2\/types\/product"}],"wp:featuredmedia":[{"embeddable":true,"href":"https:\/\/bullet24.pro\/de\/wp-json\/wp\/v2\/media\/7347"}],"wp:attachment":[{"href":"https:\/\/bullet24.pro\/de\/wp-json\/wp\/v2\/media?parent=7367"}],"wp:term":[{"taxonomy":"product_brand","embeddable":true,"href":"https:\/\/bullet24.pro\/de\/wp-json\/wp\/v2\/product_brand?post=7367"},{"taxonomy":"product_cat","embeddable":true,"href":"https:\/\/bullet24.pro\/de\/wp-json\/wp\/v2\/product_cat?post=7367"},{"taxonomy":"product_tag","embeddable":true,"href":"https:\/\/bullet24.pro\/de\/wp-json\/wp\/v2\/product_tag?post=7367"}],"curies":[{"name":"wp","href":"https:\/\/api.w.org\/{rel}","templated":true}]}}