{"id":7391,"date":"2023-02-15T18:36:15","date_gmt":"2023-02-15T18:36:15","guid":{"rendered":"https:\/\/bullet24.pro\/?post_type=product&#038;p=7391"},"modified":"2024-10-07T12:43:12","modified_gmt":"2024-10-07T12:43:12","slug":"davros-pro-head-gen-2","status":"publish","type":"product","link":"https:\/\/bullet24.pro\/de\/product\/davros-pro-head-gen-2\/","title":{"rendered":"Spartan precision DAVROS PRO HEAD\u2122 GEN 2"},"content":{"rendered":"[vc_row type=&#8220;in_container&#8220; full_screen_row_position=&#8220;middle&#8220; column_margin=&#8220;default&#8220; column_direction=&#8220;default&#8220; column_direction_tablet=&#8220;default&#8220; column_direction_phone=&#8220;default&#8220; scene_position=&#8220;center&#8220; bottom_padding=&#8220;6%&#8220; text_color=&#8220;dark&#8220; text_align=&#8220;left&#8220; row_border_radius=&#8220;none&#8220; row_border_radius_applies=&#8220;bg&#8220; overflow=&#8220;visible&#8220; overlay_strength=&#8220;0.3&#8243; gradient_direction=&#8220;left_to_right&#8220; shape_divider_position=&#8220;bottom&#8220; bg_image_animation=&#8220;none&#8220; gradient_type=&#8220;default&#8220; shape_type=&#8220;&#8220;][vc_column column_padding=&#8220;no-extra-padding&#8220; column_padding_tablet=&#8220;inherit&#8220; column_padding_phone=&#8220;inherit&#8220; column_padding_position=&#8220;all&#8220; column_element_direction_desktop=&#8220;default&#8220; column_element_spacing=&#8220;default&#8220; desktop_text_alignment=&#8220;default&#8220; tablet_text_alignment=&#8220;default&#8220; phone_text_alignment=&#8220;default&#8220; background_color_opacity=&#8220;1&#8243; background_hover_color_opacity=&#8220;1&#8243; column_backdrop_filter=&#8220;none&#8220; column_shadow=&#8220;none&#8220; column_border_radius=&#8220;none&#8220; column_link_target=&#8220;_self&#8220; column_position=&#8220;default&#8220; gradient_direction=&#8220;left_to_right&#8220; overlay_strength=&#8220;0.3&#8243; width=&#8220;1\/1&#8243; tablet_width_inherit=&#8220;default&#8220; animation_type=&#8220;default&#8220; bg_image_animation=&#8220;none&#8220; border_type=&#8220;simple&#8220; column_border_width=&#8220;none&#8220; column_border_style=&#8220;solid&#8220;][vc_column_text]\n<table>\n<tbody>\n<tr>\n<td><strong>Weight<\/strong><\/td>\n<td>255g \/ 8.9oz<\/td>\n<\/tr>\n<tr>\n<td><strong>Cant<\/strong><\/td>\n<td>45\u00b0 left and right<\/td>\n<\/tr>\n<tr>\n<td><strong>Pan<\/strong><\/td>\n<td>360\u00b0\u00a0with dedicated pan adjustment control<\/td>\n<\/tr>\n<tr>\n<td><strong>Attachment<\/strong><\/td>\n<td>Spartan Classic Adapters &amp; Optics Adapters<\/td>\n<\/tr>\n<tr>\n<td><strong>Mounting Thread<\/strong><\/td>\n<td>UNC \u215c &#8211; 16 (Bush included for 1\/4&#8243;-20 threads)<\/td>\n<\/tr>\n<\/tbody>\n<\/table>\n[\/vc_column_text][\/vc_column][\/vc_row]\n","protected":false},"excerpt":{"rendered":"<p>Der Spartan precision Davros Pro ist ein Muss f\u00fcr J\u00e4ger, die \u00fcber l\u00e4ngere Zeitr\u00e4ume in anspruchsvollen Umgebungen nach Zielen suchen. Das aus Aluminium in Luft- und Raumfahrtqualit\u00e4t gefertigte Ger\u00e4t l\u00e4sst sich nachtr\u00e4glich an Stativen und Schie\u00dfst\u00f6cken befestigen und h\u00e4lt auch die schwersten Spektive und andere Optiken aus. Ist das Ziel erst einmal gefunden, kann es in Sekundenschnelle auf ein mit dem patentierten Spartan Magnetic Attachment System ausgestattetes Gewehr umger\u00fcstet werden und bietet eine felsenfeste Schie\u00dfplattform.<br \/>\nMit einer breiten Palette an H\u00f6hen-, Tiefen- und Neigungsverstellungen und einem neuen Hochformatmodus f\u00fcr Foto- und Videoarbeiten erm\u00f6glicht die spezielle Schwenkbasis m\u00fcheloses Beobachten \u00fcber weite Gebiete. Die ger\u00e4ndelten Drehkn\u00f6pfe sorgen f\u00fcr einen reibungslosen Betrieb, und eine variable Reibungskontrolle erm\u00f6glicht die Feinabstimmung des leichten Kugelkopfes.<br \/>\nBitte beachten Sie: Die Verwendung des Spartan precision Davros-Kopfes mit Ausr\u00fcstungen von Drittanbietern erfolgt auf eigenes Risiko des Benutzers. Spartan Precision Equipment \u00fcbernimmt keine Verantwortung f\u00fcr das Versagen anderer Produkte als der eigenen. Adapter sind nicht im Lieferumfang dieses Produkts enthalten und m\u00fcssen separat erworben werden. Schnelles und sicheres Wechseln zwischen verschiedenen Gewehren, schweren Spektivoptiken und Kameras<br \/>\nBreites Spektrum an H\u00f6hen-, Tiefen- und Neigungsverstellung f\u00fcr eine stabile Basis selbst f\u00fcr die schwierigsten Aufnahmen in extremen Bergwinkeln<br \/>\nGleichm\u00e4\u00dfiger und stabiler 360-Grad-Feuerbogen mit spezieller Schwenkbasis<br \/>\nDrehbare Steuerkn\u00f6pfe und eine variable Reibungskontrolle f\u00fcr reibungslosen Betrieb<br \/>\nKompatibel mit Stativen und Schie\u00dfst\u00f6cken mit 3\/8&#8243;-16 oder 1\/4&#8243;-20 UNC-Gewinde<br \/>\nCNC-gefr\u00e4st aus einem Aluminiumblock in Luft- und Raumfahrtqualit\u00e4t mit schwarzer, harteloxierter Oberfl\u00e4che<\/p>\n","protected":false},"featured_media":7371,"template":"","meta":[],"product_brand":[],"product_cat":[247,566,570],"product_tag":[],"class_list":{"0":"post-7391","1":"product","2":"type-product","3":"status-publish","4":"has-post-thumbnail","6":"product_cat-schiesssportzubehor","7":"product_cat-stative","8":"product_cat-zubehoer-fuer-stative","10":"first","11":"onbackorder","12":"shipping-taxable","13":"purchasable","14":"product-type-simple"},"_links":{"self":[{"href":"https:\/\/bullet24.pro\/de\/wp-json\/wp\/v2\/product\/7391","targetHints":{"allow":["GET"]}}],"collection":[{"href":"https:\/\/bullet24.pro\/de\/wp-json\/wp\/v2\/product"}],"about":[{"href":"https:\/\/bullet24.pro\/de\/wp-json\/wp\/v2\/types\/product"}],"wp:featuredmedia":[{"embeddable":true,"href":"https:\/\/bullet24.pro\/de\/wp-json\/wp\/v2\/media\/7371"}],"wp:attachment":[{"href":"https:\/\/bullet24.pro\/de\/wp-json\/wp\/v2\/media?parent=7391"}],"wp:term":[{"taxonomy":"product_brand","embeddable":true,"href":"https:\/\/bullet24.pro\/de\/wp-json\/wp\/v2\/product_brand?post=7391"},{"taxonomy":"product_cat","embeddable":true,"href":"https:\/\/bullet24.pro\/de\/wp-json\/wp\/v2\/product_cat?post=7391"},{"taxonomy":"product_tag","embeddable":true,"href":"https:\/\/bullet24.pro\/de\/wp-json\/wp\/v2\/product_tag?post=7391"}],"curies":[{"name":"wp","href":"https:\/\/api.w.org\/{rel}","templated":true}]}}