{"id":7406,"date":"2023-02-15T18:48:51","date_gmt":"2023-02-15T18:48:51","guid":{"rendered":"https:\/\/bullet24.pro\/?post_type=product&#038;p=7406"},"modified":"2024-10-07T12:56:06","modified_gmt":"2024-10-07T12:56:06","slug":"mr-g-clamp","status":"publish","type":"product","link":"https:\/\/bullet24.pro\/de\/product\/mr-g-clamp\/","title":{"rendered":"Spartan precision MR G CLAMP"},"content":{"rendered":"[vc_row type=&#8220;in_container&#8220; full_screen_row_position=&#8220;middle&#8220; column_margin=&#8220;default&#8220; column_direction=&#8220;default&#8220; column_direction_tablet=&#8220;default&#8220; column_direction_phone=&#8220;default&#8220; scene_position=&#8220;center&#8220; bottom_padding=&#8220;6%&#8220; text_color=&#8220;dark&#8220; text_align=&#8220;left&#8220; row_border_radius=&#8220;none&#8220; row_border_radius_applies=&#8220;bg&#8220; overflow=&#8220;visible&#8220; overlay_strength=&#8220;0.3&#8243; gradient_direction=&#8220;left_to_right&#8220; shape_divider_position=&#8220;bottom&#8220; bg_image_animation=&#8220;none&#8220; gradient_type=&#8220;default&#8220; shape_type=&#8220;&#8220;][vc_column column_padding=&#8220;no-extra-padding&#8220; column_padding_tablet=&#8220;inherit&#8220; column_padding_phone=&#8220;inherit&#8220; column_padding_position=&#8220;all&#8220; column_element_direction_desktop=&#8220;default&#8220; column_element_spacing=&#8220;default&#8220; desktop_text_alignment=&#8220;default&#8220; tablet_text_alignment=&#8220;default&#8220; phone_text_alignment=&#8220;default&#8220; background_color_opacity=&#8220;1&#8243; background_hover_color_opacity=&#8220;1&#8243; column_backdrop_filter=&#8220;none&#8220; column_shadow=&#8220;none&#8220; column_border_radius=&#8220;none&#8220; column_link_target=&#8220;_self&#8220; column_position=&#8220;default&#8220; gradient_direction=&#8220;left_to_right&#8220; overlay_strength=&#8220;0.3&#8243; width=&#8220;1\/1&#8243; tablet_width_inherit=&#8220;default&#8220; animation_type=&#8220;default&#8220; bg_image_animation=&#8220;none&#8220; border_type=&#8220;simple&#8220; column_border_width=&#8220;none&#8220; column_border_style=&#8220;solid&#8220;][vc_column_text]\n<table style=\"width: 90.411%;\">\n<tbody>\n<tr style=\"height: 1px;\">\n<td style=\"width: 22%; height: 1px;\"><strong>Weight<\/strong><\/td>\n<td style=\"width: 66.6829%; height: 1px;\">270g \/ 9.6oz<\/td>\n<\/tr>\n<tr style=\"height: 17px;\">\n<td style=\"width: 22%; height: 17px;\"><b>Dimensions<\/b><\/td>\n<td style=\"width: 66.6829%; height: 17px;\">120mm x 70mm x 30mm<\/td>\n<\/tr>\n<tr style=\"height: 17px;\">\n<td style=\"width: 22%; height: 17px;\"><strong>Mounting Points<\/strong><\/td>\n<td style=\"width: 66.6829%; height: 17px;\">Four 1\/4-20&#8243; UNC male mounting points for attaching Davros Heads and other accessories (Bush included for mounting accessories with 3\/8-16&#8243; UNC female threads)<\/td>\n<\/tr>\n<tr style=\"height: 17px;\">\n<td style=\"width: 22%; height: 17px;\"><strong>Attachment<\/strong><\/td>\n<td style=\"width: 66.6829%; height: 17px;\">Spartan Classic Adapters &amp; Optics Adapters<\/td>\n<\/tr>\n<tr style=\"height: 17px;\">\n<td style=\"width: 22%; height: 17px;\"><strong>Maximum Clamp Grip<\/strong><\/td>\n<td style=\"width: 66.6829%; height: 17px;\">60mm<\/td>\n<\/tr>\n<\/tbody>\n<\/table>\n[\/vc_column_text][\/vc_column][\/vc_row]\n","protected":false},"excerpt":{"rendered":"<p>Die Spartan precision Mr G Clamp wurde f\u00fcr die Verwendung mit den Spartan precision Davros Heads entwickelt und ist ein wahrer Spielver\u00e4nderer, der Ihr Gewehr und Ihre Optik in fast jeder Situation unterst\u00fctzt. Die Spartan precision Mr G Clamp kann in Hochsitzen, Baumst\u00e4ndern, Verstecken, sowie auf Autos oder Buggys verwendet werden. Sie werden nicht mehr ohne Ihre Spartan precision Mr. G Clamp gehen. Eine \u00fcberall einsetzbare Halterung f\u00fcr Ihr Gewehr und Ihre Optik, die sich an so ziemlich alles klemmen l\u00e4sst.<br \/>\nBitte beachten Sie: Die Verwendung der Spartan precision Mr. G Clamp mit Ger\u00e4ten von Drittanbietern erfolgt auf Risiko des Benutzers. Spartan Precision Equipment \u00fcbernimmt keine Verantwortung f\u00fcr das Versagen von anderen Produkten als den eigenen.<br \/>\nVier 1\/4-20&#8243; UNC-Au\u00dfengewinde zur Befestigung von Davros-K\u00f6pfen und anderem Zubeh\u00f6r (Buchse zur Befestigung von Zubeh\u00f6r mit 3\/8-16&#8243; UNC-Innengewinde im Lieferumfang enthalten)<br \/>\nKlemmen an einer Vielzahl von Oberfl\u00e4chen mit einer maximalen Er\u00f6ffnung von 60 mm<\/p>\n","protected":false},"featured_media":7395,"template":"","meta":[],"product_brand":[],"product_cat":[247,566,570],"product_tag":[],"class_list":{"0":"post-7406","1":"product","2":"type-product","3":"status-publish","4":"has-post-thumbnail","6":"product_cat-schiesssportzubehor","7":"product_cat-stative","8":"product_cat-zubehoer-fuer-stative","10":"first","11":"onbackorder","12":"shipping-taxable","13":"purchasable","14":"product-type-simple"},"_links":{"self":[{"href":"https:\/\/bullet24.pro\/de\/wp-json\/wp\/v2\/product\/7406","targetHints":{"allow":["GET"]}}],"collection":[{"href":"https:\/\/bullet24.pro\/de\/wp-json\/wp\/v2\/product"}],"about":[{"href":"https:\/\/bullet24.pro\/de\/wp-json\/wp\/v2\/types\/product"}],"wp:featuredmedia":[{"embeddable":true,"href":"https:\/\/bullet24.pro\/de\/wp-json\/wp\/v2\/media\/7395"}],"wp:attachment":[{"href":"https:\/\/bullet24.pro\/de\/wp-json\/wp\/v2\/media?parent=7406"}],"wp:term":[{"taxonomy":"product_brand","embeddable":true,"href":"https:\/\/bullet24.pro\/de\/wp-json\/wp\/v2\/product_brand?post=7406"},{"taxonomy":"product_cat","embeddable":true,"href":"https:\/\/bullet24.pro\/de\/wp-json\/wp\/v2\/product_cat?post=7406"},{"taxonomy":"product_tag","embeddable":true,"href":"https:\/\/bullet24.pro\/de\/wp-json\/wp\/v2\/product_tag?post=7406"}],"curies":[{"name":"wp","href":"https:\/\/api.w.org\/{rel}","templated":true}]}}