{"id":7523,"date":"2023-02-15T21:24:59","date_gmt":"2023-02-15T21:24:59","guid":{"rendered":"https:\/\/bullet24.pro\/?post_type=product&#038;p=7523"},"modified":"2024-10-07T14:31:51","modified_gmt":"2024-10-07T14:31:51","slug":"classic-gunsmith-adapters-brass","status":"publish","type":"product","link":"https:\/\/bullet24.pro\/de\/product\/classic-gunsmith-adapters-brass\/","title":{"rendered":"Spartan Precision CLASSIC GUNSMITH ADAPTERS &#8211; BRASS"},"content":{"rendered":"[vc_row type=&#8220;in_container&#8220; full_screen_row_position=&#8220;middle&#8220; column_margin=&#8220;default&#8220; column_direction=&#8220;default&#8220; column_direction_tablet=&#8220;default&#8220; column_direction_phone=&#8220;default&#8220; scene_position=&#8220;center&#8220; bottom_padding=&#8220;6%&#8220; text_color=&#8220;dark&#8220; text_align=&#8220;left&#8220; row_border_radius=&#8220;none&#8220; row_border_radius_applies=&#8220;bg&#8220; overflow=&#8220;visible&#8220; overlay_strength=&#8220;0.3&#8243; gradient_direction=&#8220;left_to_right&#8220; shape_divider_position=&#8220;bottom&#8220; bg_image_animation=&#8220;none&#8220; gradient_type=&#8220;default&#8220; shape_type=&#8220;&#8220;][vc_column column_padding=&#8220;no-extra-padding&#8220; column_padding_tablet=&#8220;inherit&#8220; column_padding_phone=&#8220;inherit&#8220; column_padding_position=&#8220;all&#8220; column_element_direction_desktop=&#8220;default&#8220; column_element_spacing=&#8220;default&#8220; desktop_text_alignment=&#8220;default&#8220; tablet_text_alignment=&#8220;default&#8220; phone_text_alignment=&#8220;default&#8220; background_color_opacity=&#8220;1&#8243; background_hover_color_opacity=&#8220;1&#8243; column_backdrop_filter=&#8220;none&#8220; column_shadow=&#8220;none&#8220; column_border_radius=&#8220;none&#8220; column_link_target=&#8220;_self&#8220; column_position=&#8220;default&#8220; gradient_direction=&#8220;left_to_right&#8220; overlay_strength=&#8220;0.3&#8243; width=&#8220;1\/1&#8243; tablet_width_inherit=&#8220;default&#8220; animation_type=&#8220;default&#8220; bg_image_animation=&#8220;none&#8220; border_type=&#8220;simple&#8220; column_border_width=&#8220;none&#8220; column_border_style=&#8220;solid&#8220;][vc_column_text]\n<table style=\"width: 100.783%;\">\n<tbody>\n<tr style=\"height: 1px;\">\n<td style=\"width: 25.4757%; height: 1px; text-align: center;\"><\/td>\n<td style=\"width: 25.5243%; height: 1px; text-align: center;\"><strong>Gunsmith<\/strong><\/td>\n<td style=\"width: 25.5243%; height: 1px; text-align: center;\"><strong>Brass Gunsmith<\/strong><\/td>\n<\/tr>\n<tr style=\"height: 1px;\">\n<td style=\"width: 25.4757%; height: 1px; text-align: center;\"><strong>Weight<\/strong><\/td>\n<td style=\"width: 25.5243%; height: 1px; text-align: center;\">9g \/ 0.3oz<\/td>\n<td style=\"width: 25.5243%; height: 1px; text-align: center;\">23g \/ 0.8oz<\/td>\n<\/tr>\n<tr style=\"height: 1px;\">\n<td style=\"width: 25.4757%; height: 1px; text-align: center;\"><strong>Total Depth<\/strong><\/td>\n<td style=\"width: 25.5243%; height: 1px; text-align: center;\">17mm<\/td>\n<td style=\"width: 25.5243%; height: 1px; text-align: center;\">17mm<\/td>\n<\/tr>\n<tr style=\"height: 1px;\">\n<td style=\"width: 25.4757%; height: 1px; text-align: center;\"><strong>Compatibility<\/strong><\/td>\n<td style=\"width: 25.5243%; height: 1px; text-align: center;\">Javelin Lite, Pro Hunt, Pro Hunt Tac, Sentinel and Ascent<\/td>\n<td style=\"width: 25.5243%; height: 1px; text-align: center;\">Javelin Lite, Pro Hunt, Pro Hunt Tac, Sentinel and Ascent<\/td>\n<\/tr>\n<\/tbody>\n<\/table>\n[\/vc_column_text][\/vc_column][\/vc_row]\n","protected":false},"excerpt":{"rendered":"<p>Unser Sortiment an B\u00fcchsenmacheradaptern wurde f\u00fcr J\u00e4ger entwickelt, die das ultimative, diskrete und leichte Befestigungssystem f\u00fcr ihrSpartan Precision -Zweibein oder -Dreibein suchen. Diese Spartan Precision Adapter sind so konzipiert, dass sie von professionellen B\u00fcchsenmachern und kompetenten Personen in Holz- und Kunststoffsch\u00e4fte eingeklebt werden k\u00f6nnen.<br \/>\nBitte beachten Sie: Die Modifizierung Ihres Gewehrschaftes mit Ausr\u00fcstung von Drittanbietern erfolgt auf Risiko des Benutzers. Spartan Precision Equipment \u00fcbernimmt keine Verantwortung f\u00fcr das Versagen anderer Produkte als die eigenen.<br \/>\nCNC-gefr\u00e4st aus 7075-T7351 Aluminium-Block mit schwarzer Harteloxierung.<br \/>\nErm\u00f6glicht die Verwendung unseres Spartan Precision Javelin-Zweibeins in den Modi &#8222;Festzielen&#8220; und &#8222;Traversieren.<br \/>\nOption aus Messing mit einem Gewicht von nur 23 Gramm.<\/p>\n","protected":false},"featured_media":7518,"template":"","meta":[],"product_brand":[],"product_cat":[247,402,405,407],"product_tag":[],"class_list":{"0":"post-7523","1":"product","2":"type-product","3":"status-publish","4":"has-post-thumbnail","6":"product_cat-schiesssportzubehor","7":"product_cat-zweibeinstative-und-einbeinstative","8":"product_cat-zubehoer-zweibeinstative-und-einbeinstative","9":"product_cat-fuer-zweibeinstative","11":"first","12":"onbackorder","13":"shipping-taxable","14":"purchasable","15":"product-type-simple"},"_links":{"self":[{"href":"https:\/\/bullet24.pro\/de\/wp-json\/wp\/v2\/product\/7523","targetHints":{"allow":["GET"]}}],"collection":[{"href":"https:\/\/bullet24.pro\/de\/wp-json\/wp\/v2\/product"}],"about":[{"href":"https:\/\/bullet24.pro\/de\/wp-json\/wp\/v2\/types\/product"}],"wp:featuredmedia":[{"embeddable":true,"href":"https:\/\/bullet24.pro\/de\/wp-json\/wp\/v2\/media\/7518"}],"wp:attachment":[{"href":"https:\/\/bullet24.pro\/de\/wp-json\/wp\/v2\/media?parent=7523"}],"wp:term":[{"taxonomy":"product_brand","embeddable":true,"href":"https:\/\/bullet24.pro\/de\/wp-json\/wp\/v2\/product_brand?post=7523"},{"taxonomy":"product_cat","embeddable":true,"href":"https:\/\/bullet24.pro\/de\/wp-json\/wp\/v2\/product_cat?post=7523"},{"taxonomy":"product_tag","embeddable":true,"href":"https:\/\/bullet24.pro\/de\/wp-json\/wp\/v2\/product_tag?post=7523"}],"curies":[{"name":"wp","href":"https:\/\/api.w.org\/{rel}","templated":true}]}}