{"id":7643,"date":"2023-02-15T22:11:47","date_gmt":"2023-02-15T22:11:47","guid":{"rendered":"https:\/\/bullet24.pro\/?post_type=product&#038;p=7643"},"modified":"2024-10-07T13:44:05","modified_gmt":"2024-10-07T13:44:05","slug":"trekking-pole-handle","status":"publish","type":"product","link":"https:\/\/bullet24.pro\/de\/product\/trekking-pole-handle\/","title":{"rendered":"Spartan precision TREKKING POLE HANDLE"},"content":{"rendered":"","protected":false},"excerpt":{"rendered":"<p>Die Beine unserer Spartan precision Ascent- und Spartan precision Sentinel-Stative sind so konstruiert, dass sie f\u00fcr die Verwendung als Trekkingst\u00f6cke abgenommen werden k\u00f6nnen. Die Griffe unserer Trekkingst\u00f6cke lassen sich schnell und einfach anbringen und sind aus langlebigen Materialien gefertigt. Sie sind ergonomisch geformt und liegen gut in der Hand, wobei die verstellbaren, gepolsterten Handgelenkschlaufen zus\u00e4tzliche Sicherheit bieten.<br \/>\nEinzeln verkauft<br \/>\nWiegt 51g \/ 1.7oz pro Griff<\/p>\n","protected":false},"featured_media":7629,"template":"","meta":[],"product_brand":[],"product_cat":[247,566,570],"product_tag":[],"class_list":{"0":"post-7643","1":"product","2":"type-product","3":"status-publish","4":"has-post-thumbnail","6":"product_cat-schiesssportzubehor","7":"product_cat-stative","8":"product_cat-zubehoer-fuer-stative","10":"first","11":"onbackorder","12":"shipping-taxable","13":"purchasable","14":"product-type-simple"},"_links":{"self":[{"href":"https:\/\/bullet24.pro\/de\/wp-json\/wp\/v2\/product\/7643","targetHints":{"allow":["GET"]}}],"collection":[{"href":"https:\/\/bullet24.pro\/de\/wp-json\/wp\/v2\/product"}],"about":[{"href":"https:\/\/bullet24.pro\/de\/wp-json\/wp\/v2\/types\/product"}],"wp:featuredmedia":[{"embeddable":true,"href":"https:\/\/bullet24.pro\/de\/wp-json\/wp\/v2\/media\/7629"}],"wp:attachment":[{"href":"https:\/\/bullet24.pro\/de\/wp-json\/wp\/v2\/media?parent=7643"}],"wp:term":[{"taxonomy":"product_brand","embeddable":true,"href":"https:\/\/bullet24.pro\/de\/wp-json\/wp\/v2\/product_brand?post=7643"},{"taxonomy":"product_cat","embeddable":true,"href":"https:\/\/bullet24.pro\/de\/wp-json\/wp\/v2\/product_cat?post=7643"},{"taxonomy":"product_tag","embeddable":true,"href":"https:\/\/bullet24.pro\/de\/wp-json\/wp\/v2\/product_tag?post=7643"}],"curies":[{"name":"wp","href":"https:\/\/api.w.org\/{rel}","templated":true}]}}