{"id":7703,"date":"2023-02-16T09:55:00","date_gmt":"2023-02-16T09:55:00","guid":{"rendered":"https:\/\/bullet24.pro\/?post_type=product&#038;p=7703"},"modified":"2024-10-07T13:12:46","modified_gmt":"2024-10-07T13:12:46","slug":"lite-leg-standard-sold-as-single-leg","status":"publish","type":"product","link":"https:\/\/bullet24.pro\/de\/product\/lite-leg-standard-sold-as-single-leg\/","title":{"rendered":"Spartan precision LITE LEG STANDARD (SOLD AS SINGLE LEG)"},"content":{"rendered":"[vc_row type=&#8220;in_container&#8220; full_screen_row_position=&#8220;middle&#8220; column_margin=&#8220;default&#8220; column_direction=&#8220;default&#8220; column_direction_tablet=&#8220;default&#8220; column_direction_phone=&#8220;default&#8220; scene_position=&#8220;center&#8220; bottom_padding=&#8220;6%&#8220; text_color=&#8220;dark&#8220; text_align=&#8220;left&#8220; row_border_radius=&#8220;none&#8220; row_border_radius_applies=&#8220;bg&#8220; overflow=&#8220;visible&#8220; overlay_strength=&#8220;0.3&#8243; gradient_direction=&#8220;left_to_right&#8220; shape_divider_position=&#8220;bottom&#8220; bg_image_animation=&#8220;none&#8220; gradient_type=&#8220;default&#8220; shape_type=&#8220;&#8220;][vc_column column_padding=&#8220;no-extra-padding&#8220; column_padding_tablet=&#8220;inherit&#8220; column_padding_phone=&#8220;inherit&#8220; column_padding_position=&#8220;all&#8220; column_element_direction_desktop=&#8220;default&#8220; column_element_spacing=&#8220;default&#8220; desktop_text_alignment=&#8220;default&#8220; tablet_text_alignment=&#8220;default&#8220; phone_text_alignment=&#8220;default&#8220; background_color_opacity=&#8220;1&#8243; background_hover_color_opacity=&#8220;1&#8243; column_backdrop_filter=&#8220;none&#8220; column_shadow=&#8220;none&#8220; column_border_radius=&#8220;none&#8220; column_link_target=&#8220;_self&#8220; column_position=&#8220;default&#8220; gradient_direction=&#8220;left_to_right&#8220; overlay_strength=&#8220;0.3&#8243; width=&#8220;1\/1&#8243; tablet_width_inherit=&#8220;default&#8220; animation_type=&#8220;default&#8220; bg_image_animation=&#8220;none&#8220; border_type=&#8220;simple&#8220; column_border_width=&#8220;none&#8220; column_border_style=&#8220;solid&#8220;][vc_column_text]\n<table style=\"width: 89.6282%;\">\n<tbody>\n<tr style=\"height: 1px;\">\n<td style=\"width: 20%; height: 1px;\"><\/td>\n<td style=\"width: 25%; height: 1px;\"><strong>Mini<\/strong><\/td>\n<td style=\"width: 25%; height: 1px;\"><strong>Standard<\/strong><\/td>\n<td style=\"width: 113.863%; height: 1px;\"><strong>Long<\/strong><\/td>\n<\/tr>\n<tr style=\"height: 17px;\">\n<td style=\"width: 20%; height: 17px;\"><strong>Weight (per leg)<\/strong><\/td>\n<td style=\"width: 25%; height: 17px;\">22g \/ 0.7oz<\/td>\n<td style=\"width: 25%; height: 17px;\">26g \/ 0.9oz<\/td>\n<td style=\"width: 113.863%; height: 17px;\">28g \/ 1oz<\/td>\n<\/tr>\n<tr style=\"height: 17px;\">\n<td style=\"width: 20%; height: 17px;\"><strong>Ground Clearance<\/strong><\/td>\n<td style=\"width: 25%; height: 17px;\">13cm \/ 5.1&#8243;<\/td>\n<td style=\"width: 25%; height: 17px;\">18.5cm \/ 7.2&#8243;<\/td>\n<td style=\"width: 113.863%; height: 17px;\">22cm \/ 8.7&#8243;<\/td>\n<\/tr>\n<tr style=\"height: 17px;\">\n<td style=\"width: 20%; height: 17px;\"><strong>Compatibility<\/strong><\/td>\n<td style=\"width: 25%; height: 17px;\">Javelin Lite, Pro Hunt, Pro Hunt Tac, Sentinel and Ascent<\/td>\n<td style=\"width: 25%; height: 17px;\">Javelin Lite, Pro Hunt, Pro Hunt Tac, Sentinel and Ascent<\/td>\n<td style=\"width: 113.863%; height: 17px;\">Javelin Lite, Pro Hunt, Pro Hunt Tac, Sentinel and Ascent<\/td>\n<\/tr>\n<\/tbody>\n<\/table>\n[\/vc_column_text][\/vc_column][\/vc_row]\n","protected":false},"excerpt":{"rendered":"<p>Die leichten, einfachen und stabilen Spartan precision Beine sind in drei festen H\u00f6hen erh\u00e4ltlich und lassen sich in Sekundenschnelle \u00fcber unser modulares Beinsystem mit Gewinde anbringen. Sie sind mit den Spartan precision Javelin und Spartan precision Valhalla-Zweibeinen sowie den Spartan precision -Stativen kompatibel und verf\u00fcgen \u00fcber langlebige Wolframkarbidspitzen mit angebundenen Kunststoffstiefeln, die den Halt auf jedem Terrain verbessern.<br \/>\nEinfache, stabile Beine mit fester H\u00f6he, erh\u00e4ltlich in drei H\u00f6hen<br \/>\nHergestellt aus harteloxiertem 7075-Aluminium und hochwertiger Kohlefaser f\u00fcr geringes Gewicht, Korrosionsbest\u00e4ndigkeit und Stabilit\u00e4t<br \/>\nLanglebige Wolframkarbidspitzen mit angebundenen Kunststoffstiefeln zur Verbesserung der Griffigkeit in jedem Gel\u00e4nde<\/p>\n","protected":false},"featured_media":7701,"template":"","meta":[],"product_brand":[],"product_cat":[247,566,570,402,405,407],"product_tag":[],"class_list":{"0":"post-7703","1":"product","2":"type-product","3":"status-publish","4":"has-post-thumbnail","6":"product_cat-schiesssportzubehor","7":"product_cat-stative","8":"product_cat-zubehoer-fuer-stative","9":"product_cat-zweibeinstative-und-einbeinstative","10":"product_cat-zubehoer-zweibeinstative-und-einbeinstative","11":"product_cat-fuer-zweibeinstative","13":"first","14":"onbackorder","15":"shipping-taxable","16":"purchasable","17":"product-type-simple"},"_links":{"self":[{"href":"https:\/\/bullet24.pro\/de\/wp-json\/wp\/v2\/product\/7703","targetHints":{"allow":["GET"]}}],"collection":[{"href":"https:\/\/bullet24.pro\/de\/wp-json\/wp\/v2\/product"}],"about":[{"href":"https:\/\/bullet24.pro\/de\/wp-json\/wp\/v2\/types\/product"}],"wp:featuredmedia":[{"embeddable":true,"href":"https:\/\/bullet24.pro\/de\/wp-json\/wp\/v2\/media\/7701"}],"wp:attachment":[{"href":"https:\/\/bullet24.pro\/de\/wp-json\/wp\/v2\/media?parent=7703"}],"wp:term":[{"taxonomy":"product_brand","embeddable":true,"href":"https:\/\/bullet24.pro\/de\/wp-json\/wp\/v2\/product_brand?post=7703"},{"taxonomy":"product_cat","embeddable":true,"href":"https:\/\/bullet24.pro\/de\/wp-json\/wp\/v2\/product_cat?post=7703"},{"taxonomy":"product_tag","embeddable":true,"href":"https:\/\/bullet24.pro\/de\/wp-json\/wp\/v2\/product_tag?post=7703"}],"curies":[{"name":"wp","href":"https:\/\/api.w.org\/{rel}","templated":true}]}}