{"id":7727,"date":"2023-02-16T10:07:25","date_gmt":"2023-02-16T10:07:25","guid":{"rendered":"https:\/\/bullet24.pro\/?post_type=product&#038;p=7727"},"modified":"2025-06-05T16:14:04","modified_gmt":"2025-06-05T16:14:04","slug":"minox-x-hd-10x44","status":"publish","type":"product","link":"https:\/\/bullet24.pro\/de\/product\/minox-x-hd-10x44\/","title":{"rendered":"MINOX X-HD 10&#215;44"},"content":{"rendered":"","protected":false},"excerpt":{"rendered":"<p>Mehr sehen und schneller reagieren &#8211; auch bei schlechten Lichtverh\u00e4ltnissen und auf gr\u00f6\u00dfere Entfernungen? Kein Problem mit den MINOX X-HD Ferngl\u00e4sern: Die exklusiven ED-Linsen sorgen f\u00fcr einen hohen Kontrast und eine sehr gute Detailerkennung. Ihre hohe Transmission sorgt f\u00fcr ein helles Bild auch im letzten Licht des Tages und in der Dunkelheit.<br \/>\nAlle Ferngl\u00e4ser der X-HD-Serie sind Top-Optik zum Top-Preis &#8211; Made in Germany.<br \/>\nSuperschlau: Mit dem MINOX Comfort Service gibt es 10 Jahre Garantie obendrauf &#8211; einfach nach dem Kauf registrieren! Ausstattung<br \/>\n&#8211; ED-Linsen f\u00fcr hohen Kontrast und hervorragende Detailerkennung<br \/>\n&#8211; helles Bild auch bei schlechten Sichtverh\u00e4ltnissen<br \/>\n&#8211; Gro\u00dfes Sehfeld (136 m bei 1.000 m mit dem X-HD 8&#215;44)<br \/>\n&#8211; Robust &#8211; f\u00fcr den rauen Einsatz<br \/>\n&#8211; Ergonomische Handhabung mit offenem Steg<br \/>\n&#8211; Comfort Service &#8211; 10 Jahre Garantie (nach Registrierung)<br \/>\n&#8211; Hergestellt in Deutschland<\/p>\n<p>\u00dcbersetzt mit www.DeepL.com\/Translator (kostenlose Version)<\/p>\n","protected":false},"featured_media":7713,"template":"","meta":[],"product_brand":[],"product_cat":[394,525],"product_tag":[],"class_list":{"0":"post-7727","1":"product","2":"type-product","3":"status-publish","4":"has-post-thumbnail","6":"product_cat-optik","7":"product_cat-werbeaktionen","9":"first","10":"instock","11":"sale","12":"shipping-taxable","13":"purchasable","14":"product-type-simple"},"_links":{"self":[{"href":"https:\/\/bullet24.pro\/de\/wp-json\/wp\/v2\/product\/7727","targetHints":{"allow":["GET"]}}],"collection":[{"href":"https:\/\/bullet24.pro\/de\/wp-json\/wp\/v2\/product"}],"about":[{"href":"https:\/\/bullet24.pro\/de\/wp-json\/wp\/v2\/types\/product"}],"wp:featuredmedia":[{"embeddable":true,"href":"https:\/\/bullet24.pro\/de\/wp-json\/wp\/v2\/media\/7713"}],"wp:attachment":[{"href":"https:\/\/bullet24.pro\/de\/wp-json\/wp\/v2\/media?parent=7727"}],"wp:term":[{"taxonomy":"product_brand","embeddable":true,"href":"https:\/\/bullet24.pro\/de\/wp-json\/wp\/v2\/product_brand?post=7727"},{"taxonomy":"product_cat","embeddable":true,"href":"https:\/\/bullet24.pro\/de\/wp-json\/wp\/v2\/product_cat?post=7727"},{"taxonomy":"product_tag","embeddable":true,"href":"https:\/\/bullet24.pro\/de\/wp-json\/wp\/v2\/product_tag?post=7727"}],"curies":[{"name":"wp","href":"https:\/\/api.w.org\/{rel}","templated":true}]}}