{"id":7856,"date":"2023-02-17T13:04:21","date_gmt":"2023-02-17T13:04:21","guid":{"rendered":"https:\/\/bullet24.pro\/?post_type=product&#038;p=7856"},"modified":"2025-11-16T16:32:55","modified_gmt":"2025-11-16T16:32:55","slug":"victorinox-hunter-pro-black","status":"publish","type":"product","link":"https:\/\/bullet24.pro\/de\/product\/victorinox-hunter-pro-black\/","title":{"rendered":"VICTORINOX HUNTER PRO BLACK"},"content":{"rendered":"","protected":false},"excerpt":{"rendered":"<p>Gro\u00dfes Taschenmesser mit Lock-Klinge<br \/>\nDas Hunter Pro Taschenmesser haben wir speziell f\u00fcr J\u00e4ger entwickelt, die ein reduziertes Messer von h\u00f6herem Kaliber suchen. Die gro\u00dfe Klinge ist unglaublich stark und leicht mit einer Hand zu erreichen, und die ergonomische Form sorgt f\u00fcr einen sehr stabilen Griff. In der passenden Nylon-G\u00fcrteltasche macht es eine gute Figur, aber noch besser sieht es aus, wenn man es in der Hand h\u00e4lt und die Arbeit erledigt. H\u00f6he 16 mm, L\u00e4nge 136 mm, Gewicht 162 g.<\/p>\n","protected":false},"featured_media":7854,"template":"","meta":[],"product_brand":[],"product_cat":[396,464,466],"product_tag":[],"class_list":{"0":"post-7856","1":"product","2":"type-product","3":"status-publish","4":"has-post-thumbnail","6":"product_cat-messer","7":"product_cat-klappmesser","8":"product_cat-einhaendige-oeffnung","10":"first","11":"instock","12":"shipping-taxable","13":"purchasable","14":"product-type-simple"},"_links":{"self":[{"href":"https:\/\/bullet24.pro\/de\/wp-json\/wp\/v2\/product\/7856","targetHints":{"allow":["GET"]}}],"collection":[{"href":"https:\/\/bullet24.pro\/de\/wp-json\/wp\/v2\/product"}],"about":[{"href":"https:\/\/bullet24.pro\/de\/wp-json\/wp\/v2\/types\/product"}],"wp:featuredmedia":[{"embeddable":true,"href":"https:\/\/bullet24.pro\/de\/wp-json\/wp\/v2\/media\/7854"}],"wp:attachment":[{"href":"https:\/\/bullet24.pro\/de\/wp-json\/wp\/v2\/media?parent=7856"}],"wp:term":[{"taxonomy":"product_brand","embeddable":true,"href":"https:\/\/bullet24.pro\/de\/wp-json\/wp\/v2\/product_brand?post=7856"},{"taxonomy":"product_cat","embeddable":true,"href":"https:\/\/bullet24.pro\/de\/wp-json\/wp\/v2\/product_cat?post=7856"},{"taxonomy":"product_tag","embeddable":true,"href":"https:\/\/bullet24.pro\/de\/wp-json\/wp\/v2\/product_tag?post=7856"}],"curies":[{"name":"wp","href":"https:\/\/api.w.org\/{rel}","templated":true}]}}