{"id":7868,"date":"2023-02-17T13:10:35","date_gmt":"2023-02-17T13:10:35","guid":{"rendered":"https:\/\/bullet24.pro\/?post_type=product&#038;p=7868"},"modified":"2025-11-16T16:30:18","modified_gmt":"2025-11-16T16:30:18","slug":"victorinox-sentinel-one-hand","status":"publish","type":"product","link":"https:\/\/bullet24.pro\/de\/product\/victorinox-sentinel-one-hand\/","title":{"rendered":"VICTORINOX SENTINEL ONE HAND"},"content":{"rendered":"","protected":false},"excerpt":{"rendered":"<p>Leichtes gro\u00dfes Taschenmesser. Das Sentinel-Taschenmesser ist das Schweizer Taschenmesser f\u00fcr alle, die sich gerne auf das Wesentliche beschr\u00e4nken. Sie wissen, dass Sie in vielen F\u00e4llen nur ein einziges Messer ben\u00f6tigen. Und das Sentinel bietet eine robuste, unglaublich scharfe Klinge in einem sauber gestalteten, ultra-leichten Paket. Viel Spa\u00df! H\u00f6he 12 mm, L\u00e4nge 111 mm, Gewicht 73 g.<\/p>\n","protected":false},"featured_media":7866,"template":"","meta":[],"product_brand":[],"product_cat":[396,464,466],"product_tag":[],"class_list":{"0":"post-7868","1":"product","2":"type-product","3":"status-publish","4":"has-post-thumbnail","6":"product_cat-messer","7":"product_cat-klappmesser","8":"product_cat-einhaendige-oeffnung","10":"first","11":"instock","12":"shipping-taxable","13":"purchasable","14":"product-type-simple"},"_links":{"self":[{"href":"https:\/\/bullet24.pro\/de\/wp-json\/wp\/v2\/product\/7868","targetHints":{"allow":["GET"]}}],"collection":[{"href":"https:\/\/bullet24.pro\/de\/wp-json\/wp\/v2\/product"}],"about":[{"href":"https:\/\/bullet24.pro\/de\/wp-json\/wp\/v2\/types\/product"}],"wp:featuredmedia":[{"embeddable":true,"href":"https:\/\/bullet24.pro\/de\/wp-json\/wp\/v2\/media\/7866"}],"wp:attachment":[{"href":"https:\/\/bullet24.pro\/de\/wp-json\/wp\/v2\/media?parent=7868"}],"wp:term":[{"taxonomy":"product_brand","embeddable":true,"href":"https:\/\/bullet24.pro\/de\/wp-json\/wp\/v2\/product_brand?post=7868"},{"taxonomy":"product_cat","embeddable":true,"href":"https:\/\/bullet24.pro\/de\/wp-json\/wp\/v2\/product_cat?post=7868"},{"taxonomy":"product_tag","embeddable":true,"href":"https:\/\/bullet24.pro\/de\/wp-json\/wp\/v2\/product_tag?post=7868"}],"curies":[{"name":"wp","href":"https:\/\/api.w.org\/{rel}","templated":true}]}}