{"id":7874,"date":"2023-02-17T13:13:29","date_gmt":"2023-02-17T13:13:29","guid":{"rendered":"https:\/\/bullet24.pro\/?post_type=product&#038;p=7874"},"modified":"2023-05-08T09:39:56","modified_gmt":"2023-05-08T09:39:56","slug":"victorinox-pioneer-alox","status":"publish","type":"product","link":"https:\/\/bullet24.pro\/de\/product\/victorinox-pioneer-alox\/","title":{"rendered":"VICTORINOX PIONEER ALOX"},"content":{"rendered":"","protected":false},"excerpt":{"rendered":"<p>Mittleres Taschenmesser mit gerippter Klinge. Wenn Sie einen neuen Weg einschlagen wollen, m\u00fcssen Sie die richtigen Werkzeuge dabei haben. Und das Pioneer-Messer geh\u00f6rt in Ihre Tasche. Dieses schlanke Multitool, das vom klassischen Soldatenmesser inspiriert ist, vereint alle Funktionen zwischen zwei robusten Alox-Schalen. Es liegt gut in der Hand, und es f\u00fchlt sich noch besser an, wenn Sie wieder einmal Ihre Arbeit erledigt haben. H\u00f6he 12 mm, L\u00e4nge 93 mm, Gewicht 71 g.<\/p>\n","protected":false},"featured_media":7872,"template":"","meta":[],"product_brand":[],"product_cat":[525],"product_tag":[],"class_list":{"0":"post-7874","1":"product","2":"type-product","3":"status-publish","4":"has-post-thumbnail","6":"product_cat-werbeaktionen","8":"first","9":"instock","10":"sale","11":"shipping-taxable","12":"purchasable","13":"product-type-simple"},"_links":{"self":[{"href":"https:\/\/bullet24.pro\/de\/wp-json\/wp\/v2\/product\/7874","targetHints":{"allow":["GET"]}}],"collection":[{"href":"https:\/\/bullet24.pro\/de\/wp-json\/wp\/v2\/product"}],"about":[{"href":"https:\/\/bullet24.pro\/de\/wp-json\/wp\/v2\/types\/product"}],"wp:featuredmedia":[{"embeddable":true,"href":"https:\/\/bullet24.pro\/de\/wp-json\/wp\/v2\/media\/7872"}],"wp:attachment":[{"href":"https:\/\/bullet24.pro\/de\/wp-json\/wp\/v2\/media?parent=7874"}],"wp:term":[{"taxonomy":"product_brand","embeddable":true,"href":"https:\/\/bullet24.pro\/de\/wp-json\/wp\/v2\/product_brand?post=7874"},{"taxonomy":"product_cat","embeddable":true,"href":"https:\/\/bullet24.pro\/de\/wp-json\/wp\/v2\/product_cat?post=7874"},{"taxonomy":"product_tag","embeddable":true,"href":"https:\/\/bullet24.pro\/de\/wp-json\/wp\/v2\/product_tag?post=7874"}],"curies":[{"name":"wp","href":"https:\/\/api.w.org\/{rel}","templated":true}]}}