{"id":7880,"date":"2023-02-17T13:17:00","date_gmt":"2023-02-17T13:17:00","guid":{"rendered":"https:\/\/bullet24.pro\/?post_type=product&#038;p=7880"},"modified":"2023-05-08T09:36:44","modified_gmt":"2023-05-08T09:36:44","slug":"victorinox-evolution-s-14","status":"publish","type":"product","link":"https:\/\/bullet24.pro\/de\/product\/victorinox-evolution-s-14\/","title":{"rendered":"VICTORINOX EVOLUTION S 14"},"content":{"rendered":"","protected":false},"excerpt":{"rendered":"<p>Mittleres Taschenmesser mit Schere. Sich dem Wandel stellen, neue Horizonte erkunden, jeden Tag Fortschritte machen&#8230; Das ist es, was die Evolution-Kollektion ausmacht. Mit dem Modell Evolution S14 bieten wir Ihnen das perfekte Werkzeug f\u00fcr Ihre t\u00e4glichen Abenteuer. Es verf\u00fcgt \u00fcber alle Funktionen, die Sie brauchen, mit speziell geformten Schalen, die hervorragenden Halt und Stabilit\u00e4t bieten. Arbeiten Sie schneller und einfacher mit diesem kleinen St\u00fcck Evolution, das in Ihre Tasche passt. H\u00f6he 20 mm, L\u00e4nge 85 mm, Gewicht 76 g.<\/p>\n","protected":false},"featured_media":7878,"template":"","meta":[],"product_brand":[],"product_cat":[525],"product_tag":[],"class_list":{"0":"post-7880","1":"product","2":"type-product","3":"status-publish","4":"has-post-thumbnail","6":"product_cat-werbeaktionen","8":"first","9":"instock","10":"sale","11":"shipping-taxable","12":"purchasable","13":"product-type-simple"},"_links":{"self":[{"href":"https:\/\/bullet24.pro\/de\/wp-json\/wp\/v2\/product\/7880","targetHints":{"allow":["GET"]}}],"collection":[{"href":"https:\/\/bullet24.pro\/de\/wp-json\/wp\/v2\/product"}],"about":[{"href":"https:\/\/bullet24.pro\/de\/wp-json\/wp\/v2\/types\/product"}],"wp:featuredmedia":[{"embeddable":true,"href":"https:\/\/bullet24.pro\/de\/wp-json\/wp\/v2\/media\/7878"}],"wp:attachment":[{"href":"https:\/\/bullet24.pro\/de\/wp-json\/wp\/v2\/media?parent=7880"}],"wp:term":[{"taxonomy":"product_brand","embeddable":true,"href":"https:\/\/bullet24.pro\/de\/wp-json\/wp\/v2\/product_brand?post=7880"},{"taxonomy":"product_cat","embeddable":true,"href":"https:\/\/bullet24.pro\/de\/wp-json\/wp\/v2\/product_cat?post=7880"},{"taxonomy":"product_tag","embeddable":true,"href":"https:\/\/bullet24.pro\/de\/wp-json\/wp\/v2\/product_tag?post=7880"}],"curies":[{"name":"wp","href":"https:\/\/api.w.org\/{rel}","templated":true}]}}