{"id":7886,"date":"2023-02-17T13:21:05","date_gmt":"2023-02-17T13:21:05","guid":{"rendered":"https:\/\/bullet24.pro\/?post_type=product&#038;p=7886"},"modified":"2025-11-16T16:28:43","modified_gmt":"2025-11-16T16:28:43","slug":"victorinox-trailmaster-one-hand","status":"publish","type":"product","link":"https:\/\/bullet24.pro\/de\/product\/victorinox-trailmaster-one-hand\/","title":{"rendered":"VICTORINOX TRAILMASTER ONE HAND"},"content":{"rendered":"","protected":false},"excerpt":{"rendered":"<p>Gro\u00dfes Taschenmesser mit 12 Funktionen. Man wei\u00df nie, wann sich ein einfacher Morgenspaziergang in etwas viel Abenteuerlicheres verwandelt. Aber das ist kein Problem, wenn Sie das Trailmaster-Taschenmesser dabei haben. Zwischen seinen robusten Schalen finden Sie 12 Funktionen und alle Unterst\u00fctzung, die Sie drau\u00dfen brauchen, egal was Sie tun oder wohin Sie gehen. Ein Werkzeug, auf das Sie sich verlassen k\u00f6nnen. H\u00f6he 18 mm, L\u00e4nge 111 mm, Gewicht 130 g.<\/p>\n","protected":false},"featured_media":7884,"template":"","meta":[],"product_brand":[],"product_cat":[396,464,466],"product_tag":[],"class_list":{"0":"post-7886","1":"product","2":"type-product","3":"status-publish","4":"has-post-thumbnail","6":"product_cat-messer","7":"product_cat-klappmesser","8":"product_cat-einhaendige-oeffnung","10":"first","11":"instock","12":"shipping-taxable","13":"purchasable","14":"product-type-simple"},"_links":{"self":[{"href":"https:\/\/bullet24.pro\/de\/wp-json\/wp\/v2\/product\/7886","targetHints":{"allow":["GET"]}}],"collection":[{"href":"https:\/\/bullet24.pro\/de\/wp-json\/wp\/v2\/product"}],"about":[{"href":"https:\/\/bullet24.pro\/de\/wp-json\/wp\/v2\/types\/product"}],"wp:featuredmedia":[{"embeddable":true,"href":"https:\/\/bullet24.pro\/de\/wp-json\/wp\/v2\/media\/7884"}],"wp:attachment":[{"href":"https:\/\/bullet24.pro\/de\/wp-json\/wp\/v2\/media?parent=7886"}],"wp:term":[{"taxonomy":"product_brand","embeddable":true,"href":"https:\/\/bullet24.pro\/de\/wp-json\/wp\/v2\/product_brand?post=7886"},{"taxonomy":"product_cat","embeddable":true,"href":"https:\/\/bullet24.pro\/de\/wp-json\/wp\/v2\/product_cat?post=7886"},{"taxonomy":"product_tag","embeddable":true,"href":"https:\/\/bullet24.pro\/de\/wp-json\/wp\/v2\/product_tag?post=7886"}],"curies":[{"name":"wp","href":"https:\/\/api.w.org\/{rel}","templated":true}]}}