{"id":8227,"date":"2023-07-22T13:15:23","date_gmt":"2023-07-22T13:15:23","guid":{"rendered":"https:\/\/bullet24.pro\/?post_type=product&#038;p=8227"},"modified":"2023-07-24T11:29:10","modified_gmt":"2023-07-24T11:29:10","slug":"rusan-q-r-einteiliger-adapter-fuer-pulsar-krypton-proton-ohne-bildschirmpositionierung-3","status":"publish","type":"product","link":"https:\/\/bullet24.pro\/de\/product\/rusan-q-r-einteiliger-adapter-fuer-pulsar-krypton-proton-ohne-bildschirmpositionierung-3\/","title":{"rendered":"Rusan Q-R einteiliger Adapter f\u00fcr Pulsar Krypton &#038; Proton (ohne Bildschirmpositionierung) &#8211; 67 mm"},"content":{"rendered":"","protected":false},"excerpt":{"rendered":"<p>Rusan Q-R einteiliger Adapter f\u00fcr Pulsar Krypton &amp; Proton (ohne Bildschirmpositionierung) f\u00fcr Zielfernrohre mit <strong>67mm<\/strong> Objektivau\u00dfendurchmesser<br \/>\nSpeziell f\u00fcr Pulsar Krypton &amp; Proton hergestellt. Erfolgreich getestet am Kaliber 9,3 x 64<\/p>\n<p>F\u00fcr Gr\u00f6\u00dfen, die hier nicht verf\u00fcgbar sind, k\u00f6nnen Sie ARM52-xx kombinieren &#8230; Rusan Q-R Adapter f\u00fcr Ger\u00e4te mit Gewinde M52x0,75<br \/>\nmit Rusan Reduzierring f\u00fcr Pulsar Krypton &amp; Proton (ohne Scheibenpositionierung) (ab M52x0,75)<br \/>\nDas Foto ist ein Beispiel und entspricht m\u00f6glicherweise nicht der beschriebenen Gr\u00f6\u00dfe. Bitte \u00fcberpr\u00fcfen Sie, was genau Sie brauchen, bevor Sie bestellen.<\/p>\n","protected":false},"featured_media":8144,"template":"","meta":[],"product_brand":[],"product_cat":[592,394,435],"product_tag":[],"class_list":{"0":"post-8227","1":"product","2":"type-product","3":"status-publish","4":"has-post-thumbnail","6":"product_cat-zubehoer-fuer-waermebildtechnik","7":"product_cat-optik","8":"product_cat-waermebildtechnik","10":"first","11":"onbackorder","12":"shipping-taxable","13":"purchasable","14":"product-type-simple"},"_links":{"self":[{"href":"https:\/\/bullet24.pro\/de\/wp-json\/wp\/v2\/product\/8227","targetHints":{"allow":["GET"]}}],"collection":[{"href":"https:\/\/bullet24.pro\/de\/wp-json\/wp\/v2\/product"}],"about":[{"href":"https:\/\/bullet24.pro\/de\/wp-json\/wp\/v2\/types\/product"}],"wp:featuredmedia":[{"embeddable":true,"href":"https:\/\/bullet24.pro\/de\/wp-json\/wp\/v2\/media\/8144"}],"wp:attachment":[{"href":"https:\/\/bullet24.pro\/de\/wp-json\/wp\/v2\/media?parent=8227"}],"wp:term":[{"taxonomy":"product_brand","embeddable":true,"href":"https:\/\/bullet24.pro\/de\/wp-json\/wp\/v2\/product_brand?post=8227"},{"taxonomy":"product_cat","embeddable":true,"href":"https:\/\/bullet24.pro\/de\/wp-json\/wp\/v2\/product_cat?post=8227"},{"taxonomy":"product_tag","embeddable":true,"href":"https:\/\/bullet24.pro\/de\/wp-json\/wp\/v2\/product_tag?post=8227"}],"curies":[{"name":"wp","href":"https:\/\/api.w.org\/{rel}","templated":true}]}}