{"id":8270,"date":"2023-07-22T14:35:20","date_gmt":"2023-07-22T14:35:20","guid":{"rendered":"https:\/\/bullet24.pro\/?post_type=product&#038;p=8270"},"modified":"2024-10-06T13:57:10","modified_gmt":"2024-10-06T13:57:10","slug":"talion-xg35","status":"publish","type":"product","link":"https:\/\/bullet24.pro\/de\/product\/talion-xg35\/","title":{"rendered":"Pulsar Talion XG35"},"content":{"rendered":"","protected":false},"excerpt":{"rendered":"<p>&#8211; Sensor 640&#215;480 @ 12 \u00b5m (NETD &lt;40 mK)<\/p>\n<p>&#8211; Lange Betriebszeit mit einer Akkuladung<br \/>\n&#8211; Mehrpunkt-Prismenhalterung f\u00fcr pr\u00e4zise Positionierung am Gewehr<br \/>\n&#8211; Alle Bedienelemente im direkten Zugriff<br \/>\n&#8211; Schneller Batterieentnahmemechanismus<br \/>\n&#8211; Fokuseinstellung mit taktilem Markierungssatz f\u00fcr Nachtaufnahmen<br \/>\n&#8211; Empfindlicher als je zuvor<br \/>\n&#8211; 3 Stufen der Empfindlichkeitsverst\u00e4rkung<br \/>\n&#8211; Leichtes und robustes Geh\u00e4use aus Magnesiumlegierung<br \/>\n&#8211; Foto- und Videoaufzeichnung<br \/>\n&#8211; Wasserdichtes IPX7-Geh\u00e4use<br \/>\n&#8211; Hochkalibrige R\u00fccksto\u00dffestigkeit: Kaliber 12, 9,3&#215;64, .375H&amp;H<br \/>\n&#8211; Wi-Fi-Integration mit iOS- und Android-Ger\u00e4ten. Stream Vision 2-Anwendung<br \/>\n&#8211; 5 Schie\u00dfprofile \/ 50 Nullstellungsentfernungen<br \/>\n&#8211; Eine Auswahl von 10 Absehenformen in 9 Farbmodi<br \/>\n&#8211; Pr\u00e4zises Zielen im &#8222;Bild-im-Bild&#8220;-Modus<br \/>\n&#8211; Variable Farbpaletten<\/p>\n<p><strong>Die Produktverf\u00fcgbarkeit auf der Website dient nur zu Marketingzwecken und garantiert\/impliziert nicht, dass das Ger\u00e4t in Ihrem Land zur Verwendung\/Verkauf\/Bestellung\/f\u00fcr andere Zwecke verf\u00fcgbar ist. Diese Produkte erfordern eine spezielle Lizenz und k\u00f6nnten sogar aufgrund der lokalen Gesetzgebung verboten sein.<\/strong><\/p>\n","protected":false},"featured_media":8246,"template":"","meta":[],"product_brand":[],"product_cat":[394,435,439],"product_tag":[],"class_list":{"0":"post-8270","1":"product","2":"type-product","3":"status-publish","4":"has-post-thumbnail","6":"product_cat-optik","7":"product_cat-waermebildtechnik","8":"product_cat-waermebild-zielfernrohre","10":"first","11":"onbackorder","12":"shipping-taxable","13":"purchasable","14":"product-type-simple"},"_links":{"self":[{"href":"https:\/\/bullet24.pro\/de\/wp-json\/wp\/v2\/product\/8270","targetHints":{"allow":["GET"]}}],"collection":[{"href":"https:\/\/bullet24.pro\/de\/wp-json\/wp\/v2\/product"}],"about":[{"href":"https:\/\/bullet24.pro\/de\/wp-json\/wp\/v2\/types\/product"}],"wp:featuredmedia":[{"embeddable":true,"href":"https:\/\/bullet24.pro\/de\/wp-json\/wp\/v2\/media\/8246"}],"wp:attachment":[{"href":"https:\/\/bullet24.pro\/de\/wp-json\/wp\/v2\/media?parent=8270"}],"wp:term":[{"taxonomy":"product_brand","embeddable":true,"href":"https:\/\/bullet24.pro\/de\/wp-json\/wp\/v2\/product_brand?post=8270"},{"taxonomy":"product_cat","embeddable":true,"href":"https:\/\/bullet24.pro\/de\/wp-json\/wp\/v2\/product_cat?post=8270"},{"taxonomy":"product_tag","embeddable":true,"href":"https:\/\/bullet24.pro\/de\/wp-json\/wp\/v2\/product_tag?post=8270"}],"curies":[{"name":"wp","href":"https:\/\/api.w.org\/{rel}","templated":true}]}}