{"id":8318,"date":"2023-07-22T15:18:07","date_gmt":"2023-07-22T15:18:07","guid":{"rendered":"https:\/\/bullet24.pro\/?post_type=product&#038;p=8318"},"modified":"2024-10-06T14:09:24","modified_gmt":"2024-10-06T14:09:24","slug":"thermion-2-xp50-pro","status":"publish","type":"product","link":"https:\/\/bullet24.pro\/de\/product\/thermion-2-xp50-pro\/","title":{"rendered":"Pulsar Thermion 2 XP50 PRO"},"content":{"rendered":"","protected":false},"excerpt":{"rendered":"<p>&#8211; Sensor 640&#215;480 pix. @ 17 \u00b5m (NETD &lt;25 mK)<\/p>\n<p>&#8211; Klassisches Design. Montage auf Standard 30 mm Ringen<br \/>\n&#8211; Hochempfindlicher W\u00e4rmebildsensor<br \/>\n&#8211; Germanium-Optik mit schneller Blende f1.0<br \/>\n&#8211; Beispielloser Erfassungsbereich von bis zu 1.800 Metern<br \/>\n&#8211; Wi-Fi-Integration mit iOS- und Android-Ger\u00e4ten. Stream Vision 2-Anwendung<br \/>\n&#8211; R\u00fccksto\u00dffestigkeit von bis zu 6.000 Joule f\u00fcr einwandfreie Leistung bei gr\u00f6\u00dferen Kalibern bis zu .375 H&amp;H, Kaliber 12 und 9,3&#215;64<br \/>\n&#8211; Lange Akkulaufzeit. Bis zu 10 Stunden mit einer einzigen Ladung<br \/>\n&#8211; Variable Vergr\u00f6\u00dferung<br \/>\n&#8211; Verbesserte Wi-Fi-Konnektivit\u00e4t mit 2,4\/5-GHz-Wellenband-Unterst\u00fctzung<br \/>\n&#8211; Speichern von bis zu 5 Nullstellungsprofilen mit jeweils 10 Entfernungskoordinaten<br \/>\n&#8211; 16 GB interner Speicher f\u00fcr viele Stunden Videoaufnahmen und zehntausende von Fotos<br \/>\n&#8211; Hochpr\u00e4zises Anvisieren im &#8222;Bild-im-Bild&#8220;-Modus<br \/>\n&#8211; Eine Auswahl von 10 Absehenformen in 9 Farbmodi<br \/>\n&#8211; Eine Auswahl von 8 Farbpaletten<br \/>\n&#8211; 1024&#215;768 HD AMOLED-Display mit verbesserter Farbwiedergabe, Stromsparfunktion, kontrastreichem Bild und schneller Reaktionszeit<br \/>\n&#8211; Vollst\u00e4ndig wasserdicht nach IPX7<\/p>\n<p><strong>Die Produktverf\u00fcgbarkeit auf der Website dient nur zu Marketingzwecken und garantiert nicht, dass das Ger\u00e4t in Ihrem Land f\u00fcr den Gebrauch\/Verkauf\/Bestellung\/andere Zwecke verf\u00fcgbar ist. Diese Produkte erfordern eine spezielle Lizenz und k\u00f6nnten sogar aufgrund der lokalen Gesetzgebung verboten sein.<\/strong><\/p>\n","protected":false},"featured_media":8298,"template":"","meta":[],"product_brand":[],"product_cat":[394,435,439],"product_tag":[],"class_list":{"0":"post-8318","1":"product","2":"type-product","3":"status-publish","4":"has-post-thumbnail","6":"product_cat-optik","7":"product_cat-waermebildtechnik","8":"product_cat-waermebild-zielfernrohre","10":"first","11":"onbackorder","12":"shipping-taxable","13":"purchasable","14":"product-type-simple"},"_links":{"self":[{"href":"https:\/\/bullet24.pro\/de\/wp-json\/wp\/v2\/product\/8318","targetHints":{"allow":["GET"]}}],"collection":[{"href":"https:\/\/bullet24.pro\/de\/wp-json\/wp\/v2\/product"}],"about":[{"href":"https:\/\/bullet24.pro\/de\/wp-json\/wp\/v2\/types\/product"}],"wp:featuredmedia":[{"embeddable":true,"href":"https:\/\/bullet24.pro\/de\/wp-json\/wp\/v2\/media\/8298"}],"wp:attachment":[{"href":"https:\/\/bullet24.pro\/de\/wp-json\/wp\/v2\/media?parent=8318"}],"wp:term":[{"taxonomy":"product_brand","embeddable":true,"href":"https:\/\/bullet24.pro\/de\/wp-json\/wp\/v2\/product_brand?post=8318"},{"taxonomy":"product_cat","embeddable":true,"href":"https:\/\/bullet24.pro\/de\/wp-json\/wp\/v2\/product_cat?post=8318"},{"taxonomy":"product_tag","embeddable":true,"href":"https:\/\/bullet24.pro\/de\/wp-json\/wp\/v2\/product_tag?post=8318"}],"curies":[{"name":"wp","href":"https:\/\/api.w.org\/{rel}","templated":true}]}}