{"id":8665,"date":"2023-07-22T18:50:09","date_gmt":"2023-07-22T18:50:09","guid":{"rendered":"https:\/\/bullet24.pro\/?post_type=product&#038;p=8665"},"modified":"2025-01-24T10:08:19","modified_gmt":"2025-01-24T10:08:19","slug":"krypton-2-xg50","status":"publish","type":"product","link":"https:\/\/bullet24.pro\/de\/product\/krypton-2-xg50\/","title":{"rendered":"Pulsar Krypton 2 XG50"},"content":{"rendered":"","protected":false},"excerpt":{"rendered":"<p>W\u00c4RMEBILD-AUFR\u00dcSTUNG<\/p>\n<p>Der 640&#215;480 @ 12 \u00b5m VOx-Sensor, das HD-AMOLED-Display, die Hochleistungselektronik, das intelligente Design und die fortschrittliche Software machen das Krypton XG50 zu einem effizienten und vielseitigen W\u00e4rmebildger\u00e4t mit bester Bildqualit\u00e4t.<\/p>\n<p>&#8211; Hochempfindlicher 640&#215;480\/12 \u00b5m W\u00e4rmebildsensor<br \/>\n&#8211; Erfassungsbereich von mehr als 2000 m<br \/>\n&#8211; Hochaufl\u00f6sendes Bild<br \/>\n&#8211; Monokular Pulsar 3x30B<br \/>\n&#8211; Schlagfestes Geh\u00e4use aus Magnesiumlegierung<br \/>\n&#8211; Eingebauter Foto- und Videorekorder mit 16 GB Speicher<br \/>\n&#8211; HD-AMOLED-Anzeige<br \/>\n&#8211; Lange Akkulaufzeit<br \/>\n&#8211; Wi-Fi. Integration mit IOS- und Android-Ger\u00e4ten<br \/>\n&#8211; Software-Entwicklungsunterst\u00fctzung<br \/>\n&#8211; Wasserdicht gem\u00e4\u00df IPX7<br \/>\n&#8211; Breiter Betriebstemperaturbereich (-25 bis +50\u00b0C)<\/p>\n","protected":false},"featured_media":8654,"template":"","meta":[],"product_brand":[],"product_cat":[394,435,440],"product_tag":[],"class_list":{"0":"post-8665","1":"product","2":"type-product","3":"status-publish","4":"has-post-thumbnail","6":"product_cat-optik","7":"product_cat-waermebildtechnik","8":"product_cat-waermebild-monokulare","10":"first","11":"onbackorder","12":"shipping-taxable","13":"purchasable","14":"product-type-simple"},"_links":{"self":[{"href":"https:\/\/bullet24.pro\/de\/wp-json\/wp\/v2\/product\/8665","targetHints":{"allow":["GET"]}}],"collection":[{"href":"https:\/\/bullet24.pro\/de\/wp-json\/wp\/v2\/product"}],"about":[{"href":"https:\/\/bullet24.pro\/de\/wp-json\/wp\/v2\/types\/product"}],"wp:featuredmedia":[{"embeddable":true,"href":"https:\/\/bullet24.pro\/de\/wp-json\/wp\/v2\/media\/8654"}],"wp:attachment":[{"href":"https:\/\/bullet24.pro\/de\/wp-json\/wp\/v2\/media?parent=8665"}],"wp:term":[{"taxonomy":"product_brand","embeddable":true,"href":"https:\/\/bullet24.pro\/de\/wp-json\/wp\/v2\/product_brand?post=8665"},{"taxonomy":"product_cat","embeddable":true,"href":"https:\/\/bullet24.pro\/de\/wp-json\/wp\/v2\/product_cat?post=8665"},{"taxonomy":"product_tag","embeddable":true,"href":"https:\/\/bullet24.pro\/de\/wp-json\/wp\/v2\/product_tag?post=8665"}],"curies":[{"name":"wp","href":"https:\/\/api.w.org\/{rel}","templated":true}]}}