{"id":8707,"date":"2023-07-22T19:12:23","date_gmt":"2023-07-22T19:12:23","guid":{"rendered":"https:\/\/bullet24.pro\/?post_type=product&#038;p=8707"},"modified":"2024-10-06T14:40:47","modified_gmt":"2024-10-06T14:40:47","slug":"battery-pack-aps-3","status":"publish","type":"product","link":"https:\/\/bullet24.pro\/de\/product\/battery-pack-aps-3\/","title":{"rendered":"Pulsar Battery Pack APS 3"},"content":{"rendered":"","protected":false},"excerpt":{"rendered":"<p>Kapazit\u00e4t 3,2 A-h.<br \/>\nKompatibel mit W\u00e4rmebildmonokularen Axion XM, W\u00e4rmebildzielfernrohren Thermion, digitalen Nachtsichtzielfernrohren Digex, W\u00e4rmebildferngl\u00e4sern Merger LRF.<\/p>\n","protected":false},"featured_media":8702,"template":"","meta":[],"product_brand":[],"product_cat":[592,394,435],"product_tag":[],"class_list":{"0":"post-8707","1":"product","2":"type-product","3":"status-publish","4":"has-post-thumbnail","6":"product_cat-zubehoer-fuer-waermebildtechnik","7":"product_cat-optik","8":"product_cat-waermebildtechnik","10":"first","11":"onbackorder","12":"shipping-taxable","13":"purchasable","14":"product-type-simple"},"_links":{"self":[{"href":"https:\/\/bullet24.pro\/de\/wp-json\/wp\/v2\/product\/8707","targetHints":{"allow":["GET"]}}],"collection":[{"href":"https:\/\/bullet24.pro\/de\/wp-json\/wp\/v2\/product"}],"about":[{"href":"https:\/\/bullet24.pro\/de\/wp-json\/wp\/v2\/types\/product"}],"wp:featuredmedia":[{"embeddable":true,"href":"https:\/\/bullet24.pro\/de\/wp-json\/wp\/v2\/media\/8702"}],"wp:attachment":[{"href":"https:\/\/bullet24.pro\/de\/wp-json\/wp\/v2\/media?parent=8707"}],"wp:term":[{"taxonomy":"product_brand","embeddable":true,"href":"https:\/\/bullet24.pro\/de\/wp-json\/wp\/v2\/product_brand?post=8707"},{"taxonomy":"product_cat","embeddable":true,"href":"https:\/\/bullet24.pro\/de\/wp-json\/wp\/v2\/product_cat?post=8707"},{"taxonomy":"product_tag","embeddable":true,"href":"https:\/\/bullet24.pro\/de\/wp-json\/wp\/v2\/product_tag?post=8707"}],"curies":[{"name":"wp","href":"https:\/\/api.w.org\/{rel}","templated":true}]}}