{"id":8734,"date":"2023-07-22T19:30:07","date_gmt":"2023-07-22T19:30:07","guid":{"rendered":"https:\/\/bullet24.pro\/?post_type=product&#038;p=8734"},"modified":"2023-11-09T11:37:52","modified_gmt":"2023-11-09T11:37:52","slug":"aps-battery-charger-aps-23","status":"publish","type":"product","link":"https:\/\/bullet24.pro\/de\/product\/aps-battery-charger-aps-23\/","title":{"rendered":"APS Battery Charger (APS 2+3)"},"content":{"rendered":"","protected":false},"excerpt":{"rendered":"<p>ist zum Laden der Akkupacks APS 2 und APS 3 f\u00fcr die W\u00e4rmebild-Zielfernrohre Thermion, die digitalen Nachtsicht-Zielfernrohre Digex, die Infrarotscheinwerfer Digex-X und die W\u00e4rmebild-Monokulare Axion XM \/ Axion Key XM bestimmt.<\/p>\n","protected":false},"featured_media":8732,"template":"","meta":[],"product_brand":[],"product_cat":[592,394,435],"product_tag":[],"class_list":{"0":"post-8734","1":"product","2":"type-product","3":"status-publish","4":"has-post-thumbnail","6":"product_cat-zubehoer-fuer-waermebildtechnik","7":"product_cat-optik","8":"product_cat-waermebildtechnik","10":"first","11":"onbackorder","12":"shipping-taxable","13":"purchasable","14":"product-type-simple"},"_links":{"self":[{"href":"https:\/\/bullet24.pro\/de\/wp-json\/wp\/v2\/product\/8734","targetHints":{"allow":["GET"]}}],"collection":[{"href":"https:\/\/bullet24.pro\/de\/wp-json\/wp\/v2\/product"}],"about":[{"href":"https:\/\/bullet24.pro\/de\/wp-json\/wp\/v2\/types\/product"}],"wp:featuredmedia":[{"embeddable":true,"href":"https:\/\/bullet24.pro\/de\/wp-json\/wp\/v2\/media\/8732"}],"wp:attachment":[{"href":"https:\/\/bullet24.pro\/de\/wp-json\/wp\/v2\/media?parent=8734"}],"wp:term":[{"taxonomy":"product_brand","embeddable":true,"href":"https:\/\/bullet24.pro\/de\/wp-json\/wp\/v2\/product_brand?post=8734"},{"taxonomy":"product_cat","embeddable":true,"href":"https:\/\/bullet24.pro\/de\/wp-json\/wp\/v2\/product_cat?post=8734"},{"taxonomy":"product_tag","embeddable":true,"href":"https:\/\/bullet24.pro\/de\/wp-json\/wp\/v2\/product_tag?post=8734"}],"curies":[{"name":"wp","href":"https:\/\/api.w.org\/{rel}","templated":true}]}}