{"id":8743,"date":"2023-07-22T19:41:38","date_gmt":"2023-07-22T19:41:38","guid":{"rendered":"https:\/\/bullet24.pro\/?post_type=product&#038;p=8743"},"modified":"2024-10-06T14:32:22","modified_gmt":"2024-10-06T14:32:22","slug":"aps-5-battery-charger","status":"publish","type":"product","link":"https:\/\/bullet24.pro\/de\/product\/aps-5-battery-charger\/","title":{"rendered":"Pulsar APS 5 Battery Charger"},"content":{"rendered":"","protected":false},"excerpt":{"rendered":"<p>ist f\u00fcr das Laden der Akkupacks APS 5 f\u00fcr die W\u00e4rmebildmonokulare Axion XQ \/ Axion XQ LRF bestimmt.<\/p>\n","protected":false},"featured_media":8738,"template":"","meta":[],"product_brand":[],"product_cat":[592,394,435],"product_tag":[],"class_list":{"0":"post-8743","1":"product","2":"type-product","3":"status-publish","4":"has-post-thumbnail","6":"product_cat-zubehoer-fuer-waermebildtechnik","7":"product_cat-optik","8":"product_cat-waermebildtechnik","10":"first","11":"onbackorder","12":"shipping-taxable","13":"purchasable","14":"product-type-simple"},"_links":{"self":[{"href":"https:\/\/bullet24.pro\/de\/wp-json\/wp\/v2\/product\/8743","targetHints":{"allow":["GET"]}}],"collection":[{"href":"https:\/\/bullet24.pro\/de\/wp-json\/wp\/v2\/product"}],"about":[{"href":"https:\/\/bullet24.pro\/de\/wp-json\/wp\/v2\/types\/product"}],"wp:featuredmedia":[{"embeddable":true,"href":"https:\/\/bullet24.pro\/de\/wp-json\/wp\/v2\/media\/8738"}],"wp:attachment":[{"href":"https:\/\/bullet24.pro\/de\/wp-json\/wp\/v2\/media?parent=8743"}],"wp:term":[{"taxonomy":"product_brand","embeddable":true,"href":"https:\/\/bullet24.pro\/de\/wp-json\/wp\/v2\/product_brand?post=8743"},{"taxonomy":"product_cat","embeddable":true,"href":"https:\/\/bullet24.pro\/de\/wp-json\/wp\/v2\/product_cat?post=8743"},{"taxonomy":"product_tag","embeddable":true,"href":"https:\/\/bullet24.pro\/de\/wp-json\/wp\/v2\/product_tag?post=8743"}],"curies":[{"name":"wp","href":"https:\/\/api.w.org\/{rel}","templated":true}]}}