{"id":8824,"date":"2023-07-22T20:25:02","date_gmt":"2023-07-22T20:25:02","guid":{"rendered":"https:\/\/bullet24.pro\/?post_type=product&#038;p=8824"},"modified":"2024-10-06T14:45:47","modified_gmt":"2024-10-06T14:45:47","slug":"bt-wireless-remote-control","status":"publish","type":"product","link":"https:\/\/bullet24.pro\/de\/product\/bt-wireless-remote-control\/","title":{"rendered":"Pulsar BT Wireless Remote Control"},"content":{"rendered":"","protected":false},"excerpt":{"rendered":"<p>Mit der ergonomischen, kabellosen Fernbedienung mit Drehrad haben Sie alle Funktionen des Ger\u00e4ts zur Hand und k\u00f6nnen das Ger\u00e4t bequem und freih\u00e4ndig bedienen.<\/p>\n","protected":false},"featured_media":8807,"template":"","meta":[],"product_brand":[],"product_cat":[592,394,435],"product_tag":[],"class_list":{"0":"post-8824","1":"product","2":"type-product","3":"status-publish","4":"has-post-thumbnail","6":"product_cat-zubehoer-fuer-waermebildtechnik","7":"product_cat-optik","8":"product_cat-waermebildtechnik","10":"first","11":"onbackorder","12":"shipping-taxable","13":"purchasable","14":"product-type-simple"},"_links":{"self":[{"href":"https:\/\/bullet24.pro\/de\/wp-json\/wp\/v2\/product\/8824","targetHints":{"allow":["GET"]}}],"collection":[{"href":"https:\/\/bullet24.pro\/de\/wp-json\/wp\/v2\/product"}],"about":[{"href":"https:\/\/bullet24.pro\/de\/wp-json\/wp\/v2\/types\/product"}],"wp:featuredmedia":[{"embeddable":true,"href":"https:\/\/bullet24.pro\/de\/wp-json\/wp\/v2\/media\/8807"}],"wp:attachment":[{"href":"https:\/\/bullet24.pro\/de\/wp-json\/wp\/v2\/media?parent=8824"}],"wp:term":[{"taxonomy":"product_brand","embeddable":true,"href":"https:\/\/bullet24.pro\/de\/wp-json\/wp\/v2\/product_brand?post=8824"},{"taxonomy":"product_cat","embeddable":true,"href":"https:\/\/bullet24.pro\/de\/wp-json\/wp\/v2\/product_cat?post=8824"},{"taxonomy":"product_tag","embeddable":true,"href":"https:\/\/bullet24.pro\/de\/wp-json\/wp\/v2\/product_tag?post=8824"}],"curies":[{"name":"wp","href":"https:\/\/api.w.org\/{rel}","templated":true}]}}