{"id":8842,"date":"2023-07-22T20:39:49","date_gmt":"2023-07-22T20:39:49","guid":{"rendered":"https:\/\/bullet24.pro\/?post_type=product&#038;p=8842"},"modified":"2024-10-06T14:51:54","modified_gmt":"2024-10-06T14:51:54","slug":"tree-mount","status":"publish","type":"product","link":"https:\/\/bullet24.pro\/de\/product\/tree-mount\/","title":{"rendered":"Pulsar Tree Mount"},"content":{"rendered":"","protected":false},"excerpt":{"rendered":"<p>Der Pulsar Tree Mount ist f\u00fcr die Befestigung von Pulsar-Ger\u00e4ten, die mit einem 1\/4&#8243;-Stativanschluss ausgestattet sind, an vertikalen Elementen wie z.B. einem Baumstamm oder Ast, einem Pfeiler, einer S\u00e4ule usw. vorgesehen. Die Befestigung erfolgt mit Hilfe von verstellbaren Riemen oder mit Schrauben, die durch die L\u00f6cher in den Kunststoffteilen des Tree Mount in Holzteile einer Struktur geschraubt werden. Die Weaver-Schiene erm\u00f6glicht die Montage von Zusatzger\u00e4ten, wie z.B. der Pulsar PB8I Power Bank.<\/p>\n","protected":false},"featured_media":8837,"template":"","meta":[],"product_brand":[],"product_cat":[592,394,435],"product_tag":[],"class_list":{"0":"post-8842","1":"product","2":"type-product","3":"status-publish","4":"has-post-thumbnail","6":"product_cat-zubehoer-fuer-waermebildtechnik","7":"product_cat-optik","8":"product_cat-waermebildtechnik","10":"first","11":"onbackorder","12":"shipping-taxable","13":"purchasable","14":"product-type-simple"},"_links":{"self":[{"href":"https:\/\/bullet24.pro\/de\/wp-json\/wp\/v2\/product\/8842","targetHints":{"allow":["GET"]}}],"collection":[{"href":"https:\/\/bullet24.pro\/de\/wp-json\/wp\/v2\/product"}],"about":[{"href":"https:\/\/bullet24.pro\/de\/wp-json\/wp\/v2\/types\/product"}],"wp:featuredmedia":[{"embeddable":true,"href":"https:\/\/bullet24.pro\/de\/wp-json\/wp\/v2\/media\/8837"}],"wp:attachment":[{"href":"https:\/\/bullet24.pro\/de\/wp-json\/wp\/v2\/media?parent=8842"}],"wp:term":[{"taxonomy":"product_brand","embeddable":true,"href":"https:\/\/bullet24.pro\/de\/wp-json\/wp\/v2\/product_brand?post=8842"},{"taxonomy":"product_cat","embeddable":true,"href":"https:\/\/bullet24.pro\/de\/wp-json\/wp\/v2\/product_cat?post=8842"},{"taxonomy":"product_tag","embeddable":true,"href":"https:\/\/bullet24.pro\/de\/wp-json\/wp\/v2\/product_tag?post=8842"}],"curies":[{"name":"wp","href":"https:\/\/api.w.org\/{rel}","templated":true}]}}