{"id":8881,"date":"2023-07-22T21:01:10","date_gmt":"2023-07-22T21:01:10","guid":{"rendered":"https:\/\/bullet24.pro\/?post_type=product&#038;p=8881"},"modified":"2024-10-06T14:49:49","modified_gmt":"2024-10-06T14:49:49","slug":"neck-or-shoulder-straps","status":"publish","type":"product","link":"https:\/\/bullet24.pro\/de\/product\/neck-or-shoulder-straps\/","title":{"rendered":"Pulsar Neck Strap with Two \u00bc inch attachment points"},"content":{"rendered":"","protected":false},"excerpt":{"rendered":"<p>Sicherer Halt | Freih\u00e4ndig &#8211; Hohe Mobilit\u00e4t | Einstellbare Gurtl\u00e4nge | Nacken- oder Schultergurte<\/p>\n","protected":false},"featured_media":8879,"template":"","meta":[],"product_brand":[],"product_cat":[592,394,435],"product_tag":[],"class_list":{"0":"post-8881","1":"product","2":"type-product","3":"status-publish","4":"has-post-thumbnail","6":"product_cat-zubehoer-fuer-waermebildtechnik","7":"product_cat-optik","8":"product_cat-waermebildtechnik","10":"first","11":"onbackorder","12":"shipping-taxable","13":"purchasable","14":"product-type-simple"},"_links":{"self":[{"href":"https:\/\/bullet24.pro\/de\/wp-json\/wp\/v2\/product\/8881","targetHints":{"allow":["GET"]}}],"collection":[{"href":"https:\/\/bullet24.pro\/de\/wp-json\/wp\/v2\/product"}],"about":[{"href":"https:\/\/bullet24.pro\/de\/wp-json\/wp\/v2\/types\/product"}],"wp:featuredmedia":[{"embeddable":true,"href":"https:\/\/bullet24.pro\/de\/wp-json\/wp\/v2\/media\/8879"}],"wp:attachment":[{"href":"https:\/\/bullet24.pro\/de\/wp-json\/wp\/v2\/media?parent=8881"}],"wp:term":[{"taxonomy":"product_brand","embeddable":true,"href":"https:\/\/bullet24.pro\/de\/wp-json\/wp\/v2\/product_brand?post=8881"},{"taxonomy":"product_cat","embeddable":true,"href":"https:\/\/bullet24.pro\/de\/wp-json\/wp\/v2\/product_cat?post=8881"},{"taxonomy":"product_tag","embeddable":true,"href":"https:\/\/bullet24.pro\/de\/wp-json\/wp\/v2\/product_tag?post=8881"}],"curies":[{"name":"wp","href":"https:\/\/api.w.org\/{rel}","templated":true}]}}