{"id":8896,"date":"2023-07-22T21:06:21","date_gmt":"2023-07-22T21:06:21","guid":{"rendered":"https:\/\/bullet24.pro\/?post_type=product&#038;p=8896"},"modified":"2024-10-06T14:30:24","modified_gmt":"2024-10-06T14:30:24","slug":"3x20-b-monocular","status":"publish","type":"product","link":"https:\/\/bullet24.pro\/de\/product\/3x20-b-monocular\/","title":{"rendered":"Pulsar 3&#215;20 B monocular"},"content":{"rendered":"","protected":false},"excerpt":{"rendered":"<p>Das Pulsar 3&#215;20 B Monokular verwandelt die Krypton- und Proton-W\u00e4rmebild-Frontvors\u00e4tze mittels Bajonettverschluss in ein Beobachtungsger\u00e4t mit 3-facher Vergr\u00f6\u00dferung.<\/p>\n","protected":false},"featured_media":8885,"template":"","meta":[],"product_brand":[],"product_cat":[592,394,435],"product_tag":[],"class_list":{"0":"post-8896","1":"product","2":"type-product","3":"status-publish","4":"has-post-thumbnail","6":"product_cat-zubehoer-fuer-waermebildtechnik","7":"product_cat-optik","8":"product_cat-waermebildtechnik","10":"first","11":"onbackorder","12":"shipping-taxable","13":"purchasable","14":"product-type-simple"},"_links":{"self":[{"href":"https:\/\/bullet24.pro\/de\/wp-json\/wp\/v2\/product\/8896","targetHints":{"allow":["GET"]}}],"collection":[{"href":"https:\/\/bullet24.pro\/de\/wp-json\/wp\/v2\/product"}],"about":[{"href":"https:\/\/bullet24.pro\/de\/wp-json\/wp\/v2\/types\/product"}],"wp:featuredmedia":[{"embeddable":true,"href":"https:\/\/bullet24.pro\/de\/wp-json\/wp\/v2\/media\/8885"}],"wp:attachment":[{"href":"https:\/\/bullet24.pro\/de\/wp-json\/wp\/v2\/media?parent=8896"}],"wp:term":[{"taxonomy":"product_brand","embeddable":true,"href":"https:\/\/bullet24.pro\/de\/wp-json\/wp\/v2\/product_brand?post=8896"},{"taxonomy":"product_cat","embeddable":true,"href":"https:\/\/bullet24.pro\/de\/wp-json\/wp\/v2\/product_cat?post=8896"},{"taxonomy":"product_tag","embeddable":true,"href":"https:\/\/bullet24.pro\/de\/wp-json\/wp\/v2\/product_tag?post=8896"}],"curies":[{"name":"wp","href":"https:\/\/api.w.org\/{rel}","templated":true}]}}