{"id":8909,"date":"2023-07-23T09:38:30","date_gmt":"2023-07-23T09:38:30","guid":{"rendered":"https:\/\/bullet24.pro\/?post_type=product&#038;p=8909"},"modified":"2023-07-24T11:42:17","modified_gmt":"2023-07-24T11:42:17","slug":"rusan-adapter-fuer-pulsar-core-und-reduzierring-fuer-pulsar-monocular-okular-4","status":"publish","type":"product","link":"https:\/\/bullet24.pro\/de\/product\/rusan-adapter-fuer-pulsar-core-und-reduzierring-fuer-pulsar-monocular-okular-4\/","title":{"rendered":"RUSAN Adapter f\u00fcr Pulsar Core und Reduzierring f\u00fcr Pulsar Monocular (Okular) &#8211; 54 mm"},"content":{"rendered":"","protected":false},"excerpt":{"rendered":"<p>RUSAN Adapter f\u00fcr Pulsar Core und Reduzierring f\u00fcr Pulsar Monocular (Okular), f\u00fcr Zielfernrohre mit <strong>54mm<\/strong> Objektivau\u00dfendurchmesser.<\/p>\n<p>Das Foto ist ein Beispiel und entspricht m\u00f6glicherweise nicht der beschriebenen Gr\u00f6\u00dfe. Bitte \u00fcberpr\u00fcfen Sie, was genau Sie brauchen, bevor Sie bestellen.<\/p>\n","protected":false},"featured_media":8904,"template":"","meta":[],"product_brand":[],"product_cat":[592,394,435],"product_tag":[],"class_list":{"0":"post-8909","1":"product","2":"type-product","3":"status-publish","4":"has-post-thumbnail","6":"product_cat-zubehoer-fuer-waermebildtechnik","7":"product_cat-optik","8":"product_cat-waermebildtechnik","10":"first","11":"onbackorder","12":"shipping-taxable","13":"purchasable","14":"product-type-simple"},"_links":{"self":[{"href":"https:\/\/bullet24.pro\/de\/wp-json\/wp\/v2\/product\/8909","targetHints":{"allow":["GET"]}}],"collection":[{"href":"https:\/\/bullet24.pro\/de\/wp-json\/wp\/v2\/product"}],"about":[{"href":"https:\/\/bullet24.pro\/de\/wp-json\/wp\/v2\/types\/product"}],"wp:featuredmedia":[{"embeddable":true,"href":"https:\/\/bullet24.pro\/de\/wp-json\/wp\/v2\/media\/8904"}],"wp:attachment":[{"href":"https:\/\/bullet24.pro\/de\/wp-json\/wp\/v2\/media?parent=8909"}],"wp:term":[{"taxonomy":"product_brand","embeddable":true,"href":"https:\/\/bullet24.pro\/de\/wp-json\/wp\/v2\/product_brand?post=8909"},{"taxonomy":"product_cat","embeddable":true,"href":"https:\/\/bullet24.pro\/de\/wp-json\/wp\/v2\/product_cat?post=8909"},{"taxonomy":"product_tag","embeddable":true,"href":"https:\/\/bullet24.pro\/de\/wp-json\/wp\/v2\/product_tag?post=8909"}],"curies":[{"name":"wp","href":"https:\/\/api.w.org\/{rel}","templated":true}]}}