{"id":8975,"date":"2023-07-23T12:22:11","date_gmt":"2023-07-23T12:22:11","guid":{"rendered":"https:\/\/bullet24.pro\/?post_type=product&#038;p=8975"},"modified":"2023-07-24T12:10:14","modified_gmt":"2023-07-24T12:10:14","slug":"rusan-q-r-einteiliger-adapter-fuer-pulsar-f135-f155-fn455-9","status":"publish","type":"product","link":"https:\/\/bullet24.pro\/de\/product\/rusan-q-r-einteiliger-adapter-fuer-pulsar-f135-f155-fn455-9\/","title":{"rendered":"Rusan Q-R einteiliger Adapter f\u00fcr Pulsar F135 \/ F155 \/ FN455 &#8211; 59 mm"},"content":{"rendered":"","protected":false},"excerpt":{"rendered":"<p>Rusan Q-R einteiliger Adapter f\u00fcr Pulsar F135 \/ F155 \/ FN455 f\u00fcr Zielfernrohre mit <strong>59mm<\/strong> Objektivau\u00dfendurchmesser. Das Foto ist ein Beispiel und entspricht m\u00f6glicherweise nicht der beschriebenen Gr\u00f6\u00dfe. Bitte \u00fcberpr\u00fcfen Sie, was genau Sie brauchen, bevor Sie bestellen.<\/p>\n","protected":false},"featured_media":8948,"template":"","meta":[],"product_brand":[],"product_cat":[592,394,435],"product_tag":[],"class_list":{"0":"post-8975","1":"product","2":"type-product","3":"status-publish","4":"has-post-thumbnail","6":"product_cat-zubehoer-fuer-waermebildtechnik","7":"product_cat-optik","8":"product_cat-waermebildtechnik","10":"first","11":"onbackorder","12":"shipping-taxable","13":"purchasable","14":"product-type-simple"},"_links":{"self":[{"href":"https:\/\/bullet24.pro\/de\/wp-json\/wp\/v2\/product\/8975","targetHints":{"allow":["GET"]}}],"collection":[{"href":"https:\/\/bullet24.pro\/de\/wp-json\/wp\/v2\/product"}],"about":[{"href":"https:\/\/bullet24.pro\/de\/wp-json\/wp\/v2\/types\/product"}],"wp:featuredmedia":[{"embeddable":true,"href":"https:\/\/bullet24.pro\/de\/wp-json\/wp\/v2\/media\/8948"}],"wp:attachment":[{"href":"https:\/\/bullet24.pro\/de\/wp-json\/wp\/v2\/media?parent=8975"}],"wp:term":[{"taxonomy":"product_brand","embeddable":true,"href":"https:\/\/bullet24.pro\/de\/wp-json\/wp\/v2\/product_brand?post=8975"},{"taxonomy":"product_cat","embeddable":true,"href":"https:\/\/bullet24.pro\/de\/wp-json\/wp\/v2\/product_cat?post=8975"},{"taxonomy":"product_tag","embeddable":true,"href":"https:\/\/bullet24.pro\/de\/wp-json\/wp\/v2\/product_tag?post=8975"}],"curies":[{"name":"wp","href":"https:\/\/api.w.org\/{rel}","templated":true}]}}