{"id":9015,"date":"2023-07-23T13:36:16","date_gmt":"2023-07-23T13:36:16","guid":{"rendered":"https:\/\/bullet24.pro\/?post_type=product&#038;p=9015"},"modified":"2023-07-23T14:29:14","modified_gmt":"2023-07-23T14:29:14","slug":"rusan-q-r-adapter-fuer-geraete-mit-gewinde-m52x075-2","status":"publish","type":"product","link":"https:\/\/bullet24.pro\/de\/product\/rusan-q-r-adapter-fuer-geraete-mit-gewinde-m52x075-2\/","title":{"rendered":"Rusan Q-R Adapter f\u00fcr Ger\u00e4te mit Gewinde M52x0,75 &#8211; ZEISS CONQUEST V6 1.1-6&#215;24 with rail &#8211; 36.7mm"},"content":{"rendered":"","protected":false},"excerpt":{"rendered":"<p>Rusan Q-R Adapter f\u00fcr Ger\u00e4te mit Gewinde M52x0,75 f\u00fcr Zielfernrohre <strong>ZEISS CONQUEST V6 1,1-6&#215;24 mit Schiene &#8211; 36,7mm Objektivau\u00dfendurchmesser<\/strong> Das Foto ist ein Beispiel und entspricht m\u00f6glicherweise nicht der beschriebenen Gr\u00f6\u00dfe. Bitte \u00fcberpr\u00fcfen Sie, was genau Sie brauchen, bevor Sie bestellen.<\/p>\n","protected":false},"featured_media":9004,"template":"","meta":[],"product_brand":[],"product_cat":[592,394,435],"product_tag":[],"class_list":{"0":"post-9015","1":"product","2":"type-product","3":"status-publish","4":"has-post-thumbnail","6":"product_cat-zubehoer-fuer-waermebildtechnik","7":"product_cat-optik","8":"product_cat-waermebildtechnik","10":"first","11":"onbackorder","12":"shipping-taxable","13":"purchasable","14":"product-type-simple"},"_links":{"self":[{"href":"https:\/\/bullet24.pro\/de\/wp-json\/wp\/v2\/product\/9015","targetHints":{"allow":["GET"]}}],"collection":[{"href":"https:\/\/bullet24.pro\/de\/wp-json\/wp\/v2\/product"}],"about":[{"href":"https:\/\/bullet24.pro\/de\/wp-json\/wp\/v2\/types\/product"}],"wp:featuredmedia":[{"embeddable":true,"href":"https:\/\/bullet24.pro\/de\/wp-json\/wp\/v2\/media\/9004"}],"wp:attachment":[{"href":"https:\/\/bullet24.pro\/de\/wp-json\/wp\/v2\/media?parent=9015"}],"wp:term":[{"taxonomy":"product_brand","embeddable":true,"href":"https:\/\/bullet24.pro\/de\/wp-json\/wp\/v2\/product_brand?post=9015"},{"taxonomy":"product_cat","embeddable":true,"href":"https:\/\/bullet24.pro\/de\/wp-json\/wp\/v2\/product_cat?post=9015"},{"taxonomy":"product_tag","embeddable":true,"href":"https:\/\/bullet24.pro\/de\/wp-json\/wp\/v2\/product_tag?post=9015"}],"curies":[{"name":"wp","href":"https:\/\/api.w.org\/{rel}","templated":true}]}}